{"id":12416,"date":"2022-09-01T09:39:50","date_gmt":"2022-09-01T13:39:50","guid":{"rendered":"https:\/\/benetflorentine.agence-etco.dev\/?page_id=12416"},"modified":"2023-11-01T14:26:56","modified_gmt":"2023-11-01T18:26:56","slug":"franchise","status":"publish","type":"page","link":"https:\/\/benetflorentine.agence-etco.dev\/fr\/franchise\/","title":{"rendered":"Franchise"},"content":{"rendered":"<div class=\"gb-container gb-container-f7f28e34\"><div class=\"gb-inside-container\">\n<div class=\"gb-container gb-container-e348bbb2 staticPage-header-container staticPage-header-container-with-bg alignfull\"><div class=\"gb-inside-container\">\n\n<h1 class=\"wp-block-heading has-text-align-center has-orange-color has-text-color\">Devenez <strong>franchis\u00e9<\/strong><\/h1>\n\n<\/div><\/div>\n\n<div class=\"gb-container gb-container-23ada4c3\"><div class=\"gb-inside-container\">\n\n<h2 class=\"wp-block-heading has-text-align-center franchising_subtitle\">Une m\u00e9thodologie \u00e9prouv\u00e9e,<br>un support in\u00e9gal\u00e9,<br>une entreprise de qualit\u00e9<\/h2>\n\n\n\n<h3 class=\"wp-block-heading has-text-align-center has-orange-color has-text-color\"><strong>La r\u00e9ussite Ben &amp; Florentine, c&rsquo;est&#8230;<\/strong><\/h3>\n\n\n<div class=\"gb-grid-wrapper gb-grid-wrapper-641990dc grid-raisons\">\n<div class=\"gb-grid-column gb-grid-column-19bd5245\"><div class=\"gb-container gb-container-19bd5245 grid-restaurants\"><div class=\"gb-inside-container\">\n<div class=\"wp-block-image\">\n<figure class=\"aligncenter size-full\"><img decoding=\"async\" width=\"43\" height=\"60\" src=\"https:\/\/benetflorentine.agence-etco.dev\/wp-content\/uploads\/2020\/04\/ico_mappin-orange.png\" alt=\"Location\" class=\"wp-image-8130\" srcset=\"https:\/\/benetflorentine.agence-etco.dev\/wp-content\/uploads\/2020\/04\/ico_mappin-orange.png 43w, https:\/\/benetflorentine.agence-etco.dev\/wp-content\/uploads\/2020\/04\/ico_mappin-orange-17x24.png 17w, https:\/\/benetflorentine.agence-etco.dev\/wp-content\/uploads\/2020\/04\/ico_mappin-orange-26x36.png 26w, https:\/\/benetflorentine.agence-etco.dev\/wp-content\/uploads\/2020\/04\/ico_mappin-orange-34x48.png 34w\" sizes=\"(max-width: 43px) 100vw, 43px\" \/><\/figure>\n<\/div>\n\n<div class=\"gb-container gb-container-19d38631\"><div class=\"gb-inside-container\">\n\n<p class=\"has-text-align-center has-orange-color has-text-color\"><strong>64 restaurants<\/strong><\/p>\n\n\n\n<p class=\"has-text-align-center\">14 ans de croissance continue<\/p>\n\n<\/div><\/div>\n<\/div><\/div><\/div>\n\n<div class=\"gb-grid-column gb-grid-column-df693efd\"><div class=\"gb-container gb-container-df693efd grid-misedefonds\"><div class=\"gb-inside-container\">\n<div class=\"wp-block-image\">\n<figure class=\"aligncenter size-full\"><img decoding=\"async\" width=\"60\" height=\"60\" src=\"https:\/\/benetflorentine.agence-etco.dev\/wp-content\/uploads\/2020\/04\/ico_money-orange.png\" alt=\"Argent\" class=\"wp-image-8132\" srcset=\"https:\/\/benetflorentine.agence-etco.dev\/wp-content\/uploads\/2020\/04\/ico_money-orange.png 60w, https:\/\/benetflorentine.agence-etco.dev\/wp-content\/uploads\/2020\/04\/ico_money-orange-24x24.png 24w, https:\/\/benetflorentine.agence-etco.dev\/wp-content\/uploads\/2020\/04\/ico_money-orange-36x36.png 36w, https:\/\/benetflorentine.agence-etco.dev\/wp-content\/uploads\/2020\/04\/ico_money-orange-48x48.png 48w\" sizes=\"(max-width: 60px) 100vw, 60px\" \/><\/figure>\n<\/div>\n\n<div class=\"gb-container gb-container-15ffc7e0\"><div class=\"gb-inside-container\">\n\n<p class=\"has-text-align-center has-orange-color has-text-color\"><strong>225,000$ \u00e0 350,000$<\/strong><\/p>\n\n\n\n<p class=\"has-text-align-center reset\">Mise de fonds<\/p>\n\n\n\n<p class=\"gb-headline gb-headline-1bfd8c59 gb-headline-text\">(libre d&#8217;emprunt)<\/p>\n\n<\/div><\/div>\n<\/div><\/div><\/div>\n\n<div class=\"gb-grid-column gb-grid-column-3397cf2b\"><div class=\"gb-container gb-container-3397cf2b grid-fermeture\"><div class=\"gb-inside-container\">\n<div class=\"wp-block-image\">\n<figure class=\"aligncenter size-full is-resized\"><img decoding=\"async\" width=\"60\" height=\"60\" src=\"https:\/\/benetflorentine.agence-etco.dev\/wp-content\/uploads\/2020\/04\/ico_clock-orange.png\" alt=\"Temps\" class=\"wp-image-8134\" style=\"width:60px;height:60px\" srcset=\"https:\/\/benetflorentine.agence-etco.dev\/wp-content\/uploads\/2020\/04\/ico_clock-orange.png 60w, https:\/\/benetflorentine.agence-etco.dev\/wp-content\/uploads\/2020\/04\/ico_clock-orange-24x24.png 24w, https:\/\/benetflorentine.agence-etco.dev\/wp-content\/uploads\/2020\/04\/ico_clock-orange-36x36.png 36w, https:\/\/benetflorentine.agence-etco.dev\/wp-content\/uploads\/2020\/04\/ico_clock-orange-48x48.png 48w\" sizes=\"(max-width: 60px) 100vw, 60px\" \/><\/figure>\n<\/div>\n\n<div class=\"gb-container gb-container-9817025d\"><div class=\"gb-inside-container\">\n\n<p class=\"has-text-align-center has-orange-color has-text-color\"><strong>Fermeture \u00e0 15h<\/strong><\/p>\n\n\n\n<p class=\"has-text-align-center\">Horaires avantageux<\/p>\n\n<\/div><\/div>\n<\/div><\/div><\/div>\n<\/div>\n\n<div class=\"gb-grid-wrapper gb-grid-wrapper-daa865f9 grid-image-text image-left\">\n<div class=\"gb-grid-column gb-grid-column-eb8a2c6f\"><div class=\"gb-container gb-container-eb8a2c6f grid-image has-background-image\"><div class=\"gb-inside-container\"><\/div><\/div><\/div>\n\n<div class=\"gb-grid-column gb-grid-column-c0706707\"><div class=\"gb-container gb-container-c0706707 grid-text\"><div class=\"gb-inside-container\">\n\n<h3 class=\"gb-headline gb-headline-a4a0b344 gb-headline-text\">Pourquoi choisir <strong>Ben &amp; Florentine<\/strong><\/h3>\n\n\n\n<p class=\"gb-headline gb-headline-a473f007 gb-headline-text\">Nous nous engageons \u00e0 cr\u00e9er et \u00e0 offrir la meilleure exp\u00e9rience en mati\u00e8re de d\u00e9jeuners, brunchs et d\u00eener. Du d\u00e9jeuner copieux au brunch sant\u00e9, toutes nos assiettes r\u00e9pondent \u00e0 nos standards \u00e9lev\u00e9s en mati\u00e8re de qualit\u00e9 et de fra\u00eecheur.<\/p>\n\n\n\n<div class=\"wp-block-buttons is-layout-flex wp-block-buttons-is-layout-flex\">\n<div class=\"wp-block-button button-outline google_gtm_link is-style-outline is-style-outline--1\" id=\"cta1\"><a class=\"wp-block-button__link wp-element-button\" href=\"\/fr\/franchise\/pourquoi-devenir-franchise\/\">En savoir plus<\/a><\/div>\n<\/div>\n\n<\/div><\/div><\/div>\n<\/div>\n\n<div class=\"gb-grid-wrapper gb-grid-wrapper-c6c7e134 grid-image-text image-right\">\n<div class=\"gb-grid-column gb-grid-column-158a9d85\"><div class=\"gb-container gb-container-158a9d85 grid-text\"><div class=\"gb-inside-container\">\n\n<h3 class=\"gb-headline gb-headline-662c349d gb-headline-text\">Notre <strong>processus<\/strong><\/h3>\n\n\n\n<p class=\"gb-headline gb-headline-eeae9f1d gb-headline-text\">Le processus de franchisage comporte 8 \u00e9tapes faciles pour informer, \u00e9quiper et former nos franchis\u00e9s afin qu&rsquo;ils puissent g\u00e9rer une entreprise profitable.<\/p>\n\n\n\n<div class=\"wp-block-buttons is-layout-flex wp-block-buttons-is-layout-flex\">\n<div class=\"wp-block-button button-outline google_gtm_link\" id=\"cta2\"><a class=\"wp-block-button__link wp-element-button\" href=\"\/fr\/franchise\/notre-processus\/\">En savoir plus<\/a><\/div>\n<\/div>\n\n<\/div><\/div><\/div>\n\n<div class=\"gb-grid-column gb-grid-column-df360e60\"><div class=\"gb-container gb-container-df360e60 grid-image has-background-image\"><div class=\"gb-inside-container\"><\/div><\/div><\/div>\n<\/div>\n\n<div class=\"gb-grid-wrapper gb-grid-wrapper-e4f6062e grid-image-text image-left\">\n<div class=\"gb-grid-column gb-grid-column-907509a7\"><div class=\"gb-container gb-container-907509a7 grid-image has-background-image\"><div class=\"gb-inside-container\"><\/div><\/div><\/div>\n\n<div class=\"gb-grid-column gb-grid-column-d42507f9\"><div class=\"gb-container gb-container-d42507f9 grid-text\"><div class=\"gb-inside-container\">\n\n<h3 class=\"gb-headline gb-headline-7a67cd20 gb-headline-text\">Premier <strong>contact<\/strong><\/h3>\n\n\n\n<p class=\"gb-headline gb-headline-37ff4f84 gb-headline-text\"><span style=\"display: block; white-space: pre-line;\">Vous voulez en savoir plus sur notre processus de franchisage ? <\/span>&nbsp;Remplissez ce court formulaire et notre \u00e9quipe vous rappellera dans les plus brefs d\u00e9lais.<\/p>\n\n\n\n<div class=\"wp-block-buttons is-layout-flex wp-block-buttons-is-layout-flex\">\n<div class=\"wp-block-button button-outline google_gtm_link\" id=\"cta3\"><a class=\"wp-block-button__link wp-element-button\" href=\"\/fr\/franchise\/premier-contact\/\">Contactez-nous<\/a><\/div>\n<\/div>\n\n<\/div><\/div><\/div>\n<\/div>\n\n<div class=\"gb-container gb-container-41d97126 grid-temoignages alignfull\"><div class=\"gb-inside-container\">\n\n<h2 class=\"wp-block-heading has-text-align-center\">D\u00e9couvrez leurs t\u00e9moignages<\/h2>\n\n\n<div class=\"gb-container gb-container-0a8ce635\"><div class=\"gb-inside-container\">\n<div class=\"gb-grid-wrapper gb-grid-wrapper-82b31380\">\n<div class=\"gb-grid-column gb-grid-column-c1b49d43\"><div class=\"gb-container gb-container-c1b49d43\"><div class=\"gb-inside-container\">\n<div class=\"gb-container gb-container-a4235388 temoignages-image\"><div class=\"gb-inside-container\"><\/div><\/div>\n\n\n<p class=\"has-text-align-center\">\u00ab Selon moi on a une longueur d&rsquo;avance sur la comp\u00e9tition au niveau de la qualit\u00e9 des produits. \u00bb<\/p>\n\n\n\n<p class=\"has-text-align-center\">&#8211; David<\/p>\n\n<\/div><\/div><\/div>\n\n<div class=\"gb-grid-column gb-grid-column-9a0ff23f\"><div class=\"gb-container gb-container-9a0ff23f\"><div class=\"gb-inside-container\">\n<div class=\"gb-container gb-container-e4ab3937 temoignages-image\"><div class=\"gb-inside-container\"><\/div><\/div>\n\n\n<p class=\"has-text-align-center\">\u00ab L\u2019\u00e9quipe derri\u00e8re les franchis\u00e9s est solide. \u00c7a nous permet de se concentrer sur nos clients, sur notre \u00e9quipe. \u00bb<\/p>\n\n\n\n<p class=\"has-text-align-center\">&#8211; Benoit<\/p>\n\n<\/div><\/div><\/div>\n\n<div class=\"gb-grid-column gb-grid-column-8d2b93a4\"><div class=\"gb-container gb-container-8d2b93a4\"><div class=\"gb-inside-container\">\n<div class=\"gb-container gb-container-31fbbb20 temoignages-image\"><div class=\"gb-inside-container\"><\/div><\/div>\n\n\n<p class=\"has-text-align-center\">\u00ab Chaque fois qu&rsquo;on a besoin d&rsquo;un coup de main, ils sont l\u00e0 pour nous aider et nous accompagner. \u00bb<\/p>\n\n\n\n<p class=\"has-text-align-center\">&#8211; Sam<\/p>\n\n<\/div><\/div><\/div>\n\n<div class=\"gb-grid-column gb-grid-column-3eaa3301\"><div class=\"gb-container gb-container-3eaa3301\"><div class=\"gb-inside-container\">\n<div class=\"gb-container gb-container-0cc4bcd2 temoignages-image\"><div class=\"gb-inside-container\"><\/div><\/div>\n\n\n<p class=\"has-text-align-center\">\u00ab Ce que je trouve extraordinaire, c&rsquo;est de pouvoir mettre du soleil dans la journ\u00e9e des gens. \u00bb<\/p>\n\n\n\n<p class=\"has-text-align-center\">&#8211; Natacha<\/p>\n\n<\/div><\/div><\/div>\n<\/div>\n<\/div><\/div>\n<\/div><\/div>\n<\/div><\/div>\n<\/div><\/div>\n\n<div class=\"gb-container gb-container-30449016 more_info_container\"><div class=\"gb-inside-container\">\n<style>  .error {display: none;color: #f00;}  .div_email_brochure_etape2 {display: none;}<\/style><div class=\"div_email_brochure\"> <h2>Pour plus d'informations<\/h2> <div class=\"div_email_brochure_etape1\">   <p><strong>Veuillez inscrire votre adresse courriel pour t\u00e9l\u00e9charger notre brochure<\/strong><\/p>   <table style=\"max-width: 500px; margin: 0 auto;\">\n                          <tr>\n                            <td class=\"form_email_brochure_input_container\" valign=\"middle\" style=\"border: 0;\">       <form id=\"form_email_brochure\" action=\"#\" method=\"post\">       <input type=\"hidden\" name=\"brochure_lang\" id=\"brochure_lang\" value=\"fr\" \/>       <input type=\"email\" name=\"brochure_email\" id=\"brochure_email\" aria-label=\"email\" value=\"\" required=\"required\" \/>       <\/form>     <\/td>     <td class=\"form_email_brochure_submit_container\" valign=\"middle\" style=\"border: 0;\" width=\"50\">       <a rel=\"noopener noreferrer\" id=\"form_email_brochure_submit\" href=\"#\" class=\"button white is-outline is-small lowercase download_brochure download_brochure_footer\" style=\"margin: 0;\"><span>Envoyer<\/span><\/a>     <\/td>\n                          <\/tr>\n                          <\/table>   <div class=\"error form_email_brochure_champs_requis\">Veuillez entrer une adresse courriel valide.<\/div> <\/div> <div class=\"div_email_brochure_etape2\"><!-- wp:generateblocks\/container {\"uniqueId\":\"0920a8ed\",\"paddingTop\":\"40\",\"paddingBottom\":\"40\",\"isDynamic\":true,\"blockVersion\":2,\"className\":\"franchise_newsletter_success\"} -->\n<!-- wp:paragraph -->\n<p>Merci ! &nbsp;Vous pouv<strong>ez maintenant t\u00e9l\u00e9charger la brochure<\/strong><\/p>\n<!-- \/wp:paragraph -->\n\n<!-- wp:generateblocks\/button-container {\"uniqueId\":\"03ad3b50\",\"isDynamic\":true,\"blockVersion\":2} -->\n<!-- wp:generateblocks\/button {\"uniqueId\":\"2d467c45\",\"hasUrl\":true,\"target\":true,\"backgroundColor\":\"#0366d6\",\"backgroundColorHover\":\"#222222\",\"textColor\":\"#ffffff\",\"textColorHover\":\"#ffffff\",\"paddingTop\":\"15\",\"paddingRight\":\"20\",\"paddingBottom\":\"15\",\"paddingLeft\":\"20\",\"blockVersion\":2,\"className\":\"button-outline button white is-outline is-small lowercase download_brochure download_brochure_footer_fr\"} -->\n<a class=\"gb-button gb-button-2d467c45 gb-button-text button-outline button white is-outline is-small lowercase download_brochure download_brochure_footer_fr\" href=\"\/wp-content\/uploads\/2022\/09\/BF_NAT21-20_Brochure_franchisage_2021_QC_FR_v15.pdf\" target=\"_blank\" rel=\"noopener noreferrer\">T\u00e9l\u00e9chargez maintenant<\/a>\n<!-- \/wp:generateblocks\/button -->\n<!-- \/wp:generateblocks\/button-container -->\n<!-- \/wp:generateblocks\/container --> <\/div><\/div>\n\n<\/div><\/div>","protected":false},"excerpt":{"rendered":"<p>Devenez franchis\u00e9 Une m\u00e9thodologie \u00e9prouv\u00e9e,un support in\u00e9gal\u00e9,une entreprise de qualit\u00e9 La r\u00e9ussite Ben &amp; Florentine, c&rsquo;est&#8230; D\u00e9couvrez leurs t\u00e9moignages<\/p>\n","protected":false},"author":10,"featured_media":0,"parent":0,"menu_order":0,"comment_status":"closed","ping_status":"closed","template":"","meta":{"inline_featured_image":false,"footnotes":""},"categories":[],"tags":[],"class_list":["post-12416","page","type-page","status-publish"],"yoast_head":"<!-- This site is optimized with the Yoast SEO plugin v27.5 - https:\/\/yoast.com\/product\/yoast-seo-wordpress\/ -->\n<title>Tout savoir sur nos franchises | Ben &amp; Florentine<\/title>\n<meta name=\"description\" content=\"Vous avez la fibre entrepreneuriale et aimez le brunch autant que nous ? D\u00e9couvrez nos multiples opportunit\u00e9s de franchises.\" \/>\n<meta name=\"robots\" content=\"index, follow, max-snippet:-1, max-image-preview:large, max-video-preview:-1\" \/>\n<link rel=\"canonical\" href=\"https:\/\/benetflorentine.agence-etco.dev\/fr\/franchise\/\" \/>\n<meta property=\"og:locale\" content=\"fr_FR\" \/>\n<meta property=\"og:type\" content=\"article\" \/>\n<meta property=\"og:title\" content=\"Tout savoir sur nos franchises | Ben &amp; Florentine\" \/>\n<meta property=\"og:description\" content=\"Vous avez la fibre entrepreneuriale et aimez le brunch autant que nous ? D\u00e9couvrez nos multiples opportunit\u00e9s de franchises.\" \/>\n<meta property=\"og:url\" content=\"https:\/\/benetflorentine.agence-etco.dev\/fr\/franchise\/\" \/>\n<meta property=\"og:site_name\" content=\"Ben &amp; Florentine\" \/>\n<meta property=\"article:modified_time\" content=\"2023-11-01T18:26:56+00:00\" \/>\n<meta property=\"og:image\" content=\"https:\/\/benetflorentine.agence-etco.dev\/wp-content\/uploads\/2020\/04\/ico_mappin-orange.png\" \/>\n<meta name=\"twitter:card\" content=\"summary_large_image\" \/>\n<meta name=\"twitter:label1\" content=\"Est. reading time\" \/>\n\t<meta name=\"twitter:data1\" content=\"2 minutes\" \/>\n<script type=\"application\/ld+json\" class=\"yoast-schema-graph\">{\"@context\":\"https:\\\/\\\/schema.org\",\"@graph\":[{\"@type\":\"WebPage\",\"@id\":\"https:\\\/\\\/benetflorentine.agence-etco.dev\\\/fr\\\/franchise\\\/\",\"url\":\"https:\\\/\\\/benetflorentine.agence-etco.dev\\\/fr\\\/franchise\\\/\",\"name\":\"Tout savoir sur nos franchises | Ben &amp; Florentine\",\"isPartOf\":{\"@id\":\"https:\\\/\\\/benetflorentine.agence-etco.dev\\\/fr\\\/#website\"},\"primaryImageOfPage\":{\"@id\":\"https:\\\/\\\/benetflorentine.agence-etco.dev\\\/fr\\\/franchise\\\/#primaryimage\"},\"image\":{\"@id\":\"https:\\\/\\\/benetflorentine.agence-etco.dev\\\/fr\\\/franchise\\\/#primaryimage\"},\"thumbnailUrl\":\"https:\\\/\\\/benetflorentine.agence-etco.dev\\\/wp-content\\\/uploads\\\/2020\\\/04\\\/ico_mappin-orange.png\",\"datePublished\":\"2022-09-01T13:39:50+00:00\",\"dateModified\":\"2023-11-01T18:26:56+00:00\",\"description\":\"Vous avez la fibre entrepreneuriale et aimez le brunch autant que nous ? D\u00e9couvrez nos multiples opportunit\u00e9s de franchises.\",\"inLanguage\":\"fr-FR\",\"potentialAction\":[{\"@type\":\"ReadAction\",\"target\":[\"https:\\\/\\\/benetflorentine.agence-etco.dev\\\/fr\\\/franchise\\\/\"]}]},{\"@type\":\"ImageObject\",\"inLanguage\":\"fr-FR\",\"@id\":\"https:\\\/\\\/benetflorentine.agence-etco.dev\\\/fr\\\/franchise\\\/#primaryimage\",\"url\":\"https:\\\/\\\/benetflorentine.agence-etco.dev\\\/wp-content\\\/uploads\\\/2020\\\/04\\\/ico_mappin-orange.png\",\"contentUrl\":\"https:\\\/\\\/benetflorentine.agence-etco.dev\\\/wp-content\\\/uploads\\\/2020\\\/04\\\/ico_mappin-orange.png\"},{\"@type\":\"WebSite\",\"@id\":\"https:\\\/\\\/benetflorentine.agence-etco.dev\\\/fr\\\/#website\",\"url\":\"https:\\\/\\\/benetflorentine.agence-etco.dev\\\/fr\\\/\",\"name\":\"Ben &amp; Florentine\",\"description\":\"Brunch &amp; Breakfast\u200e\",\"publisher\":{\"@id\":\"https:\\\/\\\/benetflorentine.agence-etco.dev\\\/fr\\\/#organization\"},\"potentialAction\":[{\"@type\":\"SearchAction\",\"target\":{\"@type\":\"EntryPoint\",\"urlTemplate\":\"https:\\\/\\\/benetflorentine.agence-etco.dev\\\/fr\\\/?s={search_term_string}\"},\"query-input\":{\"@type\":\"PropertyValueSpecification\",\"valueRequired\":true,\"valueName\":\"search_term_string\"}}],\"inLanguage\":\"fr-FR\"},{\"@type\":\"Organization\",\"@id\":\"https:\\\/\\\/benetflorentine.agence-etco.dev\\\/fr\\\/#organization\",\"name\":\"Ben &amp; Florentine\",\"url\":\"https:\\\/\\\/benetflorentine.agence-etco.dev\\\/fr\\\/\",\"logo\":{\"@type\":\"ImageObject\",\"inLanguage\":\"fr-FR\",\"@id\":\"https:\\\/\\\/benetflorentine.agence-etco.dev\\\/fr\\\/#\\\/schema\\\/logo\\\/image\\\/\",\"url\":\"https:\\\/\\\/benetflorentine.agence-etco.dev\\\/wp-content\\\/uploads\\\/2020\\\/02\\\/cropped-benflorentine_logo.png\",\"contentUrl\":\"https:\\\/\\\/benetflorentine.agence-etco.dev\\\/wp-content\\\/uploads\\\/2020\\\/02\\\/cropped-benflorentine_logo.png\",\"width\":553,\"height\":206,\"caption\":\"Ben &amp; Florentine\"},\"image\":{\"@id\":\"https:\\\/\\\/benetflorentine.agence-etco.dev\\\/fr\\\/#\\\/schema\\\/logo\\\/image\\\/\"}}]}<\/script>\n<!-- \/ Yoast SEO plugin. -->","yoast_head_json":{"title":"Tout savoir sur nos franchises | Ben &amp; Florentine","description":"Vous avez la fibre entrepreneuriale et aimez le brunch autant que nous ? D\u00e9couvrez nos multiples opportunit\u00e9s de franchises.","robots":{"index":"index","follow":"follow","max-snippet":"max-snippet:-1","max-image-preview":"max-image-preview:large","max-video-preview":"max-video-preview:-1"},"canonical":"https:\/\/benetflorentine.agence-etco.dev\/fr\/franchise\/","og_locale":"fr_FR","og_type":"article","og_title":"Tout savoir sur nos franchises | Ben &amp; Florentine","og_description":"Vous avez la fibre entrepreneuriale et aimez le brunch autant que nous ? D\u00e9couvrez nos multiples opportunit\u00e9s de franchises.","og_url":"https:\/\/benetflorentine.agence-etco.dev\/fr\/franchise\/","og_site_name":"Ben &amp; Florentine","article_modified_time":"2023-11-01T18:26:56+00:00","og_image":[{"url":"https:\/\/benetflorentine.agence-etco.dev\/wp-content\/uploads\/2020\/04\/ico_mappin-orange.png","type":"","width":"","height":""}],"twitter_card":"summary_large_image","twitter_misc":{"Est. reading time":"2 minutes"},"schema":{"@context":"https:\/\/schema.org","@graph":[{"@type":"WebPage","@id":"https:\/\/benetflorentine.agence-etco.dev\/fr\/franchise\/","url":"https:\/\/benetflorentine.agence-etco.dev\/fr\/franchise\/","name":"Tout savoir sur nos franchises | Ben &amp; Florentine","isPartOf":{"@id":"https:\/\/benetflorentine.agence-etco.dev\/fr\/#website"},"primaryImageOfPage":{"@id":"https:\/\/benetflorentine.agence-etco.dev\/fr\/franchise\/#primaryimage"},"image":{"@id":"https:\/\/benetflorentine.agence-etco.dev\/fr\/franchise\/#primaryimage"},"thumbnailUrl":"https:\/\/benetflorentine.agence-etco.dev\/wp-content\/uploads\/2020\/04\/ico_mappin-orange.png","datePublished":"2022-09-01T13:39:50+00:00","dateModified":"2023-11-01T18:26:56+00:00","description":"Vous avez la fibre entrepreneuriale et aimez le brunch autant que nous ? D\u00e9couvrez nos multiples opportunit\u00e9s de franchises.","inLanguage":"fr-FR","potentialAction":[{"@type":"ReadAction","target":["https:\/\/benetflorentine.agence-etco.dev\/fr\/franchise\/"]}]},{"@type":"ImageObject","inLanguage":"fr-FR","@id":"https:\/\/benetflorentine.agence-etco.dev\/fr\/franchise\/#primaryimage","url":"https:\/\/benetflorentine.agence-etco.dev\/wp-content\/uploads\/2020\/04\/ico_mappin-orange.png","contentUrl":"https:\/\/benetflorentine.agence-etco.dev\/wp-content\/uploads\/2020\/04\/ico_mappin-orange.png"},{"@type":"WebSite","@id":"https:\/\/benetflorentine.agence-etco.dev\/fr\/#website","url":"https:\/\/benetflorentine.agence-etco.dev\/fr\/","name":"Ben &amp; Florentine","description":"Brunch &amp; Breakfast\u200e","publisher":{"@id":"https:\/\/benetflorentine.agence-etco.dev\/fr\/#organization"},"potentialAction":[{"@type":"SearchAction","target":{"@type":"EntryPoint","urlTemplate":"https:\/\/benetflorentine.agence-etco.dev\/fr\/?s={search_term_string}"},"query-input":{"@type":"PropertyValueSpecification","valueRequired":true,"valueName":"search_term_string"}}],"inLanguage":"fr-FR"},{"@type":"Organization","@id":"https:\/\/benetflorentine.agence-etco.dev\/fr\/#organization","name":"Ben &amp; Florentine","url":"https:\/\/benetflorentine.agence-etco.dev\/fr\/","logo":{"@type":"ImageObject","inLanguage":"fr-FR","@id":"https:\/\/benetflorentine.agence-etco.dev\/fr\/#\/schema\/logo\/image\/","url":"https:\/\/benetflorentine.agence-etco.dev\/wp-content\/uploads\/2020\/02\/cropped-benflorentine_logo.png","contentUrl":"https:\/\/benetflorentine.agence-etco.dev\/wp-content\/uploads\/2020\/02\/cropped-benflorentine_logo.png","width":553,"height":206,"caption":"Ben &amp; Florentine"},"image":{"@id":"https:\/\/benetflorentine.agence-etco.dev\/fr\/#\/schema\/logo\/image\/"}}]}},"_links":{"self":[{"href":"https:\/\/benetflorentine.agence-etco.dev\/fr\/wp-json\/wp\/v2\/pages\/12416","targetHints":{"allow":["GET"]}}],"collection":[{"href":"https:\/\/benetflorentine.agence-etco.dev\/fr\/wp-json\/wp\/v2\/pages"}],"about":[{"href":"https:\/\/benetflorentine.agence-etco.dev\/fr\/wp-json\/wp\/v2\/types\/page"}],"author":[{"embeddable":true,"href":"https:\/\/benetflorentine.agence-etco.dev\/fr\/wp-json\/wp\/v2\/users\/10"}],"replies":[{"embeddable":true,"href":"https:\/\/benetflorentine.agence-etco.dev\/fr\/wp-json\/wp\/v2\/comments?post=12416"}],"version-history":[{"count":96,"href":"https:\/\/benetflorentine.agence-etco.dev\/fr\/wp-json\/wp\/v2\/pages\/12416\/revisions"}],"predecessor-version":[{"id":16443,"href":"https:\/\/benetflorentine.agence-etco.dev\/fr\/wp-json\/wp\/v2\/pages\/12416\/revisions\/16443"}],"wp:attachment":[{"href":"https:\/\/benetflorentine.agence-etco.dev\/fr\/wp-json\/wp\/v2\/media?parent=12416"}],"wp:term":[{"taxonomy":"category","embeddable":true,"href":"https:\/\/benetflorentine.agence-etco.dev\/fr\/wp-json\/wp\/v2\/categories?post=12416"},{"taxonomy":"post_tag","embeddable":true,"href":"https:\/\/benetflorentine.agence-etco.dev\/fr\/wp-json\/wp\/v2\/tags?post=12416"}],"curies":[{"name":"wp","href":"https:\/\/api.w.org\/{rel}","templated":true}]}}