{"id":12596,"date":"2022-09-02T15:16:06","date_gmt":"2022-09-02T19:16:06","guid":{"rendered":"https:\/\/benetflorentine.agence-etco.dev\/?page_id=12596"},"modified":"2023-10-30T16:20:16","modified_gmt":"2023-10-30T20:20:16","slug":"pourquoi-devenir-franchise","status":"publish","type":"page","link":"https:\/\/benetflorentine.agence-etco.dev\/fr\/franchise\/pourquoi-devenir-franchise\/","title":{"rendered":"Pourquoi devenir franchis\u00e9"},"content":{"rendered":"<div class=\"gb-container gb-container-db0b3f66 staticPage-header-container staticPage-header-container-with-bg alignfull\"><div class=\"gb-inside-container\">\n\n<h1 class=\"gb-headline gb-headline-84c4c985 gb-headline-text\">Pourquoi devenir <strong>franchis\u00e9 ?<\/strong><\/h1>\n\n<\/div><\/div>\n\n\n<h2 class=\"wp-block-heading has-text-align-center\">Ici, nous r\u00e9inventons les go\u00fbts afin de <strong>vous surprendre \u00e0 chaque visite !<\/strong><\/h2>\n\n\n\n<p class=\"gb-headline gb-headline-46934d22 gb-headline-text franchise-top-text\">Notre \u00e9quipe de R&amp;D s\u2019affaire \u00e0 cr\u00e9er des d\u00e9jeuners et des brunchs de qualit\u00e9. L\u2019ambiance des restaurants Ben &amp; Florentine est amicale, id\u00e9ale pour un repas en famille, entre amis ou entre coll\u00e8gues. Nos franchis\u00e9s b\u00e9n\u00e9ficient d\u2019un concept cl\u00e9s en main repr\u00e9sentant une d\u00e9licieuse opportunit\u00e9 d\u2019affaires !<\/p>\n\n\n<div class=\"gb-grid-wrapper gb-grid-wrapper-72d78377 grid-image-text grid-franchise\">\n<div class=\"gb-grid-column gb-grid-column-e1ab1195\"><div class=\"gb-container gb-container-e1ab1195 grid-image has-background-image\"><div class=\"gb-inside-container\"><\/div><\/div><\/div>\n\n<div class=\"gb-grid-column gb-grid-column-ed4870d8\"><div class=\"gb-container gb-container-ed4870d8 grid-text\"><div class=\"gb-inside-container\">\n\n<h3 class=\"wp-block-heading has-text-align-center\">Les forces de <strong>Ben &amp; Florentine<\/strong><\/h3>\n\n\n\n<ul class=\"franchise-raisons-list wp-block-list\">\n<li>Concept excitant<\/li>\n\n\n\n<li>Investissement abordable<\/li>\n\n\n\n<li>Op\u00e9ration cl\u00e9 en main<\/li>\n\n\n\n<li>Syst\u00e8me de soutien continu<\/li>\n\n\n\n<li>Formation compl\u00e8te<\/li>\n\n\n\n<li>Regroupement d\u2019achats<\/li>\n\n\n\n<li>Heures d\u2019ouverture restreintes<\/li>\n\n\n\n<li>Une excellente qualit\u00e9 de vie<\/li>\n\n\n\n<li>Mise en march\u00e9 sup\u00e9rieure<\/li>\n\n\n\n<li>Grande vari\u00e9t\u00e9 d\u2019aliments<\/li>\n<\/ul>\n\n<\/div><\/div><\/div>\n<\/div>\n\n\n<p class=\"gb-headline gb-headline-e6c0f1fa gb-headline-text franchise-bottom-text\">Notre succ\u00e8s n\u2019est pas \u00e9tonnant, il est planifi\u00e9\u202f! Constamment \u00e0 l\u2019\u00e9coute de notre client\u00e8le, nous leur offrons une exp\u00e9rience culinaire surprenante qui surpasse leurs attentes \u00e9lev\u00e9es.<\/p>\n\n\n\n<h3 class=\"gb-headline gb-headline-b241537c gb-headline-text\"><strong>Contactez-nous pour plus d&rsquo;informations sur les franchises<\/strong><\/h3>\n\n\n\n<ul class=\"phoneNumbers-list wp-block-list\">\n<li><a href=\"tel: 514-336-8885\"><i class=\"fa-solid fa-phone\"><\/i>514.336.8885<\/a><\/li>\n\n\n\n<li><a href=\"tel: 1-855-336-8885\"><i class=\"fa-solid fa-phone\"><\/i>1.855.336.8885<\/a> (sans frais)<\/li>\n<\/ul>\n\n\n\n<h5 class=\"gb-headline gb-headline-b8b8ed8b gb-headline-text contactMethod\"><a href=\"mailto: info@benetflorentine.com\"><i class=\"fa-regular fa-envelope\"><\/i>info@benetflorentine.com<\/a><\/h5>\n\n\n\n<p><\/p>\n","protected":false},"excerpt":{"rendered":"<p>Pourquoi devenir franchis\u00e9 ? Ici, nous r\u00e9inventons les go\u00fbts afin de vous surprendre \u00e0 chaque visite ! Notre \u00e9quipe de R&amp;D s\u2019affaire \u00e0 cr\u00e9er des d\u00e9jeuners et des brunchs de qualit\u00e9. L\u2019ambiance des restaurants Ben &amp; Florentine est amicale, id\u00e9ale pour un repas en famille, entre amis ou entre coll\u00e8gues. Nos franchis\u00e9s b\u00e9n\u00e9ficient d\u2019un concept &#8230; <a title=\"Pourquoi devenir franchis\u00e9\" class=\"read-more\" href=\"https:\/\/benetflorentine.agence-etco.dev\/fr\/franchise\/pourquoi-devenir-franchise\/\" aria-label=\"Read more about Pourquoi devenir franchis\u00e9\">Read more<\/a><\/p>\n","protected":false},"author":10,"featured_media":0,"parent":12416,"menu_order":0,"comment_status":"closed","ping_status":"closed","template":"","meta":{"inline_featured_image":false,"footnotes":""},"categories":[],"tags":[],"class_list":["post-12596","page","type-page","status-publish"],"yoast_head":"<!-- This site is optimized with the Yoast SEO plugin v27.5 - https:\/\/yoast.com\/product\/yoast-seo-wordpress\/ -->\n<title>Pourquoi devenir franchis\u00e9 | Ben &amp; Florentine<\/title>\n<meta name=\"description\" content=\"Envie de devenir votre propre patron ? Ben &amp; Florentine a de nombreuses occasions de franchises. D\u00e9couvrez les raisons de travailler avec nous.\" \/>\n<meta name=\"robots\" content=\"index, follow, max-snippet:-1, max-image-preview:large, max-video-preview:-1\" \/>\n<link rel=\"canonical\" href=\"https:\/\/benetflorentine.agence-etco.dev\/fr\/franchise\/pourquoi-devenir-franchise\/\" \/>\n<meta property=\"og:locale\" content=\"fr_FR\" \/>\n<meta property=\"og:type\" content=\"article\" \/>\n<meta property=\"og:title\" content=\"Pourquoi devenir franchis\u00e9 | Ben &amp; Florentine\" \/>\n<meta property=\"og:description\" content=\"Envie de devenir votre propre patron ? Ben &amp; Florentine a de nombreuses occasions de franchises. D\u00e9couvrez les raisons de travailler avec nous.\" \/>\n<meta property=\"og:url\" content=\"https:\/\/benetflorentine.agence-etco.dev\/fr\/franchise\/pourquoi-devenir-franchise\/\" \/>\n<meta property=\"og:site_name\" content=\"Ben &amp; Florentine\" \/>\n<meta property=\"article:modified_time\" content=\"2023-10-30T20:20:16+00:00\" \/>\n<meta name=\"twitter:card\" content=\"summary_large_image\" \/>\n<meta name=\"twitter:label1\" content=\"Est. reading time\" \/>\n\t<meta name=\"twitter:data1\" content=\"1 minute\" \/>\n<script type=\"application\/ld+json\" class=\"yoast-schema-graph\">{\"@context\":\"https:\\\/\\\/schema.org\",\"@graph\":[{\"@type\":\"WebPage\",\"@id\":\"https:\\\/\\\/benetflorentine.agence-etco.dev\\\/fr\\\/franchise\\\/pourquoi-devenir-franchise\\\/\",\"url\":\"https:\\\/\\\/benetflorentine.agence-etco.dev\\\/fr\\\/franchise\\\/pourquoi-devenir-franchise\\\/\",\"name\":\"Pourquoi devenir franchis\u00e9 | Ben &amp; Florentine\",\"isPartOf\":{\"@id\":\"https:\\\/\\\/benetflorentine.agence-etco.dev\\\/fr\\\/#website\"},\"datePublished\":\"2022-09-02T19:16:06+00:00\",\"dateModified\":\"2023-10-30T20:20:16+00:00\",\"description\":\"Envie de devenir votre propre patron ? Ben & Florentine a de nombreuses occasions de franchises. D\u00e9couvrez les raisons de travailler avec nous.\",\"breadcrumb\":{\"@id\":\"https:\\\/\\\/benetflorentine.agence-etco.dev\\\/fr\\\/franchise\\\/pourquoi-devenir-franchise\\\/#breadcrumb\"},\"inLanguage\":\"fr-FR\",\"potentialAction\":[{\"@type\":\"ReadAction\",\"target\":[\"https:\\\/\\\/benetflorentine.agence-etco.dev\\\/fr\\\/franchise\\\/pourquoi-devenir-franchise\\\/\"]}]},{\"@type\":\"BreadcrumbList\",\"@id\":\"https:\\\/\\\/benetflorentine.agence-etco.dev\\\/fr\\\/franchise\\\/pourquoi-devenir-franchise\\\/#breadcrumb\",\"itemListElement\":[{\"@type\":\"ListItem\",\"position\":1,\"name\":\"Franchise\",\"item\":\"https:\\\/\\\/benetflorentine.agence-etco.dev\\\/fr\\\/franchise\\\/\"},{\"@type\":\"ListItem\",\"position\":2,\"name\":\"Pourquoi devenir franchis\u00e9\"}]},{\"@type\":\"WebSite\",\"@id\":\"https:\\\/\\\/benetflorentine.agence-etco.dev\\\/fr\\\/#website\",\"url\":\"https:\\\/\\\/benetflorentine.agence-etco.dev\\\/fr\\\/\",\"name\":\"Ben &amp; Florentine\",\"description\":\"Brunch &amp; Breakfast\u200e\",\"publisher\":{\"@id\":\"https:\\\/\\\/benetflorentine.agence-etco.dev\\\/fr\\\/#organization\"},\"potentialAction\":[{\"@type\":\"SearchAction\",\"target\":{\"@type\":\"EntryPoint\",\"urlTemplate\":\"https:\\\/\\\/benetflorentine.agence-etco.dev\\\/fr\\\/?s={search_term_string}\"},\"query-input\":{\"@type\":\"PropertyValueSpecification\",\"valueRequired\":true,\"valueName\":\"search_term_string\"}}],\"inLanguage\":\"fr-FR\"},{\"@type\":\"Organization\",\"@id\":\"https:\\\/\\\/benetflorentine.agence-etco.dev\\\/fr\\\/#organization\",\"name\":\"Ben &amp; Florentine\",\"url\":\"https:\\\/\\\/benetflorentine.agence-etco.dev\\\/fr\\\/\",\"logo\":{\"@type\":\"ImageObject\",\"inLanguage\":\"fr-FR\",\"@id\":\"https:\\\/\\\/benetflorentine.agence-etco.dev\\\/fr\\\/#\\\/schema\\\/logo\\\/image\\\/\",\"url\":\"https:\\\/\\\/benetflorentine.agence-etco.dev\\\/wp-content\\\/uploads\\\/2020\\\/02\\\/cropped-benflorentine_logo.png\",\"contentUrl\":\"https:\\\/\\\/benetflorentine.agence-etco.dev\\\/wp-content\\\/uploads\\\/2020\\\/02\\\/cropped-benflorentine_logo.png\",\"width\":553,\"height\":206,\"caption\":\"Ben &amp; Florentine\"},\"image\":{\"@id\":\"https:\\\/\\\/benetflorentine.agence-etco.dev\\\/fr\\\/#\\\/schema\\\/logo\\\/image\\\/\"}}]}<\/script>\n<!-- \/ Yoast SEO plugin. -->","yoast_head_json":{"title":"Pourquoi devenir franchis\u00e9 | Ben &amp; Florentine","description":"Envie de devenir votre propre patron ? Ben & Florentine a de nombreuses occasions de franchises. D\u00e9couvrez les raisons de travailler avec nous.","robots":{"index":"index","follow":"follow","max-snippet":"max-snippet:-1","max-image-preview":"max-image-preview:large","max-video-preview":"max-video-preview:-1"},"canonical":"https:\/\/benetflorentine.agence-etco.dev\/fr\/franchise\/pourquoi-devenir-franchise\/","og_locale":"fr_FR","og_type":"article","og_title":"Pourquoi devenir franchis\u00e9 | Ben &amp; Florentine","og_description":"Envie de devenir votre propre patron ? Ben & Florentine a de nombreuses occasions de franchises. D\u00e9couvrez les raisons de travailler avec nous.","og_url":"https:\/\/benetflorentine.agence-etco.dev\/fr\/franchise\/pourquoi-devenir-franchise\/","og_site_name":"Ben &amp; Florentine","article_modified_time":"2023-10-30T20:20:16+00:00","twitter_card":"summary_large_image","twitter_misc":{"Est. reading time":"1 minute"},"schema":{"@context":"https:\/\/schema.org","@graph":[{"@type":"WebPage","@id":"https:\/\/benetflorentine.agence-etco.dev\/fr\/franchise\/pourquoi-devenir-franchise\/","url":"https:\/\/benetflorentine.agence-etco.dev\/fr\/franchise\/pourquoi-devenir-franchise\/","name":"Pourquoi devenir franchis\u00e9 | Ben &amp; Florentine","isPartOf":{"@id":"https:\/\/benetflorentine.agence-etco.dev\/fr\/#website"},"datePublished":"2022-09-02T19:16:06+00:00","dateModified":"2023-10-30T20:20:16+00:00","description":"Envie de devenir votre propre patron ? Ben & Florentine a de nombreuses occasions de franchises. D\u00e9couvrez les raisons de travailler avec nous.","breadcrumb":{"@id":"https:\/\/benetflorentine.agence-etco.dev\/fr\/franchise\/pourquoi-devenir-franchise\/#breadcrumb"},"inLanguage":"fr-FR","potentialAction":[{"@type":"ReadAction","target":["https:\/\/benetflorentine.agence-etco.dev\/fr\/franchise\/pourquoi-devenir-franchise\/"]}]},{"@type":"BreadcrumbList","@id":"https:\/\/benetflorentine.agence-etco.dev\/fr\/franchise\/pourquoi-devenir-franchise\/#breadcrumb","itemListElement":[{"@type":"ListItem","position":1,"name":"Franchise","item":"https:\/\/benetflorentine.agence-etco.dev\/fr\/franchise\/"},{"@type":"ListItem","position":2,"name":"Pourquoi devenir franchis\u00e9"}]},{"@type":"WebSite","@id":"https:\/\/benetflorentine.agence-etco.dev\/fr\/#website","url":"https:\/\/benetflorentine.agence-etco.dev\/fr\/","name":"Ben &amp; Florentine","description":"Brunch &amp; Breakfast\u200e","publisher":{"@id":"https:\/\/benetflorentine.agence-etco.dev\/fr\/#organization"},"potentialAction":[{"@type":"SearchAction","target":{"@type":"EntryPoint","urlTemplate":"https:\/\/benetflorentine.agence-etco.dev\/fr\/?s={search_term_string}"},"query-input":{"@type":"PropertyValueSpecification","valueRequired":true,"valueName":"search_term_string"}}],"inLanguage":"fr-FR"},{"@type":"Organization","@id":"https:\/\/benetflorentine.agence-etco.dev\/fr\/#organization","name":"Ben &amp; Florentine","url":"https:\/\/benetflorentine.agence-etco.dev\/fr\/","logo":{"@type":"ImageObject","inLanguage":"fr-FR","@id":"https:\/\/benetflorentine.agence-etco.dev\/fr\/#\/schema\/logo\/image\/","url":"https:\/\/benetflorentine.agence-etco.dev\/wp-content\/uploads\/2020\/02\/cropped-benflorentine_logo.png","contentUrl":"https:\/\/benetflorentine.agence-etco.dev\/wp-content\/uploads\/2020\/02\/cropped-benflorentine_logo.png","width":553,"height":206,"caption":"Ben &amp; Florentine"},"image":{"@id":"https:\/\/benetflorentine.agence-etco.dev\/fr\/#\/schema\/logo\/image\/"}}]}},"_links":{"self":[{"href":"https:\/\/benetflorentine.agence-etco.dev\/fr\/wp-json\/wp\/v2\/pages\/12596","targetHints":{"allow":["GET"]}}],"collection":[{"href":"https:\/\/benetflorentine.agence-etco.dev\/fr\/wp-json\/wp\/v2\/pages"}],"about":[{"href":"https:\/\/benetflorentine.agence-etco.dev\/fr\/wp-json\/wp\/v2\/types\/page"}],"author":[{"embeddable":true,"href":"https:\/\/benetflorentine.agence-etco.dev\/fr\/wp-json\/wp\/v2\/users\/10"}],"replies":[{"embeddable":true,"href":"https:\/\/benetflorentine.agence-etco.dev\/fr\/wp-json\/wp\/v2\/comments?post=12596"}],"version-history":[{"count":41,"href":"https:\/\/benetflorentine.agence-etco.dev\/fr\/wp-json\/wp\/v2\/pages\/12596\/revisions"}],"predecessor-version":[{"id":16430,"href":"https:\/\/benetflorentine.agence-etco.dev\/fr\/wp-json\/wp\/v2\/pages\/12596\/revisions\/16430"}],"up":[{"embeddable":true,"href":"https:\/\/benetflorentine.agence-etco.dev\/fr\/wp-json\/wp\/v2\/pages\/12416"}],"wp:attachment":[{"href":"https:\/\/benetflorentine.agence-etco.dev\/fr\/wp-json\/wp\/v2\/media?parent=12596"}],"wp:term":[{"taxonomy":"category","embeddable":true,"href":"https:\/\/benetflorentine.agence-etco.dev\/fr\/wp-json\/wp\/v2\/categories?post=12596"},{"taxonomy":"post_tag","embeddable":true,"href":"https:\/\/benetflorentine.agence-etco.dev\/fr\/wp-json\/wp\/v2\/tags?post=12596"}],"curies":[{"name":"wp","href":"https:\/\/api.w.org\/{rel}","templated":true}]}}