{"id":12644,"date":"2022-09-02T21:05:37","date_gmt":"2022-09-03T01:05:37","guid":{"rendered":"https:\/\/benetflorentine.agence-etco.dev\/?page_id=12644"},"modified":"2023-11-01T16:34:56","modified_gmt":"2023-11-01T20:34:56","slug":"notre-processus","status":"publish","type":"page","link":"https:\/\/benetflorentine.agence-etco.dev\/fr\/franchise\/notre-processus\/","title":{"rendered":"Notre processus"},"content":{"rendered":"<div class=\"gb-container gb-container-2b0a8755 staticPage-header-container staticPage-header-container-with-bg alignfull\"><div class=\"gb-inside-container\">\n\n<h1 class=\"gb-headline gb-headline-23851a90 gb-headline-text\">Notre <strong>processus<\/strong><\/h1>\n\n<\/div><\/div>\n\n\n<h2 class=\"gb-headline gb-headline-9c7ecfd1 gb-headline-text\">En 8 \u00e9tapes<\/h2>\n\n\n\n<h2 class=\"gb-headline gb-headline-80f0fbc2 gb-headline-text\"><strong>Un accompagnement complet<\/strong><\/h2>\n\n\n\n<p class=\"gb-headline gb-headline-361fec42 gb-headline-text processus-top-text\">Faites partie d\u2019un groupe de gens d\u2019affaires ind\u00e9pendants qui s\u2019\u00e9panouit dans le cadre de notre syst\u00e8me de franchisage.<\/p>\n\n\n\n<p class=\"gb-headline gb-headline-05c1661a gb-headline-text\">Le processus Ben &amp; Florentine comporte 8 \u00e9tapes faciles. Nous vous accompagnons du d\u00e9but jusqu\u2019\u00e0 votre succ\u00e8s!<\/p>\n\n\n<div class=\"gb-container gb-container-18ba1aa0 processus-grid\"><div class=\"gb-inside-container\">\n<div class=\"gb-grid-wrapper gb-grid-wrapper-a35e7729 grid-image-text\">\n<div class=\"gb-grid-column gb-grid-column-f54a46c1\"><div class=\"gb-container gb-container-f54a46c1 grid-image has-background-image\"><div class=\"gb-inside-container\"><\/div><\/div><\/div>\n\n<div class=\"gb-grid-column gb-grid-column-7f8b1333\"><div class=\"gb-container gb-container-7f8b1333 grid-text\"><div class=\"gb-inside-container\">\n\n<ol class=\"wp-block-list\">\n<li>\u00c9change de renseignements<\/li>\n\n\n\n<li>Soumission de candidature et qualification<\/li>\n\n\n\n<li>Approbation de financement<\/li>\n\n\n\n<li>S\u00e9lection du site et n\u00e9gociation du bail<\/li>\n\n\n\n<li>\u00c9laboration des plans et devis<\/li>\n\n\n\n<li>Soumission, construction et commande d\u2019\u00e9quipement<\/li>\n\n\n\n<li>Ouverture de compte, mise en place du restaurant<\/li>\n\n\n\n<li>Formation et ouverture du restaurant<\/li>\n<\/ol>\n\n<\/div><\/div><\/div>\n<\/div>\n<\/div><\/div>\n\n<div class=\"gb-container gb-container-e22c87fd franchise-outils alignfull\"><div class=\"gb-inside-container\">\n\n<h2 class=\"gb-headline gb-headline-355169b7 gb-headline-text\">Nos outils n\u00e9cessaires au succ\u00e8s<\/h2>\n\n\n<div class=\"gb-grid-wrapper gb-grid-wrapper-77dc8380\">\n<div class=\"gb-grid-column gb-grid-column-09212f73\"><div class=\"gb-container gb-container-09212f73\"><div class=\"gb-inside-container\">\n\n<h5 class=\"wp-block-heading has-green-color has-text-color\">Soutien <strong>pr\u00e9-ouverture<\/strong><\/h5>\n\n\n\n<ul class=\"wp-block-list\">\n<li>Comit\u00e9 de s\u00e9lection des sites<\/li>\n\n\n\n<li>\u00c9quipe de conception d&rsquo;exp\u00e9rience<\/li>\n\n\n\n<li>Chef de projet interne<\/li>\n\n\n\n<li>Entrepreneurs g\u00e9n\u00e9raux qualifi\u00e9s.<\/li>\n\n\n\n<li>\u00c9quipe d&rsquo;ouverture d\u00e9di\u00e9e<\/li>\n<\/ul>\n\n<\/div><\/div><\/div>\n\n<div class=\"gb-grid-column gb-grid-column-3be296ed\"><div class=\"gb-container gb-container-3be296ed\"><div class=\"gb-inside-container\">\n\n<h5 class=\"gb-headline gb-headline-8f3b9ba7 gb-headline-text\"><strong>Marketing<\/strong><\/h5>\n\n\n\n<ul class=\"wp-block-list\">\n<li>Image de marque solide et positive<\/li>\n\n\n\n<li>Pr\u00e9sence nationale, locale et num\u00e9rique<\/li>\n\n\n\n<li>Partenariat avec des agences marketing de premier plan<\/li>\n\n\n\n<li>\u00c9quipe marketing d\u00e9di\u00e9e<\/li>\n<\/ul>\n\n<\/div><\/div><\/div>\n\n<div class=\"gb-grid-column gb-grid-column-0c8df6cd\"><div class=\"gb-container gb-container-0c8df6cd\"><div class=\"gb-inside-container\">\n\n<h5 class=\"gb-headline gb-headline-71205c23 gb-headline-text\"><strong>Soutien aux Op\u00e9rations<\/strong><\/h5>\n\n\n\n<ul class=\"wp-block-list\">\n<li>4 semaines de formation en magasin<\/li>\n\n\n\n<li>1 semaine de MTY University (MTYU) \u2013 En ligne<\/li>\n\n\n\n<li>Support structur\u00e9 aux op\u00e9rations continues<\/li>\n\n\n\n<li>Inspections par des tiers<\/li>\n\n\n\n<li>\u00c9quipe d\u00e9di\u00e9e aux op\u00e9rations<\/li>\n<\/ul>\n\n<\/div><\/div><\/div>\n\n<div class=\"gb-grid-column gb-grid-column-51858124\"><div class=\"gb-container gb-container-51858124\"><div class=\"gb-inside-container\">\n\n<h5 class=\"gb-headline gb-headline-f730b003 gb-headline-text\"><strong>Achats<\/strong><\/h5>\n\n\n\n<ul class=\"wp-block-list\">\n<li>Pouvoir d&rsquo;achat du groupe MTY<\/li>\n\n\n\n<li>Assistance \u00e0 l&rsquo;approvisionnement des produits<\/li>\n\n\n\n<li>Syst\u00e8me de distribution fiable<\/li>\n\n\n\n<li>Solide \u00e9quipe de support de la cha\u00eene d&rsquo;approvisionnement<\/li>\n<\/ul>\n\n<\/div><\/div><\/div>\n\n<div class=\"gb-grid-column gb-grid-column-cdea3788\"><div class=\"gb-container gb-container-cdea3788\"><div class=\"gb-inside-container\">\n\n<h5 class=\"wp-block-heading has-green-color has-text-color\"><strong>Outils <\/strong>de veille<strong> \u00e9conomique<\/strong><\/h5>\n\n\n\n<ul class=\"wp-block-list\">\n<li>Collecte de donn\u00e9es Power BI<\/li>\n\n\n\n<li>Abonnement aux donn\u00e9es industrielles (Technomics)<\/li>\n\n\n\n<li>Statistiques commerciales avanc\u00e9es\n<ul class=\"wp-block-list\">\n<li>Avis de localisation<\/li>\n\n\n\n<li>Benchmark des ventes et des menus<\/li>\n\n\n\n<li>Localisation et tendances du march\u00e9<\/li>\n\n\n\n<li>Analyse et support de rentabilit\u00e9<\/li>\n<\/ul>\n<\/li>\n<\/ul>\n\n<\/div><\/div><\/div>\n\n<div class=\"gb-grid-column gb-grid-column-be40e3ae\"><div class=\"gb-container gb-container-be40e3ae\"><div class=\"gb-inside-container\">\n\n<h5 class=\"wp-block-heading has-green-color has-text-color\">Opportunit\u00e9s <strong>disponibles<\/strong><\/h5>\n\n\n\n<ul class=\"wp-block-list\">\n<li>Contactez-nous pour obtenir plus d&rsquo;informations sur les opportunit\u00e9s en vigueur.<\/li>\n<\/ul>\n\n<\/div><\/div><\/div>\n<\/div>\n<\/div><\/div>\n\n\n<h3 class=\"gb-headline gb-headline-b241537c gb-headline-text\"><strong>Contactez-nous pour plus d&rsquo;informations sur les franchises<\/strong><\/h3>\n\n\n\n<ul class=\"phoneNumbers-list wp-block-list\">\n<li><a href=\"tel: 514-336-8885\"><i class=\"fa-solid fa-phone\"><\/i>514.336.8885<\/a><\/li>\n\n\n\n<li><a href=\"tel: 1-855-336-8885\"><i class=\"fa-solid fa-phone\"><\/i>1.855.336.8885<\/a> (sans frais)<\/li>\n<\/ul>\n\n\n\n<h5 class=\"gb-headline gb-headline-b8b8ed8b gb-headline-text contactMethod\"><a href=\"mailto: info@benetflorentine.com\"><i class=\"fa-regular fa-envelope\"><\/i>info@benetflorentine.com<\/a><\/h5>\n\n\n\n<p><\/p>\n","protected":false},"excerpt":{"rendered":"<p>Notre processus En 8 \u00e9tapes Un accompagnement complet Faites partie d\u2019un groupe de gens d\u2019affaires ind\u00e9pendants qui s\u2019\u00e9panouit dans le cadre de notre syst\u00e8me de franchisage. Le processus Ben &amp; Florentine comporte 8 \u00e9tapes faciles. Nous vous accompagnons du d\u00e9but jusqu\u2019\u00e0 votre succ\u00e8s! Nos outils n\u00e9cessaires au succ\u00e8s Contactez-nous pour plus d&rsquo;informations sur les franchises &#8230; <a title=\"Notre processus\" class=\"read-more\" href=\"https:\/\/benetflorentine.agence-etco.dev\/fr\/franchise\/notre-processus\/\" aria-label=\"Read more about Notre processus\">Read more<\/a><\/p>\n","protected":false},"author":10,"featured_media":0,"parent":12416,"menu_order":0,"comment_status":"closed","ping_status":"closed","template":"","meta":{"inline_featured_image":false,"footnotes":""},"categories":[],"tags":[],"class_list":["post-12644","page","type-page","status-publish"],"yoast_head":"<!-- This site is optimized with the Yoast SEO plugin v27.5 - https:\/\/yoast.com\/product\/yoast-seo-wordpress\/ -->\n<title>Franchise - Notre processus | Ben &amp; Florentine<\/title>\n<meta name=\"description\" content=\"Faites partie de nos franchis\u00e9s. Notre processus d&#039;accompagnement favorise le succ\u00e8s de ceux qui font partie de ce groupe privil\u00e9gi\u00e9.\" \/>\n<meta name=\"robots\" content=\"index, follow, max-snippet:-1, max-image-preview:large, max-video-preview:-1\" \/>\n<link rel=\"canonical\" href=\"https:\/\/benetflorentine.agence-etco.dev\/fr\/franchise\/notre-processus\/\" \/>\n<meta property=\"og:locale\" content=\"fr_FR\" \/>\n<meta property=\"og:type\" content=\"article\" \/>\n<meta property=\"og:title\" content=\"Franchise - Notre processus | Ben &amp; Florentine\" \/>\n<meta property=\"og:description\" content=\"Faites partie de nos franchis\u00e9s. Notre processus d&#039;accompagnement favorise le succ\u00e8s de ceux qui font partie de ce groupe privil\u00e9gi\u00e9.\" \/>\n<meta property=\"og:url\" content=\"https:\/\/benetflorentine.agence-etco.dev\/fr\/franchise\/notre-processus\/\" \/>\n<meta property=\"og:site_name\" content=\"Ben &amp; Florentine\" \/>\n<meta property=\"article:modified_time\" content=\"2023-11-01T20:34:56+00:00\" \/>\n<meta name=\"twitter:card\" content=\"summary_large_image\" \/>\n<meta name=\"twitter:label1\" content=\"Est. reading time\" \/>\n\t<meta name=\"twitter:data1\" content=\"2 minutes\" \/>\n<script type=\"application\/ld+json\" class=\"yoast-schema-graph\">{\"@context\":\"https:\\\/\\\/schema.org\",\"@graph\":[{\"@type\":\"WebPage\",\"@id\":\"https:\\\/\\\/benetflorentine.agence-etco.dev\\\/fr\\\/franchise\\\/notre-processus\\\/\",\"url\":\"https:\\\/\\\/benetflorentine.agence-etco.dev\\\/fr\\\/franchise\\\/notre-processus\\\/\",\"name\":\"Franchise - Notre processus | Ben &amp; Florentine\",\"isPartOf\":{\"@id\":\"https:\\\/\\\/benetflorentine.agence-etco.dev\\\/fr\\\/#website\"},\"datePublished\":\"2022-09-03T01:05:37+00:00\",\"dateModified\":\"2023-11-01T20:34:56+00:00\",\"description\":\"Faites partie de nos franchis\u00e9s. Notre processus d'accompagnement favorise le succ\u00e8s de ceux qui font partie de ce groupe privil\u00e9gi\u00e9.\",\"breadcrumb\":{\"@id\":\"https:\\\/\\\/benetflorentine.agence-etco.dev\\\/fr\\\/franchise\\\/notre-processus\\\/#breadcrumb\"},\"inLanguage\":\"fr-FR\",\"potentialAction\":[{\"@type\":\"ReadAction\",\"target\":[\"https:\\\/\\\/benetflorentine.agence-etco.dev\\\/fr\\\/franchise\\\/notre-processus\\\/\"]}]},{\"@type\":\"BreadcrumbList\",\"@id\":\"https:\\\/\\\/benetflorentine.agence-etco.dev\\\/fr\\\/franchise\\\/notre-processus\\\/#breadcrumb\",\"itemListElement\":[{\"@type\":\"ListItem\",\"position\":1,\"name\":\"Franchise\",\"item\":\"https:\\\/\\\/benetflorentine.agence-etco.dev\\\/fr\\\/franchise\\\/\"},{\"@type\":\"ListItem\",\"position\":2,\"name\":\"Notre processus\"}]},{\"@type\":\"WebSite\",\"@id\":\"https:\\\/\\\/benetflorentine.agence-etco.dev\\\/fr\\\/#website\",\"url\":\"https:\\\/\\\/benetflorentine.agence-etco.dev\\\/fr\\\/\",\"name\":\"Ben &amp; Florentine\",\"description\":\"Brunch &amp; Breakfast\u200e\",\"publisher\":{\"@id\":\"https:\\\/\\\/benetflorentine.agence-etco.dev\\\/fr\\\/#organization\"},\"potentialAction\":[{\"@type\":\"SearchAction\",\"target\":{\"@type\":\"EntryPoint\",\"urlTemplate\":\"https:\\\/\\\/benetflorentine.agence-etco.dev\\\/fr\\\/?s={search_term_string}\"},\"query-input\":{\"@type\":\"PropertyValueSpecification\",\"valueRequired\":true,\"valueName\":\"search_term_string\"}}],\"inLanguage\":\"fr-FR\"},{\"@type\":\"Organization\",\"@id\":\"https:\\\/\\\/benetflorentine.agence-etco.dev\\\/fr\\\/#organization\",\"name\":\"Ben &amp; Florentine\",\"url\":\"https:\\\/\\\/benetflorentine.agence-etco.dev\\\/fr\\\/\",\"logo\":{\"@type\":\"ImageObject\",\"inLanguage\":\"fr-FR\",\"@id\":\"https:\\\/\\\/benetflorentine.agence-etco.dev\\\/fr\\\/#\\\/schema\\\/logo\\\/image\\\/\",\"url\":\"https:\\\/\\\/benetflorentine.agence-etco.dev\\\/wp-content\\\/uploads\\\/2020\\\/02\\\/cropped-benflorentine_logo.png\",\"contentUrl\":\"https:\\\/\\\/benetflorentine.agence-etco.dev\\\/wp-content\\\/uploads\\\/2020\\\/02\\\/cropped-benflorentine_logo.png\",\"width\":553,\"height\":206,\"caption\":\"Ben &amp; Florentine\"},\"image\":{\"@id\":\"https:\\\/\\\/benetflorentine.agence-etco.dev\\\/fr\\\/#\\\/schema\\\/logo\\\/image\\\/\"}}]}<\/script>\n<!-- \/ Yoast SEO plugin. -->","yoast_head_json":{"title":"Franchise - Notre processus | Ben &amp; Florentine","description":"Faites partie de nos franchis\u00e9s. Notre processus d'accompagnement favorise le succ\u00e8s de ceux qui font partie de ce groupe privil\u00e9gi\u00e9.","robots":{"index":"index","follow":"follow","max-snippet":"max-snippet:-1","max-image-preview":"max-image-preview:large","max-video-preview":"max-video-preview:-1"},"canonical":"https:\/\/benetflorentine.agence-etco.dev\/fr\/franchise\/notre-processus\/","og_locale":"fr_FR","og_type":"article","og_title":"Franchise - Notre processus | Ben &amp; Florentine","og_description":"Faites partie de nos franchis\u00e9s. Notre processus d'accompagnement favorise le succ\u00e8s de ceux qui font partie de ce groupe privil\u00e9gi\u00e9.","og_url":"https:\/\/benetflorentine.agence-etco.dev\/fr\/franchise\/notre-processus\/","og_site_name":"Ben &amp; Florentine","article_modified_time":"2023-11-01T20:34:56+00:00","twitter_card":"summary_large_image","twitter_misc":{"Est. reading time":"2 minutes"},"schema":{"@context":"https:\/\/schema.org","@graph":[{"@type":"WebPage","@id":"https:\/\/benetflorentine.agence-etco.dev\/fr\/franchise\/notre-processus\/","url":"https:\/\/benetflorentine.agence-etco.dev\/fr\/franchise\/notre-processus\/","name":"Franchise - Notre processus | Ben &amp; Florentine","isPartOf":{"@id":"https:\/\/benetflorentine.agence-etco.dev\/fr\/#website"},"datePublished":"2022-09-03T01:05:37+00:00","dateModified":"2023-11-01T20:34:56+00:00","description":"Faites partie de nos franchis\u00e9s. Notre processus d'accompagnement favorise le succ\u00e8s de ceux qui font partie de ce groupe privil\u00e9gi\u00e9.","breadcrumb":{"@id":"https:\/\/benetflorentine.agence-etco.dev\/fr\/franchise\/notre-processus\/#breadcrumb"},"inLanguage":"fr-FR","potentialAction":[{"@type":"ReadAction","target":["https:\/\/benetflorentine.agence-etco.dev\/fr\/franchise\/notre-processus\/"]}]},{"@type":"BreadcrumbList","@id":"https:\/\/benetflorentine.agence-etco.dev\/fr\/franchise\/notre-processus\/#breadcrumb","itemListElement":[{"@type":"ListItem","position":1,"name":"Franchise","item":"https:\/\/benetflorentine.agence-etco.dev\/fr\/franchise\/"},{"@type":"ListItem","position":2,"name":"Notre processus"}]},{"@type":"WebSite","@id":"https:\/\/benetflorentine.agence-etco.dev\/fr\/#website","url":"https:\/\/benetflorentine.agence-etco.dev\/fr\/","name":"Ben &amp; Florentine","description":"Brunch &amp; Breakfast\u200e","publisher":{"@id":"https:\/\/benetflorentine.agence-etco.dev\/fr\/#organization"},"potentialAction":[{"@type":"SearchAction","target":{"@type":"EntryPoint","urlTemplate":"https:\/\/benetflorentine.agence-etco.dev\/fr\/?s={search_term_string}"},"query-input":{"@type":"PropertyValueSpecification","valueRequired":true,"valueName":"search_term_string"}}],"inLanguage":"fr-FR"},{"@type":"Organization","@id":"https:\/\/benetflorentine.agence-etco.dev\/fr\/#organization","name":"Ben &amp; Florentine","url":"https:\/\/benetflorentine.agence-etco.dev\/fr\/","logo":{"@type":"ImageObject","inLanguage":"fr-FR","@id":"https:\/\/benetflorentine.agence-etco.dev\/fr\/#\/schema\/logo\/image\/","url":"https:\/\/benetflorentine.agence-etco.dev\/wp-content\/uploads\/2020\/02\/cropped-benflorentine_logo.png","contentUrl":"https:\/\/benetflorentine.agence-etco.dev\/wp-content\/uploads\/2020\/02\/cropped-benflorentine_logo.png","width":553,"height":206,"caption":"Ben &amp; Florentine"},"image":{"@id":"https:\/\/benetflorentine.agence-etco.dev\/fr\/#\/schema\/logo\/image\/"}}]}},"_links":{"self":[{"href":"https:\/\/benetflorentine.agence-etco.dev\/fr\/wp-json\/wp\/v2\/pages\/12644","targetHints":{"allow":["GET"]}}],"collection":[{"href":"https:\/\/benetflorentine.agence-etco.dev\/fr\/wp-json\/wp\/v2\/pages"}],"about":[{"href":"https:\/\/benetflorentine.agence-etco.dev\/fr\/wp-json\/wp\/v2\/types\/page"}],"author":[{"embeddable":true,"href":"https:\/\/benetflorentine.agence-etco.dev\/fr\/wp-json\/wp\/v2\/users\/10"}],"replies":[{"embeddable":true,"href":"https:\/\/benetflorentine.agence-etco.dev\/fr\/wp-json\/wp\/v2\/comments?post=12644"}],"version-history":[{"count":26,"href":"https:\/\/benetflorentine.agence-etco.dev\/fr\/wp-json\/wp\/v2\/pages\/12644\/revisions"}],"predecessor-version":[{"id":16445,"href":"https:\/\/benetflorentine.agence-etco.dev\/fr\/wp-json\/wp\/v2\/pages\/12644\/revisions\/16445"}],"up":[{"embeddable":true,"href":"https:\/\/benetflorentine.agence-etco.dev\/fr\/wp-json\/wp\/v2\/pages\/12416"}],"wp:attachment":[{"href":"https:\/\/benetflorentine.agence-etco.dev\/fr\/wp-json\/wp\/v2\/media?parent=12644"}],"wp:term":[{"taxonomy":"category","embeddable":true,"href":"https:\/\/benetflorentine.agence-etco.dev\/fr\/wp-json\/wp\/v2\/categories?post=12644"},{"taxonomy":"post_tag","embeddable":true,"href":"https:\/\/benetflorentine.agence-etco.dev\/fr\/wp-json\/wp\/v2\/tags?post=12644"}],"curies":[{"name":"wp","href":"https:\/\/api.w.org\/{rel}","templated":true}]}}