{"id":12648,"date":"2022-09-02T21:13:09","date_gmt":"2022-09-03T01:13:09","guid":{"rendered":"https:\/\/benetflorentine.agence-etco.dev\/?page_id=12648"},"modified":"2022-12-13T15:16:08","modified_gmt":"2022-12-13T20:16:08","slug":"premier-contact","status":"publish","type":"page","link":"https:\/\/benetflorentine.agence-etco.dev\/fr\/franchise\/premier-contact\/","title":{"rendered":"Franchise &#8211; Premier contact"},"content":{"rendered":"<div class=\"gb-container gb-container-d4e4387c staticPage-header-container staticPage-header-container-with-bg alignfull\"><div class=\"gb-inside-container\">\n\n<h1 class=\"has-text-align-center wp-block-heading\">Premier <strong>contact&nbsp;<\/strong><\/h1>\n\n<\/div><\/div>\n\n<div class=\"gb-container gb-container-a8c3c1ac contact_info_container\"><div class=\"gb-inside-container\">\n<div class=\"gb-grid-wrapper gb-grid-wrapper-1214b05e contact_info_container\">\n<div class=\"gb-grid-column gb-grid-column-26116913\"><div class=\"gb-container gb-container-26116913\"><div class=\"gb-inside-container\">\n\n<h2 class=\"has-text-align-center wp-block-heading\">Devenez un joueur<\/h2>\n\n\n\n<h3 class=\"has-text-align-center wp-block-heading\"><strong><strong>dans une \u00e9quipe de professionnels<\/strong><\/strong><\/h3>\n\n\n\n<div style=\"height:20px\" aria-hidden=\"true\" class=\"wp-block-spacer\"><\/div>\n\n<\/div><\/div><\/div>\n\n<div class=\"gb-grid-column gb-grid-column-0fb1bd9f\"><div class=\"gb-container gb-container-0fb1bd9f\"><div class=\"gb-inside-container\">\n\n<h3 class=\"wp-block-heading\"><span style=\"color: #26361d; font-size: 27px;\" class=\"stk-highlight\">Par <br><strong style=\"color: #26361d;\">t\u00e9l\u00e9phone<\/strong><\/span><\/h3>\n\n\n<div class=\"gb-grid-wrapper gb-grid-wrapper-f6b8d605\">\n<div class=\"gb-grid-column gb-grid-column-1a17d966\"><div class=\"gb-container gb-container-1a17d966 contact_us_icons\"><div class=\"gb-inside-container\">\n\n<figure class=\"wp-block-image size-full is-resized\"><img decoding=\"async\" src=\"https:\/\/benetflorentine.agence-etco.dev\/wp-content\/uploads\/2020\/02\/ico_phone.png\" alt=\"T\u00e9l\u00e9phone\" class=\"wp-image-3550\" width=\"20\" height=\"21\"\/><\/figure>\n\n<\/div><\/div><\/div>\n\n<div class=\"gb-grid-column gb-grid-column-e2d7f598\"><div class=\"gb-container gb-container-e2d7f598 contact_us_icons_text\"><div class=\"gb-inside-container\">\n\n<p style=\"margin: 0;\"><a href=\"tel:5143368885\" style=\"color: #26361d; text-decoration: none; font-family: 'larish-neue-semibold', sans-serif; font-size: 0.7em;\">514.336.8885<\/a><\/p>\n\n<\/div><\/div><\/div>\n<\/div>\n\n<div class=\"gb-grid-wrapper gb-grid-wrapper-ac910809\">\n<div class=\"gb-grid-column gb-grid-column-8b0ab830\"><div class=\"gb-container gb-container-8b0ab830 contact_us_icons\"><div class=\"gb-inside-container\">\n\n<figure class=\"wp-block-image size-full is-resized\"><img decoding=\"async\" src=\"https:\/\/benetflorentine.agence-etco.dev\/wp-content\/uploads\/2020\/02\/ico_phone.png\" alt=\"T\u00e9l\u00e9phone\" class=\"wp-image-3550\" width=\"20\" height=\"21\"\/><\/figure>\n\n<\/div><\/div><\/div>\n\n<div class=\"gb-grid-column gb-grid-column-a5898d81\"><div class=\"gb-container gb-container-a5898d81 contact_us_icons_text\"><div class=\"gb-inside-container\">\n\n<p style=\"margin: 0;\"><a href=\"tel:18553368885\" style=\"color: #26361d; text-decoration: none; font-family: 'larish-neue-semibold', sans-serif; font-size: 0.7em;\">1.855.336.8885 (sans frais)<\/a><\/p>\n\n<\/div><\/div><\/div>\n<\/div>\n\n\n<h3 style=\"color: #26361d; margin-top: 40px;\">Par <strong style=\"color: #26361d;\">courriel<\/strong><\/h3>\n\n\n<div class=\"gb-grid-wrapper gb-grid-wrapper-5d9b532b\">\n<div class=\"gb-grid-column gb-grid-column-98a0b427\"><div class=\"gb-container gb-container-98a0b427 contact_us_icons\"><div class=\"gb-inside-container\">\n\n<figure class=\"wp-block-image size-full is-resized\"><img decoding=\"async\" src=\"https:\/\/benetflorentine.agence-etco.dev\/wp-content\/uploads\/2020\/02\/ico_email.png\" alt=\"Email\" class=\"wp-image-3546\" width=\"20\" height=\"12\"\/><\/figure>\n\n<\/div><\/div><\/div>\n\n<div class=\"gb-grid-column gb-grid-column-b526c3ef\"><div class=\"gb-container gb-container-b526c3ef contact_us_icons_text\"><div class=\"gb-inside-container\">\n\n<a href=\"mailto:info@benetflorentine.com\" style=\"color: #26361d; text-decoration: none; font-family: 'larish-neue-semibold', sans-serif; font-size: 0.7em;\">info@benetflorentine.com<\/a>\n\n<\/div><\/div><\/div>\n<\/div>\n<\/div><\/div><\/div>\n\n<div class=\"gb-grid-column gb-grid-column-b472f8e0\"><div class=\"gb-container gb-container-b472f8e0\"><div class=\"gb-inside-container\">\n\n<h3>En <strong style=\"color: #26361d !important;\">ligne<\/strong><\/h3>\n\n\n\n<div class=\"wp-block-contact-form-7-contact-form-selector contact_us_form\">\n<div class=\"wpcf7 no-js\" id=\"wpcf7-f6045-o1\" lang=\"en-US\" dir=\"ltr\" data-wpcf7-id=\"6045\">\n<div class=\"screen-reader-response\"><p role=\"status\" aria-live=\"polite\" aria-atomic=\"true\"><\/p> <ul><\/ul><\/div>\n<form action=\"\/fr\/wp-json\/wp\/v2\/pages\/12648#wpcf7-f6045-o1\" method=\"post\" class=\"wpcf7-form init\" aria-label=\"Contact form\" novalidate=\"novalidate\" data-status=\"init\">\n<fieldset class=\"hidden-fields-container\"><input type=\"hidden\" name=\"_wpcf7\" value=\"6045\" \/><input type=\"hidden\" name=\"_wpcf7_version\" value=\"6.1.5\" \/><input type=\"hidden\" name=\"_wpcf7_locale\" value=\"en_US\" \/><input type=\"hidden\" name=\"_wpcf7_unit_tag\" value=\"wpcf7-f6045-o1\" \/><input type=\"hidden\" name=\"_wpcf7_container_post\" value=\"0\" \/><input type=\"hidden\" name=\"_wpcf7_posted_data_hash\" value=\"\" \/><input type=\"hidden\" name=\"_wpcf7_recaptcha_response\" value=\"\" \/>\n<\/fieldset>\n<p><label>Nom *<\/label><br \/>\n<span class=\"wpcf7-form-control-wrap\" data-name=\"your-name\"><input size=\"40\" maxlength=\"100\" class=\"wpcf7-form-control wpcf7-text wpcf7-validates-as-required\" aria-required=\"true\" aria-invalid=\"false\" value=\"\" type=\"text\" name=\"your-name\" \/><\/span>\n<\/p>\n<p><label>Pr\u00e9nom *<\/label><br \/>\n<span class=\"wpcf7-form-control-wrap\" data-name=\"your-first-name\"><input size=\"40\" maxlength=\"100\" class=\"wpcf7-form-control wpcf7-text wpcf7-validates-as-required\" aria-required=\"true\" aria-invalid=\"false\" value=\"\" type=\"text\" name=\"your-first-name\" \/><\/span>\n<\/p>\n<p><label>T\u00e9l\u00e9phone<\/label><br \/>\n<span class=\"wpcf7-form-control-wrap\" data-name=\"tel\"><input size=\"40\" maxlength=\"20\" class=\"wpcf7-form-control wpcf7-tel wpcf7-validates-as-required wpcf7-text wpcf7-validates-as-tel\" aria-required=\"true\" aria-invalid=\"false\" value=\"\" type=\"tel\" name=\"tel\" \/><\/span>\n<\/p>\n<p><label>Courriel *<\/label><br \/>\n<span class=\"wpcf7-form-control-wrap\" data-name=\"your-email\"><input size=\"40\" maxlength=\"100\" class=\"wpcf7-form-control wpcf7-email wpcf7-validates-as-required wpcf7-text wpcf7-validates-as-email\" aria-required=\"true\" aria-invalid=\"false\" value=\"\" type=\"email\" name=\"your-email\" \/><\/span>\n<\/p>\n<p><label>Adresse *<\/label><br \/>\n<span class=\"wpcf7-form-control-wrap\" data-name=\"your-address\"><input size=\"40\" maxlength=\"100\" class=\"wpcf7-form-control wpcf7-text wpcf7-validates-as-required\" aria-required=\"true\" aria-invalid=\"false\" value=\"\" type=\"text\" name=\"your-address\" \/><\/span>\n<\/p>\n<p><label>Ville *<\/label><br \/>\n<span class=\"wpcf7-form-control-wrap\" data-name=\"your-city\"><input size=\"40\" maxlength=\"100\" class=\"wpcf7-form-control wpcf7-text wpcf7-validates-as-required\" aria-required=\"true\" aria-invalid=\"false\" value=\"\" type=\"text\" name=\"your-city\" \/><\/span>\n<\/p>\n<p><label>Code postal *<\/label><br \/>\n<span class=\"wpcf7-form-control-wrap\" data-name=\"your-postal-code\"><input size=\"40\" maxlength=\"100\" class=\"wpcf7-form-control wpcf7-text wpcf7-validates-as-required\" aria-required=\"true\" aria-invalid=\"false\" value=\"\" type=\"text\" name=\"your-postal-code\" \/><\/span>\n<\/p>\n<p><label>Pays *<\/label><br \/>\n<span class=\"wpcf7-form-control-wrap\" data-name=\"your-country\"><input size=\"40\" maxlength=\"100\" class=\"wpcf7-form-control wpcf7-text wpcf7-validates-as-required\" aria-required=\"true\" aria-invalid=\"false\" value=\"\" type=\"text\" name=\"your-country\" \/><\/span>\n<\/p>\n<p><label>Avez-vous d\u00e9j\u00e0 \u00e9t\u00e9 propri\u00e9taire d'entreprise ? *<\/label><br \/>\n<span class=\"wpcf7-form-control-wrap\" data-name=\"your-enterprise\"><span class=\"wpcf7-form-control wpcf7-radio\"><span class=\"wpcf7-list-item first\"><input type=\"radio\" name=\"your-enterprise\" value=\"oui\" checked=\"checked\" \/><span class=\"wpcf7-list-item-label\">oui<\/span><\/span><span class=\"wpcf7-list-item last\"><input type=\"radio\" name=\"your-enterprise\" value=\"non\" \/><span class=\"wpcf7-list-item-label\">non<\/span><\/span><\/span><\/span>\n<\/p>\n<p><label>Comment avez-vous entendu parler de nous ? *<\/label><br \/>\n<span class=\"wpcf7-form-control-wrap\" data-name=\"your-origin\"><select class=\"wpcf7-form-control wpcf7-select\" aria-invalid=\"false\" name=\"your-origin\"><option value=\"S\u00e9lectionner...\">S\u00e9lectionner...<\/option><option value=\"Visite au restaurant\">Visite au restaurant<\/option><option value=\"Site web\">Site web<\/option><option value=\"LinkedIn\">LinkedIn<\/option><option value=\"Facebook\">Facebook<\/option><option value=\"TV\">TV<\/option><option value=\"Radio\">Radio<\/option><option value=\"Salon commercial\">Salon commercial<\/option><option value=\"Connaissance\">Connaissance<\/option><option value=\"Journal\">Journal<\/option><option value=\"Autre\">Autre<\/option><\/select><\/span>\n<\/p>\n<p><label>De quel capital disposez-vous ? *<\/label><br \/>\n<span class=\"wpcf7-form-control-wrap\" data-name=\"your-capital\"><select class=\"wpcf7-form-control wpcf7-select\" aria-invalid=\"false\" name=\"your-capital\"><option value=\"S\u00e9lectionner...\">S\u00e9lectionner...<\/option><option value=\"175,000$ - 199,000$\">175,000$ - 199,000$<\/option><option value=\"200,000$ - 299,000$\">200,000$ - 299,000$<\/option><option value=\"300,000$ - 399,000$\">300,000$ - 399,000$<\/option><option value=\"400,000$ - 499,000$\">400,000$ - 499,000$<\/option><option value=\"500,000$ et plus\">500,000$ et plus<\/option><\/select><\/span>\n<\/p>\n<p><label>Votre \u00e9ch\u00e9ancier ?<\/label><br \/>\n<span class=\"wpcf7-form-control-wrap\" data-name=\"your-date\"><select class=\"wpcf7-form-control wpcf7-select\" aria-invalid=\"false\" name=\"your-date\"><option value=\"S\u00e9lectionner...\">S\u00e9lectionner...<\/option><option value=\"0-3 mois\">0-3 mois<\/option><option value=\"4-6 mois\">4-6 mois<\/option><option value=\"7-9 mois\">7-9 mois<\/option><option value=\"10-12 mois\">10-12 mois<\/option><\/select><\/span>\n<\/p>\n<div class=\"privacy-policy\">\n\t<p>En remplissant ce formulaire, vous acceptez que vos renseignements personnels soient partag\u00e9s avec Franchise MTY Inc. et\/ou ses soci\u00e9t\u00e9s affili\u00e9es et\/ou filiales (\u00ab MTY \u00bb) qui s'occupent du d\u00e9veloppement des franchises. Un repr\u00e9sentant de MTY peut vous contacter par t\u00e9l\u00e9phone et\/ou par courriel pour poursuivre le processus de candidature. Nous ne partagerons pas vos informations avec des tiers. Vous pouvez retirer votre int\u00e9r\u00eat \u00e0 tout moment en envoyant un courriel \u00e0 info@benetflorentine.com, auquel cas votre candidature ne sera plus prise en consid\u00e9ration.<br \/>\nVous avez le droit d'acc\u00e9der \u00e0 vos informations personnelles ou de corriger toute inexactitude, le cas \u00e9ch\u00e9ant.<br \/>\nAvant de soumettre ce formulaire, nous vous demandons de lire et d'accepter les termes de la politique de confidentialit\u00e9 de MTY, <a href='https:\/\/mtygroup.com\/politique-de-confidentialite\/' target=\"_blank\">ici<\/a>.\n\t<\/p>\n\t<div class=\"check-b\">\n\t\t<p><span class=\"wpcf7-form-control-wrap\" data-name=\"checkbox-620\"><span class=\"wpcf7-form-control wpcf7-checkbox wpcf7-validates-as-required\"><span class=\"wpcf7-list-item first last\"><input type=\"checkbox\" name=\"checkbox-620[]\" value=\"Oui, j&#039;ai lu et j\u2019accepte les termes de la politique de confidentialit\u00e9 de MTY et je consens \u00e0 partager mes renseignements personnels contenus dans ce formulaire avec les unit\u00e9s commerciales de MTY impliqu\u00e9es dans le d\u00e9veloppement de la franchise.\" \/><span class=\"wpcf7-list-item-label\">Oui, j&#039;ai lu et j\u2019accepte les termes de la politique de confidentialit\u00e9 de MTY et je consens \u00e0 partager mes renseignements personnels contenus dans ce formulaire avec les unit\u00e9s commerciales de MTY impliqu\u00e9es dans le d\u00e9veloppement de la franchise.<\/span><\/span><\/span><\/span>\n\t\t<\/p>\n\t<\/div>\n<\/div>\n\n<p><input class=\"wpcf7-form-control wpcf7-submit has-spinner button button_form_nous_joindre\" type=\"submit\" value=\"Soumettre\" \/>\n<\/p><div class=\"wpcf7-response-output\" aria-hidden=\"true\"><\/div>\n<\/form>\n<\/div>\n<\/div>\n\n\n\n<div class=\"wp-block-buttons is-layout-flex wp-block-buttons-is-layout-flex\"><\/div>\n\n<\/div><\/div><\/div>\n<\/div>\n<\/div><\/div>","protected":false},"excerpt":{"rendered":"<p>Premier contact&nbsp;<\/p>\n","protected":false},"author":10,"featured_media":0,"parent":12416,"menu_order":0,"comment_status":"closed","ping_status":"closed","template":"","meta":{"inline_featured_image":false,"footnotes":""},"class_list":["post-12648","page","type-page","status-publish"],"yoast_head":"<!-- This site is optimized with the Yoast SEO plugin v27.5 - https:\/\/yoast.com\/product\/yoast-seo-wordpress\/ -->\n<title>Franchise - Premier contact | Ben &amp; Florentine<\/title>\n<meta name=\"description\" content=\"Vous voulez voir l&#039;envers du d\u00e9cor ? Contactez-nous pour d\u00e9couvrir les opportunit\u00e9s de franchises dans notre \u00e9quipe.\" \/>\n<meta name=\"robots\" content=\"index, follow, max-snippet:-1, max-image-preview:large, max-video-preview:-1\" \/>\n<link rel=\"canonical\" href=\"https:\/\/benetflorentine.agence-etco.dev\/fr\/franchise\/premier-contact\/\" \/>\n<meta property=\"og:locale\" content=\"fr_FR\" \/>\n<meta property=\"og:type\" content=\"article\" \/>\n<meta property=\"og:title\" content=\"Franchise - Premier contact | Ben &amp; Florentine\" \/>\n<meta property=\"og:description\" content=\"Vous voulez voir l&#039;envers du d\u00e9cor ? Contactez-nous pour d\u00e9couvrir les opportunit\u00e9s de franchises dans notre \u00e9quipe.\" \/>\n<meta property=\"og:url\" content=\"https:\/\/benetflorentine.agence-etco.dev\/fr\/franchise\/premier-contact\/\" \/>\n<meta property=\"og:site_name\" content=\"Ben &amp; Florentine\" \/>\n<meta property=\"article:modified_time\" content=\"2022-12-13T20:16:08+00:00\" \/>\n<meta property=\"og:image\" content=\"https:\/\/benetflorentine.agence-etco.dev\/wp-content\/uploads\/2020\/02\/ico_phone.png\" \/>\n<meta name=\"twitter:card\" content=\"summary_large_image\" \/>\n<meta name=\"twitter:label1\" content=\"Est. reading time\" \/>\n\t<meta name=\"twitter:data1\" content=\"1 minute\" \/>\n<script type=\"application\/ld+json\" class=\"yoast-schema-graph\">{\"@context\":\"https:\\\/\\\/schema.org\",\"@graph\":[{\"@type\":\"WebPage\",\"@id\":\"https:\\\/\\\/benetflorentine.agence-etco.dev\\\/fr\\\/franchise\\\/premier-contact\\\/\",\"url\":\"https:\\\/\\\/benetflorentine.agence-etco.dev\\\/fr\\\/franchise\\\/premier-contact\\\/\",\"name\":\"Franchise - Premier contact | Ben &amp; Florentine\",\"isPartOf\":{\"@id\":\"https:\\\/\\\/benetflorentine.agence-etco.dev\\\/fr\\\/#website\"},\"primaryImageOfPage\":{\"@id\":\"https:\\\/\\\/benetflorentine.agence-etco.dev\\\/fr\\\/franchise\\\/premier-contact\\\/#primaryimage\"},\"image\":{\"@id\":\"https:\\\/\\\/benetflorentine.agence-etco.dev\\\/fr\\\/franchise\\\/premier-contact\\\/#primaryimage\"},\"thumbnailUrl\":\"https:\\\/\\\/benetflorentine.agence-etco.dev\\\/wp-content\\\/uploads\\\/2020\\\/02\\\/ico_phone.png\",\"datePublished\":\"2022-09-03T01:13:09+00:00\",\"dateModified\":\"2022-12-13T20:16:08+00:00\",\"description\":\"Vous voulez voir l'envers du d\u00e9cor ? Contactez-nous pour d\u00e9couvrir les opportunit\u00e9s de franchises dans notre \u00e9quipe.\",\"breadcrumb\":{\"@id\":\"https:\\\/\\\/benetflorentine.agence-etco.dev\\\/fr\\\/franchise\\\/premier-contact\\\/#breadcrumb\"},\"inLanguage\":\"fr-FR\",\"potentialAction\":[{\"@type\":\"ReadAction\",\"target\":[\"https:\\\/\\\/benetflorentine.agence-etco.dev\\\/fr\\\/franchise\\\/premier-contact\\\/\"]}]},{\"@type\":\"ImageObject\",\"inLanguage\":\"fr-FR\",\"@id\":\"https:\\\/\\\/benetflorentine.agence-etco.dev\\\/fr\\\/franchise\\\/premier-contact\\\/#primaryimage\",\"url\":\"https:\\\/\\\/benetflorentine.agence-etco.dev\\\/wp-content\\\/uploads\\\/2020\\\/02\\\/ico_phone.png\",\"contentUrl\":\"https:\\\/\\\/benetflorentine.agence-etco.dev\\\/wp-content\\\/uploads\\\/2020\\\/02\\\/ico_phone.png\"},{\"@type\":\"BreadcrumbList\",\"@id\":\"https:\\\/\\\/benetflorentine.agence-etco.dev\\\/fr\\\/franchise\\\/premier-contact\\\/#breadcrumb\",\"itemListElement\":[{\"@type\":\"ListItem\",\"position\":1,\"name\":\"Franchise\",\"item\":\"https:\\\/\\\/benetflorentine.agence-etco.dev\\\/fr\\\/franchise\\\/\"},{\"@type\":\"ListItem\",\"position\":2,\"name\":\"Franchise &#8211; Premier contact\"}]},{\"@type\":\"WebSite\",\"@id\":\"https:\\\/\\\/benetflorentine.agence-etco.dev\\\/fr\\\/#website\",\"url\":\"https:\\\/\\\/benetflorentine.agence-etco.dev\\\/fr\\\/\",\"name\":\"Ben &amp; Florentine\",\"description\":\"Brunch &amp; Breakfast\u200e\",\"publisher\":{\"@id\":\"https:\\\/\\\/benetflorentine.agence-etco.dev\\\/fr\\\/#organization\"},\"potentialAction\":[{\"@type\":\"SearchAction\",\"target\":{\"@type\":\"EntryPoint\",\"urlTemplate\":\"https:\\\/\\\/benetflorentine.agence-etco.dev\\\/fr\\\/?s={search_term_string}\"},\"query-input\":{\"@type\":\"PropertyValueSpecification\",\"valueRequired\":true,\"valueName\":\"search_term_string\"}}],\"inLanguage\":\"fr-FR\"},{\"@type\":\"Organization\",\"@id\":\"https:\\\/\\\/benetflorentine.agence-etco.dev\\\/fr\\\/#organization\",\"name\":\"Ben &amp; Florentine\",\"url\":\"https:\\\/\\\/benetflorentine.agence-etco.dev\\\/fr\\\/\",\"logo\":{\"@type\":\"ImageObject\",\"inLanguage\":\"fr-FR\",\"@id\":\"https:\\\/\\\/benetflorentine.agence-etco.dev\\\/fr\\\/#\\\/schema\\\/logo\\\/image\\\/\",\"url\":\"https:\\\/\\\/benetflorentine.agence-etco.dev\\\/wp-content\\\/uploads\\\/2020\\\/02\\\/cropped-benflorentine_logo.png\",\"contentUrl\":\"https:\\\/\\\/benetflorentine.agence-etco.dev\\\/wp-content\\\/uploads\\\/2020\\\/02\\\/cropped-benflorentine_logo.png\",\"width\":553,\"height\":206,\"caption\":\"Ben &amp; Florentine\"},\"image\":{\"@id\":\"https:\\\/\\\/benetflorentine.agence-etco.dev\\\/fr\\\/#\\\/schema\\\/logo\\\/image\\\/\"}}]}<\/script>\n<!-- \/ Yoast SEO plugin. -->","yoast_head_json":{"title":"Franchise - Premier contact | Ben &amp; Florentine","description":"Vous voulez voir l'envers du d\u00e9cor ? Contactez-nous pour d\u00e9couvrir les opportunit\u00e9s de franchises dans notre \u00e9quipe.","robots":{"index":"index","follow":"follow","max-snippet":"max-snippet:-1","max-image-preview":"max-image-preview:large","max-video-preview":"max-video-preview:-1"},"canonical":"https:\/\/benetflorentine.agence-etco.dev\/fr\/franchise\/premier-contact\/","og_locale":"fr_FR","og_type":"article","og_title":"Franchise - Premier contact | Ben &amp; Florentine","og_description":"Vous voulez voir l'envers du d\u00e9cor ? Contactez-nous pour d\u00e9couvrir les opportunit\u00e9s de franchises dans notre \u00e9quipe.","og_url":"https:\/\/benetflorentine.agence-etco.dev\/fr\/franchise\/premier-contact\/","og_site_name":"Ben &amp; Florentine","article_modified_time":"2022-12-13T20:16:08+00:00","og_image":[{"url":"https:\/\/benetflorentine.agence-etco.dev\/wp-content\/uploads\/2020\/02\/ico_phone.png","type":"","width":"","height":""}],"twitter_card":"summary_large_image","twitter_misc":{"Est. reading time":"1 minute"},"schema":{"@context":"https:\/\/schema.org","@graph":[{"@type":"WebPage","@id":"https:\/\/benetflorentine.agence-etco.dev\/fr\/franchise\/premier-contact\/","url":"https:\/\/benetflorentine.agence-etco.dev\/fr\/franchise\/premier-contact\/","name":"Franchise - Premier contact | Ben &amp; Florentine","isPartOf":{"@id":"https:\/\/benetflorentine.agence-etco.dev\/fr\/#website"},"primaryImageOfPage":{"@id":"https:\/\/benetflorentine.agence-etco.dev\/fr\/franchise\/premier-contact\/#primaryimage"},"image":{"@id":"https:\/\/benetflorentine.agence-etco.dev\/fr\/franchise\/premier-contact\/#primaryimage"},"thumbnailUrl":"https:\/\/benetflorentine.agence-etco.dev\/wp-content\/uploads\/2020\/02\/ico_phone.png","datePublished":"2022-09-03T01:13:09+00:00","dateModified":"2022-12-13T20:16:08+00:00","description":"Vous voulez voir l'envers du d\u00e9cor ? Contactez-nous pour d\u00e9couvrir les opportunit\u00e9s de franchises dans notre \u00e9quipe.","breadcrumb":{"@id":"https:\/\/benetflorentine.agence-etco.dev\/fr\/franchise\/premier-contact\/#breadcrumb"},"inLanguage":"fr-FR","potentialAction":[{"@type":"ReadAction","target":["https:\/\/benetflorentine.agence-etco.dev\/fr\/franchise\/premier-contact\/"]}]},{"@type":"ImageObject","inLanguage":"fr-FR","@id":"https:\/\/benetflorentine.agence-etco.dev\/fr\/franchise\/premier-contact\/#primaryimage","url":"https:\/\/benetflorentine.agence-etco.dev\/wp-content\/uploads\/2020\/02\/ico_phone.png","contentUrl":"https:\/\/benetflorentine.agence-etco.dev\/wp-content\/uploads\/2020\/02\/ico_phone.png"},{"@type":"BreadcrumbList","@id":"https:\/\/benetflorentine.agence-etco.dev\/fr\/franchise\/premier-contact\/#breadcrumb","itemListElement":[{"@type":"ListItem","position":1,"name":"Franchise","item":"https:\/\/benetflorentine.agence-etco.dev\/fr\/franchise\/"},{"@type":"ListItem","position":2,"name":"Franchise &#8211; Premier contact"}]},{"@type":"WebSite","@id":"https:\/\/benetflorentine.agence-etco.dev\/fr\/#website","url":"https:\/\/benetflorentine.agence-etco.dev\/fr\/","name":"Ben &amp; Florentine","description":"Brunch &amp; Breakfast\u200e","publisher":{"@id":"https:\/\/benetflorentine.agence-etco.dev\/fr\/#organization"},"potentialAction":[{"@type":"SearchAction","target":{"@type":"EntryPoint","urlTemplate":"https:\/\/benetflorentine.agence-etco.dev\/fr\/?s={search_term_string}"},"query-input":{"@type":"PropertyValueSpecification","valueRequired":true,"valueName":"search_term_string"}}],"inLanguage":"fr-FR"},{"@type":"Organization","@id":"https:\/\/benetflorentine.agence-etco.dev\/fr\/#organization","name":"Ben &amp; Florentine","url":"https:\/\/benetflorentine.agence-etco.dev\/fr\/","logo":{"@type":"ImageObject","inLanguage":"fr-FR","@id":"https:\/\/benetflorentine.agence-etco.dev\/fr\/#\/schema\/logo\/image\/","url":"https:\/\/benetflorentine.agence-etco.dev\/wp-content\/uploads\/2020\/02\/cropped-benflorentine_logo.png","contentUrl":"https:\/\/benetflorentine.agence-etco.dev\/wp-content\/uploads\/2020\/02\/cropped-benflorentine_logo.png","width":553,"height":206,"caption":"Ben &amp; Florentine"},"image":{"@id":"https:\/\/benetflorentine.agence-etco.dev\/fr\/#\/schema\/logo\/image\/"}}]}},"_links":{"self":[{"href":"https:\/\/benetflorentine.agence-etco.dev\/fr\/wp-json\/wp\/v2\/pages\/12648","targetHints":{"allow":["GET"]}}],"collection":[{"href":"https:\/\/benetflorentine.agence-etco.dev\/fr\/wp-json\/wp\/v2\/pages"}],"about":[{"href":"https:\/\/benetflorentine.agence-etco.dev\/fr\/wp-json\/wp\/v2\/types\/page"}],"author":[{"embeddable":true,"href":"https:\/\/benetflorentine.agence-etco.dev\/fr\/wp-json\/wp\/v2\/users\/10"}],"replies":[{"embeddable":true,"href":"https:\/\/benetflorentine.agence-etco.dev\/fr\/wp-json\/wp\/v2\/comments?post=12648"}],"version-history":[{"count":14,"href":"https:\/\/benetflorentine.agence-etco.dev\/fr\/wp-json\/wp\/v2\/pages\/12648\/revisions"}],"predecessor-version":[{"id":16432,"href":"https:\/\/benetflorentine.agence-etco.dev\/fr\/wp-json\/wp\/v2\/pages\/12648\/revisions\/16432"}],"up":[{"embeddable":true,"href":"https:\/\/benetflorentine.agence-etco.dev\/fr\/wp-json\/wp\/v2\/pages\/12416"}],"wp:attachment":[{"href":"https:\/\/benetflorentine.agence-etco.dev\/fr\/wp-json\/wp\/v2\/media?parent=12648"}],"curies":[{"name":"wp","href":"https:\/\/api.w.org\/{rel}","templated":true}]}}