{"id":12842,"date":"2022-09-03T21:01:56","date_gmt":"2022-09-04T01:01:56","guid":{"rendered":"https:\/\/benetflorentine.agence-etco.dev\/?page_id=12842"},"modified":"2023-05-12T09:54:34","modified_gmt":"2023-05-12T13:54:34","slug":"choix-enfants","status":"publish","type":"page","link":"https:\/\/benetflorentine.agence-etco.dev\/fr\/menu\/choix-enfants\/","title":{"rendered":"Menu pour enfants"},"content":{"rendered":"<div class=\"gb-container gb-container-0b062dd1 staticPage-header-container menuPage has-subMenu alignfull\"><div class=\"gb-inside-container\">\n\n<h1 class=\"gb-headline gb-headline-32073751 gb-headline-text\">Menu pour <strong>enfants<\/strong><\/h1>\n\n\n\n<p class=\"gb-headline gb-headline-6e7c5f81 gb-headline-text\">Parce qu\u2019il n\u2019y a pas d\u2019\u00e2ge pour \u00eatre gourmand, les plus petits ont aussi droit de se r\u00e9galer le matin.<\/p>\n\n<\/div><\/div>\n\n<div class=\"gb-container gb-container-37574103 grid-subNav alignfull\"><div class=\"gb-inside-container\">\n\n<ul class=\"wp-block-list\"><li><a href=\"#dents-sucrees\">Dents sucr\u00e9es<\/a><\/li><li><a href=\"#dents-salees\">Dents sal\u00e9es<\/a><\/li><\/ul>\n\n<\/div><\/div>\n\n\n<div class=\"gb-headline gb-headline-c646a201 gb-headline-text subMenu-anchor\" id=\"dents-sucrees\"><\/div>\n\n\n<div class=\"gb-grid-wrapper gb-grid-wrapper-66aaa19e grid-menu\">\n<div class=\"gb-grid-column gb-grid-column-a89f9c43\"><div class=\"gb-container gb-container-a89f9c43 grid-menu-image\"><div class=\"gb-inside-container\"><\/div><\/div><\/div>\n\n<div class=\"gb-grid-column gb-grid-column-aa4ef3e5\"><div class=\"gb-container gb-container-aa4ef3e5 grid-menu-text\"><div class=\"gb-inside-container\">\n\n<h2 class=\"wp-block-heading\">Dents <strong>sucr\u00e9es<\/strong><\/h2>\n\n\n\n<p class=\"gb-headline gb-headline-972ce4dd gb-headline-text\">Plats servis avec un petit format de jus ou de lait. Pour enfants de 10 ans et moins.<\/p>\n\n\n\n<div class=\"gb-grid-wrapper gb-grid-wrapper-542308cf gb-query-loop-wrapper\">\n<div class=\"gb-grid-column gb-grid-column-6dda88fe gb-query-loop-item post-7336 produits type-produits status-publish hentry category-benetflorentine category-choix-enfants category-dents-sucrees\"><div class=\"gb-container gb-container-6dda88fe\"><div class=\"gb-inside-container\">\n<h5 class=\"gb-headline gb-headline-4dcb8768 gb-headline-text\">Combo coco &#038; beignets<\/h5>\n\n<p class=\"gb-headline gb-headline-59bc1b02 gb-headline-text\">Oeuf avec saucisse et fruits frais, servi avec 5 beignets, guimauves et chocolat aux noisettes.<\/p>\n<\/div><\/div><\/div>\n\n<div class=\"gb-grid-column gb-grid-column-6dda88fe gb-query-loop-item post-3150 produits type-produits status-publish hentry category-benetflorentine category-choix-enfants category-dents-sucrees\"><div class=\"gb-container gb-container-6dda88fe\"><div class=\"gb-inside-container\">\n<h5 class=\"gb-headline gb-headline-4dcb8768 gb-headline-text\">\u00abBananalicious\u00bb<\/h5>\n\n<p class=\"gb-headline gb-headline-59bc1b02 gb-headline-text\">Choix de pancake, cr\u00eape, pain dor\u00e9 ou gaufre servi avec bananes, chocolat aux noisettes et cr\u00e8me fouett\u00e9e.<\/p>\n<\/div><\/div><\/div>\n\n<div class=\"gb-grid-column gb-grid-column-6dda88fe gb-query-loop-item post-3154 produits type-produits status-publish hentry category-benetflorentine category-choix-enfants category-dents-sucrees\"><div class=\"gb-container gb-container-6dda88fe\"><div class=\"gb-inside-container\">\n<h5 class=\"gb-headline gb-headline-4dcb8768 gb-headline-text\">Koko Loko<\/h5>\n\n<p class=\"gb-headline gb-headline-59bc1b02 gb-headline-text\">Pancake aux brisures de chocolat servi avec bananes et cr\u00e8me fouett\u00e9e.<\/p>\n<\/div><\/div><\/div>\n\n<div class=\"gb-grid-column gb-grid-column-6dda88fe gb-query-loop-item post-3158 produits type-produits status-publish hentry category-benetflorentine category-choix-enfants category-dents-sucrees\"><div class=\"gb-container gb-container-6dda88fe\"><div class=\"gb-inside-container\">\n<h5 class=\"gb-headline gb-headline-4dcb8768 gb-headline-text\">Cr\u00eape \u00abS&rsquo;mores\u00bb<\/h5>\n\n<p class=\"gb-headline gb-headline-59bc1b02 gb-headline-text\">Cr\u00eape, guimauves, chocolat aux noisettes, cr\u00e8me fouett\u00e9e et biscuits.<\/p>\n<\/div><\/div><\/div>\n<\/div>\n\n<\/div><\/div><\/div>\n<\/div>\n\n\n<div class=\"gb-headline gb-headline-5e0f46f0 gb-headline-text subMenu-anchor\" id=\"dents-salees\"><\/div>\n\n\n<div class=\"gb-grid-wrapper gb-grid-wrapper-7593803e grid-menu\" id=\"dents-salees\">\n<div class=\"gb-grid-column gb-grid-column-c59ec7b2\"><div class=\"gb-container gb-container-c59ec7b2 grid-menu-image\"><div class=\"gb-inside-container\"><\/div><\/div><\/div>\n\n<div class=\"gb-grid-column gb-grid-column-53c30559\"><div class=\"gb-container gb-container-53c30559 grid-menu-text\"><div class=\"gb-inside-container\">\n\n<h2 class=\"wp-block-heading\">Dents <strong>sal\u00e9es<\/strong><\/h2>\n\n\n\n<p>Plats servis avec un petit format de jus ou de lait. Pour enfants de 10 ans et moins.<\/p>\n\n\n\n<div class=\"gb-grid-wrapper gb-grid-wrapper-c50b639a gb-query-loop-wrapper\">\n<div class=\"gb-grid-column gb-grid-column-5491c426 gb-query-loop-item post-3148 produits type-produits status-publish hentry category-benetflorentine category-choix-enfants category-dents-salees\"><div class=\"gb-container gb-container-5491c426\"><div class=\"gb-inside-container\">\n<h5 class=\"gb-headline gb-headline-a45e5396 gb-headline-text\">\u00abGrilled Cheese\u00bb<\/h5>\n\n<p class=\"gb-headline gb-headline-fe4e8e48 gb-headline-text\">Servi avec nos fameuses pommes de terre et de la compote de pommes.<\/p>\n<\/div><\/div><\/div>\n\n<div class=\"gb-grid-column gb-grid-column-5491c426 gb-query-loop-item post-3152 produits type-produits status-publish hentry category-benetflorentine category-choix-enfants category-dents-salees\"><div class=\"gb-container gb-container-5491c426\"><div class=\"gb-inside-container\">\n<h5 class=\"gb-headline gb-headline-a45e5396 gb-headline-text\">1-2-3<\/h5>\n\n<p class=\"gb-headline gb-headline-fe4e8e48 gb-headline-text\">\u0152uf avec un choix de bacon, jambon, saucisses, <span class=\"cretons\">cretons<\/span> ou f\u00e8ves au four. Servi avec nos fameuses pommes de terre, de la compote de pommes et une r\u00f4tie.<\/p>\n<\/div><\/div><\/div>\n\n<div class=\"gb-grid-column gb-grid-column-5491c426 gb-query-loop-item post-3156 produits type-produits status-publish hentry category-benetflorentine category-choix-enfants category-dents-salees\"><div class=\"gb-container gb-container-5491c426\"><div class=\"gb-inside-container\">\n<h5 class=\"gb-headline gb-headline-a45e5396 gb-headline-text\">P&rsquo;tit d\u00e9lice<\/h5>\n\n<p class=\"gb-headline gb-headline-fe4e8e48 gb-headline-text\">\u0152uf, cheddar et fruits frais. Servi avec de la compote de pommes et une r\u00f4tie.<\/p>\n<\/div><\/div><\/div>\n<\/div>\n\n<\/div><\/div><\/div>\n<\/div>\n\n\n<div class=\"gb-headline gb-headline-0960ec1a gb-headline-text menuPage-background\"><\/div>\n\n\n\n<div class=\"wp-block-columns page-promotion-container is-layout-flex wp-container-core-columns-is-layout-9d6595d7 wp-block-columns-is-layout-flex\">\n<div class=\"wp-block-column is-layout-flow wp-block-column-is-layout-flow\"><div class=\"gb-container gb-container-20b354c9 page-promotion-block\"><div class=\"gb-inside-container\">\n\n<div class=\"wp-block-columns is-layout-flex wp-container-core-columns-is-layout-9d6595d7 wp-block-columns-is-layout-flex\">\n<div class=\"wp-block-column is-layout-flow wp-block-column-is-layout-flow\">\n<h2 class=\"gb-headline gb-headline-3e30c076 gb-headline-text\"><strong>Menu <strong>du midi<\/strong><\/strong><\/h2>\n\n\n\n<p>\u00c9tirez le plaisir jusqu&rsquo;\u00e0 15 h avec notre menu du midi.<\/p>\n\n\n\n<div class=\"wp-block-buttons alignwide is-layout-flex wp-block-buttons-is-layout-flex\">\n<div class=\"wp-block-button aligncenter button-outline\"><a class=\"wp-block-button__link\" href=\"https:\/\/benetflorentine.agence-etco.dev\/fr\/menu\/midi\/\">D\u00e9couvrir<\/a><\/div>\n<\/div>\n<\/div>\n\n\n\n<div class=\"wp-block-column is-layout-flow wp-block-column-is-layout-flow\">\n<figure class=\"wp-block-image size-large\"><img decoding=\"async\" src=\"https:\/\/benetflorentine.agence-etco.dev\/wp-content\/uploads\/2022\/09\/salade-fraicheur-edited-1-799x800.jpg\" alt=\"\"\/><\/figure>\n<\/div>\n<\/div>\n\n<\/div><\/div><\/div>\n\n\n\n<div class=\"wp-block-column is-layout-flow wp-block-column-is-layout-flow\"><div class=\"gb-container gb-container-0da3f226 page-promotion-block\"><div class=\"gb-inside-container\">\n\n<div class=\"wp-block-columns is-layout-flex wp-container-core-columns-is-layout-9d6595d7 wp-block-columns-is-layout-flex\">\n<div class=\"wp-block-column is-layout-flow wp-block-column-is-layout-flow\">\n<h2 class=\"gb-headline gb-headline-944318d1 gb-headline-text\"><strong><strong>B\u00e9n\u00e9dictines<\/strong><\/strong><\/h2>\n\n\n\n<p>Succombez \u00e0 nos oeufs b\u00e9n\u00e9dictines et omelettes surprenantes.<\/p>\n\n\n\n<div class=\"wp-block-buttons alignwide is-layout-flex wp-block-buttons-is-layout-flex\">\n<div class=\"wp-block-button aligncenter button-outline\"><a class=\"wp-block-button__link\" href=\"\/fr\/menu\/benedictines\/\">D\u00e9couvrir<\/a><\/div>\n<\/div>\n<\/div>\n\n\n\n<div class=\"wp-block-column is-layout-flow wp-block-column-is-layout-flow\">\n<figure class=\"wp-block-image size-large\"><img decoding=\"async\" src=\"https:\/\/benetflorentine.agence-etco.dev\/wp-content\/uploads\/2021\/04\/Benedictine-pomme-bacon.jpg\" alt=\"\"\/><\/figure>\n<\/div>\n<\/div>\n\n<\/div><\/div><\/div>\n<\/div>\n\n\n\n<p><\/p>\n","protected":false},"excerpt":{"rendered":"<p>Menu pour enfants Parce qu\u2019il n\u2019y a pas d\u2019\u00e2ge pour \u00eatre gourmand, les plus petits ont aussi droit de se r\u00e9galer le matin. Dents sucr\u00e9es Dents sal\u00e9es Menu du midi \u00c9tirez le plaisir jusqu&rsquo;\u00e0 15 h avec notre menu du midi. B\u00e9n\u00e9dictines Succombez \u00e0 nos oeufs b\u00e9n\u00e9dictines et omelettes surprenantes.<\/p>\n","protected":false},"author":10,"featured_media":0,"parent":55,"menu_order":0,"comment_status":"closed","ping_status":"closed","template":"","meta":{"inline_featured_image":false,"footnotes":""},"categories":[],"tags":[],"class_list":["post-12842","page","type-page","status-publish"],"yoast_head":"<!-- This site is optimized with the Yoast SEO plugin v27.5 - https:\/\/yoast.com\/product\/yoast-seo-wordpress\/ -->\n<title>Menu pour enfants | Ben &amp; Florentine<\/title>\n<meta name=\"description\" content=\"Parce que les plus petits ont aussi droit de se r\u00e9galer pour bien commencer leur journ\u00e9e. Ben &amp; Florentine leur offre un menu sp\u00e9cialement pens\u00e9 pour eux.\" \/>\n<meta name=\"robots\" content=\"index, follow, max-snippet:-1, max-image-preview:large, max-video-preview:-1\" \/>\n<link rel=\"canonical\" href=\"https:\/\/benetflorentine.agence-etco.dev\/fr\/menu\/choix-enfants\/\" \/>\n<meta property=\"og:locale\" content=\"fr_FR\" \/>\n<meta property=\"og:type\" content=\"article\" \/>\n<meta property=\"og:title\" content=\"Menu pour enfants | Ben &amp; Florentine\" \/>\n<meta property=\"og:description\" content=\"Parce que les plus petits ont aussi droit de se r\u00e9galer pour bien commencer leur journ\u00e9e. Ben &amp; Florentine leur offre un menu sp\u00e9cialement pens\u00e9 pour eux.\" \/>\n<meta property=\"og:url\" content=\"https:\/\/benetflorentine.agence-etco.dev\/fr\/menu\/choix-enfants\/\" \/>\n<meta property=\"og:site_name\" content=\"Ben &amp; Florentine\" \/>\n<meta property=\"article:modified_time\" content=\"2023-05-12T13:54:34+00:00\" \/>\n<meta property=\"og:image\" content=\"https:\/\/benetflorentine.agence-etco.dev\/wp-content\/uploads\/2022\/09\/salade-fraicheur-edited-1-799x800.jpg\" \/>\n<meta name=\"twitter:card\" content=\"summary_large_image\" \/>\n<meta name=\"twitter:label1\" content=\"Est. reading time\" \/>\n\t<meta name=\"twitter:data1\" content=\"1 minute\" \/>\n<script type=\"application\/ld+json\" class=\"yoast-schema-graph\">{\"@context\":\"https:\\\/\\\/schema.org\",\"@graph\":[{\"@type\":\"WebPage\",\"@id\":\"https:\\\/\\\/benetflorentine.agence-etco.dev\\\/fr\\\/menu\\\/choix-enfants\\\/\",\"url\":\"https:\\\/\\\/benetflorentine.agence-etco.dev\\\/fr\\\/menu\\\/choix-enfants\\\/\",\"name\":\"Menu pour enfants | Ben &amp; Florentine\",\"isPartOf\":{\"@id\":\"https:\\\/\\\/benetflorentine.agence-etco.dev\\\/fr\\\/#website\"},\"primaryImageOfPage\":{\"@id\":\"https:\\\/\\\/benetflorentine.agence-etco.dev\\\/fr\\\/menu\\\/choix-enfants\\\/#primaryimage\"},\"image\":{\"@id\":\"https:\\\/\\\/benetflorentine.agence-etco.dev\\\/fr\\\/menu\\\/choix-enfants\\\/#primaryimage\"},\"thumbnailUrl\":\"https:\\\/\\\/benetflorentine.agence-etco.dev\\\/wp-content\\\/uploads\\\/2022\\\/09\\\/salade-fraicheur-edited-1-799x800.jpg\",\"datePublished\":\"2022-09-04T01:01:56+00:00\",\"dateModified\":\"2023-05-12T13:54:34+00:00\",\"description\":\"Parce que les plus petits ont aussi droit de se r\u00e9galer pour bien commencer leur journ\u00e9e. Ben & Florentine leur offre un menu sp\u00e9cialement pens\u00e9 pour eux.\",\"breadcrumb\":{\"@id\":\"https:\\\/\\\/benetflorentine.agence-etco.dev\\\/fr\\\/menu\\\/choix-enfants\\\/#breadcrumb\"},\"inLanguage\":\"fr-FR\",\"potentialAction\":[{\"@type\":\"ReadAction\",\"target\":[\"https:\\\/\\\/benetflorentine.agence-etco.dev\\\/fr\\\/menu\\\/choix-enfants\\\/\"]}]},{\"@type\":\"ImageObject\",\"inLanguage\":\"fr-FR\",\"@id\":\"https:\\\/\\\/benetflorentine.agence-etco.dev\\\/fr\\\/menu\\\/choix-enfants\\\/#primaryimage\",\"url\":\"https:\\\/\\\/benetflorentine.agence-etco.dev\\\/wp-content\\\/uploads\\\/2022\\\/09\\\/salade-fraicheur-edited-1-799x800.jpg\",\"contentUrl\":\"https:\\\/\\\/benetflorentine.agence-etco.dev\\\/wp-content\\\/uploads\\\/2022\\\/09\\\/salade-fraicheur-edited-1-799x800.jpg\"},{\"@type\":\"BreadcrumbList\",\"@id\":\"https:\\\/\\\/benetflorentine.agence-etco.dev\\\/fr\\\/menu\\\/choix-enfants\\\/#breadcrumb\",\"itemListElement\":[{\"@type\":\"ListItem\",\"position\":1,\"name\":\"Menu\",\"item\":\"https:\\\/\\\/benetflorentine.agence-etco.dev\\\/fr\\\/menu\\\/\"},{\"@type\":\"ListItem\",\"position\":2,\"name\":\"Menu pour enfants\"}]},{\"@type\":\"WebSite\",\"@id\":\"https:\\\/\\\/benetflorentine.agence-etco.dev\\\/fr\\\/#website\",\"url\":\"https:\\\/\\\/benetflorentine.agence-etco.dev\\\/fr\\\/\",\"name\":\"Ben &amp; Florentine\",\"description\":\"Brunch &amp; Breakfast\u200e\",\"publisher\":{\"@id\":\"https:\\\/\\\/benetflorentine.agence-etco.dev\\\/fr\\\/#organization\"},\"potentialAction\":[{\"@type\":\"SearchAction\",\"target\":{\"@type\":\"EntryPoint\",\"urlTemplate\":\"https:\\\/\\\/benetflorentine.agence-etco.dev\\\/fr\\\/?s={search_term_string}\"},\"query-input\":{\"@type\":\"PropertyValueSpecification\",\"valueRequired\":true,\"valueName\":\"search_term_string\"}}],\"inLanguage\":\"fr-FR\"},{\"@type\":\"Organization\",\"@id\":\"https:\\\/\\\/benetflorentine.agence-etco.dev\\\/fr\\\/#organization\",\"name\":\"Ben &amp; Florentine\",\"url\":\"https:\\\/\\\/benetflorentine.agence-etco.dev\\\/fr\\\/\",\"logo\":{\"@type\":\"ImageObject\",\"inLanguage\":\"fr-FR\",\"@id\":\"https:\\\/\\\/benetflorentine.agence-etco.dev\\\/fr\\\/#\\\/schema\\\/logo\\\/image\\\/\",\"url\":\"https:\\\/\\\/benetflorentine.agence-etco.dev\\\/wp-content\\\/uploads\\\/2020\\\/02\\\/cropped-benflorentine_logo.png\",\"contentUrl\":\"https:\\\/\\\/benetflorentine.agence-etco.dev\\\/wp-content\\\/uploads\\\/2020\\\/02\\\/cropped-benflorentine_logo.png\",\"width\":553,\"height\":206,\"caption\":\"Ben &amp; Florentine\"},\"image\":{\"@id\":\"https:\\\/\\\/benetflorentine.agence-etco.dev\\\/fr\\\/#\\\/schema\\\/logo\\\/image\\\/\"}}]}<\/script>\n<!-- \/ Yoast SEO plugin. -->","yoast_head_json":{"title":"Menu pour enfants | Ben &amp; Florentine","description":"Parce que les plus petits ont aussi droit de se r\u00e9galer pour bien commencer leur journ\u00e9e. Ben & Florentine leur offre un menu sp\u00e9cialement pens\u00e9 pour eux.","robots":{"index":"index","follow":"follow","max-snippet":"max-snippet:-1","max-image-preview":"max-image-preview:large","max-video-preview":"max-video-preview:-1"},"canonical":"https:\/\/benetflorentine.agence-etco.dev\/fr\/menu\/choix-enfants\/","og_locale":"fr_FR","og_type":"article","og_title":"Menu pour enfants | Ben &amp; Florentine","og_description":"Parce que les plus petits ont aussi droit de se r\u00e9galer pour bien commencer leur journ\u00e9e. Ben & Florentine leur offre un menu sp\u00e9cialement pens\u00e9 pour eux.","og_url":"https:\/\/benetflorentine.agence-etco.dev\/fr\/menu\/choix-enfants\/","og_site_name":"Ben &amp; Florentine","article_modified_time":"2023-05-12T13:54:34+00:00","og_image":[{"url":"https:\/\/benetflorentine.agence-etco.dev\/wp-content\/uploads\/2022\/09\/salade-fraicheur-edited-1-799x800.jpg","type":"","width":"","height":""}],"twitter_card":"summary_large_image","twitter_misc":{"Est. reading time":"1 minute"},"schema":{"@context":"https:\/\/schema.org","@graph":[{"@type":"WebPage","@id":"https:\/\/benetflorentine.agence-etco.dev\/fr\/menu\/choix-enfants\/","url":"https:\/\/benetflorentine.agence-etco.dev\/fr\/menu\/choix-enfants\/","name":"Menu pour enfants | Ben &amp; Florentine","isPartOf":{"@id":"https:\/\/benetflorentine.agence-etco.dev\/fr\/#website"},"primaryImageOfPage":{"@id":"https:\/\/benetflorentine.agence-etco.dev\/fr\/menu\/choix-enfants\/#primaryimage"},"image":{"@id":"https:\/\/benetflorentine.agence-etco.dev\/fr\/menu\/choix-enfants\/#primaryimage"},"thumbnailUrl":"https:\/\/benetflorentine.agence-etco.dev\/wp-content\/uploads\/2022\/09\/salade-fraicheur-edited-1-799x800.jpg","datePublished":"2022-09-04T01:01:56+00:00","dateModified":"2023-05-12T13:54:34+00:00","description":"Parce que les plus petits ont aussi droit de se r\u00e9galer pour bien commencer leur journ\u00e9e. Ben & Florentine leur offre un menu sp\u00e9cialement pens\u00e9 pour eux.","breadcrumb":{"@id":"https:\/\/benetflorentine.agence-etco.dev\/fr\/menu\/choix-enfants\/#breadcrumb"},"inLanguage":"fr-FR","potentialAction":[{"@type":"ReadAction","target":["https:\/\/benetflorentine.agence-etco.dev\/fr\/menu\/choix-enfants\/"]}]},{"@type":"ImageObject","inLanguage":"fr-FR","@id":"https:\/\/benetflorentine.agence-etco.dev\/fr\/menu\/choix-enfants\/#primaryimage","url":"https:\/\/benetflorentine.agence-etco.dev\/wp-content\/uploads\/2022\/09\/salade-fraicheur-edited-1-799x800.jpg","contentUrl":"https:\/\/benetflorentine.agence-etco.dev\/wp-content\/uploads\/2022\/09\/salade-fraicheur-edited-1-799x800.jpg"},{"@type":"BreadcrumbList","@id":"https:\/\/benetflorentine.agence-etco.dev\/fr\/menu\/choix-enfants\/#breadcrumb","itemListElement":[{"@type":"ListItem","position":1,"name":"Menu","item":"https:\/\/benetflorentine.agence-etco.dev\/fr\/menu\/"},{"@type":"ListItem","position":2,"name":"Menu pour enfants"}]},{"@type":"WebSite","@id":"https:\/\/benetflorentine.agence-etco.dev\/fr\/#website","url":"https:\/\/benetflorentine.agence-etco.dev\/fr\/","name":"Ben &amp; Florentine","description":"Brunch &amp; Breakfast\u200e","publisher":{"@id":"https:\/\/benetflorentine.agence-etco.dev\/fr\/#organization"},"potentialAction":[{"@type":"SearchAction","target":{"@type":"EntryPoint","urlTemplate":"https:\/\/benetflorentine.agence-etco.dev\/fr\/?s={search_term_string}"},"query-input":{"@type":"PropertyValueSpecification","valueRequired":true,"valueName":"search_term_string"}}],"inLanguage":"fr-FR"},{"@type":"Organization","@id":"https:\/\/benetflorentine.agence-etco.dev\/fr\/#organization","name":"Ben &amp; Florentine","url":"https:\/\/benetflorentine.agence-etco.dev\/fr\/","logo":{"@type":"ImageObject","inLanguage":"fr-FR","@id":"https:\/\/benetflorentine.agence-etco.dev\/fr\/#\/schema\/logo\/image\/","url":"https:\/\/benetflorentine.agence-etco.dev\/wp-content\/uploads\/2020\/02\/cropped-benflorentine_logo.png","contentUrl":"https:\/\/benetflorentine.agence-etco.dev\/wp-content\/uploads\/2020\/02\/cropped-benflorentine_logo.png","width":553,"height":206,"caption":"Ben &amp; Florentine"},"image":{"@id":"https:\/\/benetflorentine.agence-etco.dev\/fr\/#\/schema\/logo\/image\/"}}]}},"_links":{"self":[{"href":"https:\/\/benetflorentine.agence-etco.dev\/fr\/wp-json\/wp\/v2\/pages\/12842","targetHints":{"allow":["GET"]}}],"collection":[{"href":"https:\/\/benetflorentine.agence-etco.dev\/fr\/wp-json\/wp\/v2\/pages"}],"about":[{"href":"https:\/\/benetflorentine.agence-etco.dev\/fr\/wp-json\/wp\/v2\/types\/page"}],"author":[{"embeddable":true,"href":"https:\/\/benetflorentine.agence-etco.dev\/fr\/wp-json\/wp\/v2\/users\/10"}],"replies":[{"embeddable":true,"href":"https:\/\/benetflorentine.agence-etco.dev\/fr\/wp-json\/wp\/v2\/comments?post=12842"}],"version-history":[{"count":40,"href":"https:\/\/benetflorentine.agence-etco.dev\/fr\/wp-json\/wp\/v2\/pages\/12842\/revisions"}],"predecessor-version":[{"id":15803,"href":"https:\/\/benetflorentine.agence-etco.dev\/fr\/wp-json\/wp\/v2\/pages\/12842\/revisions\/15803"}],"up":[{"embeddable":true,"href":"https:\/\/benetflorentine.agence-etco.dev\/fr\/wp-json\/wp\/v2\/pages\/55"}],"wp:attachment":[{"href":"https:\/\/benetflorentine.agence-etco.dev\/fr\/wp-json\/wp\/v2\/media?parent=12842"}],"wp:term":[{"taxonomy":"category","embeddable":true,"href":"https:\/\/benetflorentine.agence-etco.dev\/fr\/wp-json\/wp\/v2\/categories?post=12842"},{"taxonomy":"post_tag","embeddable":true,"href":"https:\/\/benetflorentine.agence-etco.dev\/fr\/wp-json\/wp\/v2\/tags?post=12842"}],"curies":[{"name":"wp","href":"https:\/\/api.w.org\/{rel}","templated":true}]}}