{"id":12849,"date":"2022-09-03T21:10:25","date_gmt":"2022-09-04T01:10:25","guid":{"rendered":"https:\/\/benetflorentine.agence-etco.dev\/?page_id=12849"},"modified":"2023-05-09T16:01:38","modified_gmt":"2023-05-09T20:01:38","slug":"midi","status":"publish","type":"page","link":"https:\/\/benetflorentine.agence-etco.dev\/fr\/menu\/midi\/","title":{"rendered":"Menu du midi"},"content":{"rendered":"<div class=\"gb-container gb-container-0b062dd1 staticPage-header-container menuPage alignfull\"><div class=\"gb-inside-container\">\n\n<h1 class=\"wp-block-heading\">Menu <strong>du midi<\/strong><\/h1>\n\n\n\n<p>\u00c9tirez le plaisir jusqu\u2019\u00e0 15 h avec notre menu du midi, parfait pour une rencontre entre coll\u00e8gues, amis ou famille.<\/p>\n\n<\/div><\/div>\n\n\n<div class=\"gb-headline gb-headline-c646a201 gb-headline-text subMenu-anchor\" id=\"dents-sucrees\"><\/div>\n\n\n<div class=\"gb-grid-wrapper gb-grid-wrapper-66aaa19e grid-menu\">\n<div class=\"gb-grid-column gb-grid-column-a89f9c43\"><div class=\"gb-container gb-container-a89f9c43 grid-menu-image\"><div class=\"gb-inside-container\"><\/div><\/div><\/div>\n\n<div class=\"gb-grid-column gb-grid-column-aa4ef3e5\"><div class=\"gb-container gb-container-aa4ef3e5 grid-menu-text\"><div class=\"gb-inside-container\">\n\n<h2 class=\"wp-block-heading\">Pause <strong><strong>d\u00eener<\/strong><\/strong><\/h2>\n\n\n\n<p class=\"gb-headline gb-headline-972ce4dd gb-headline-text\">Caf\u00e9, th\u00e9 en feuilles ou boisson gazeuse &amp; soupe du jour inclus<\/p>\n\n\n\n<div class=\"gb-grid-wrapper gb-grid-wrapper-542308cf gb-query-loop-wrapper\">\n<div class=\"gb-grid-column gb-grid-column-6dda88fe gb-query-loop-item post-15725 produits type-produits status-publish hentry category-benetflorentine category-midi\"><div class=\"gb-container gb-container-6dda88fe\"><div class=\"gb-inside-container\">\n<h5 class=\"gb-headline gb-headline-4dcb8768 gb-headline-text\">\u00ab\u00a0Cheeseburger \u00bb Firebarns bourbon &#038; bacon<\/h5>\n\n<p class=\"gb-headline gb-headline-59bc1b02 gb-headline-text\">B\u0153uf, champignons portobello, laitue, tomates, oignons rouges, fromage suisse, garnis de sauce BBQ Firebarns bourbon &#038; bacon. Servi avec frites assaisonn\u00e9es &#038; sauce chipotle<\/p>\n<\/div><\/div><\/div>\n\n<div class=\"gb-grid-column gb-grid-column-6dda88fe gb-query-loop-item post-15722 produits type-produits status-publish hentry category-midi\"><div class=\"gb-container gb-container-6dda88fe\"><div class=\"gb-inside-container\">\n<h5 class=\"gb-headline gb-headline-4dcb8768 gb-headline-text\">Salade ch\u00e8vre &#038; fraises<\/h5>\n\n<p class=\"gb-headline gb-headline-59bc1b02 gb-headline-text\">Laitue, fraises, fromage de ch\u00e8vre et poulet grill\u00e9. Servie avec vinaigrette Dijon-\u00e9rable<\/p>\n<\/div><\/div><\/div>\n\n<div class=\"gb-grid-column gb-grid-column-6dda88fe gb-query-loop-item post-15715 produits type-produits status-publish hentry category-midi\"><div class=\"gb-container gb-container-6dda88fe\"><div class=\"gb-inside-container\">\n<h5 class=\"gb-headline gb-headline-4dcb8768 gb-headline-text\">Poutine Firebarns bourbon &#038; bacon<\/h5>\n\n<p class=\"gb-headline gb-headline-59bc1b02 gb-headline-text\">Frites assaisonn\u00e9es, morceaux de saucisse italienne, m\u00e9lange de poivrons, fromage en grains et sauce hollandaise BBQ Firebarns bourbon &#038;bacon<\/p>\n<\/div><\/div><\/div>\n\n<div class=\"gb-grid-column gb-grid-column-6dda88fe gb-query-loop-item post-15711 produits type-produits status-publish hentry category-benetflorentine category-midi\"><div class=\"gb-container gb-container-6dda88fe\"><div class=\"gb-inside-container\">\n<h5 class=\"gb-headline gb-headline-4dcb8768 gb-headline-text\">Club sandwich au poulet<\/h5>\n\n<p class=\"gb-headline gb-headline-59bc1b02 gb-headline-text\">Poulet grill\u00e9, bacon, avocat, laitue et tomates. Servi avec frites assaisonn\u00e9es &#038; sauce chipotle<\/p>\n<\/div><\/div><\/div>\n\n<div class=\"gb-grid-column gb-grid-column-6dda88fe gb-query-loop-item post-15643 produits type-produits status-publish hentry category-midi\"><div class=\"gb-container gb-container-6dda88fe\"><div class=\"gb-inside-container\">\n<h5 class=\"gb-headline gb-headline-4dcb8768 gb-headline-text\">Wrap l\u00e9gumes grill\u00e9s &#038; ch\u00e8vre<\/h5>\n\n<p class=\"gb-headline gb-headline-59bc1b02 gb-headline-text\">Champignons portobello, olives Kalamata, m\u00e9lange de poivrons, oignons rouges et fromage de ch\u00e8vre sur tortilla de bl\u00e9 entier. Servi avec frites assaisonn\u00e9es &#038; sauce chipotle<\/p>\n<\/div><\/div><\/div>\n\n<div class=\"gb-grid-column gb-grid-column-6dda88fe gb-query-loop-item post-3342 produits type-produits status-publish hentry category-benetflorentine category-midi\"><div class=\"gb-container gb-container-6dda88fe\"><div class=\"gb-inside-container\">\n<h5 class=\"gb-headline gb-headline-4dcb8768 gb-headline-text\">Omelette du jour<\/h5>\n\n<p class=\"gb-headline gb-headline-59bc1b02 gb-headline-text\">Servie avec salade maison, frites assaisonn\u00e9es &#038; sauce chipotle<\/p>\n<\/div><\/div><\/div>\n\n<div class=\"gb-grid-column gb-grid-column-6dda88fe gb-query-loop-item post-3328 produits type-produits status-publish hentry category-benetflorentine category-midi\"><div class=\"gb-container gb-container-6dda88fe\"><div class=\"gb-inside-container\">\n<h5 class=\"gb-headline gb-headline-4dcb8768 gb-headline-text\">Wrap poulet &#038; avocat<\/h5>\n\n<p class=\"gb-headline gb-headline-59bc1b02 gb-headline-text\">Poulet grill\u00e9, avocat, m\u00e9lange de poivrons et oignons caram\u00e9lis\u00e9s, laitue et m\u00e9lange de Monterey Jack et cheddar sur tortilla de bl\u00e9 entier. Servi avec frites assaisonn\u00e9es et notre sauce chipotle.<\/p>\n<\/div><\/div><\/div>\n<\/div>\n\n<\/div><\/div><\/div>\n<\/div>\n\n\n<div class=\"gb-headline gb-headline-0960ec1a gb-headline-text menuPage-background\"><\/div>\n\n\n\n<div class=\"wp-block-columns page-promotion-container is-layout-flex wp-container-core-columns-is-layout-9d6595d7 wp-block-columns-is-layout-flex\">\n<div class=\"wp-block-column is-layout-flow wp-block-column-is-layout-flow\"><div class=\"gb-container gb-container-0da3f226 page-promotion-block\"><div class=\"gb-inside-container\">\n\n<div class=\"wp-block-columns is-layout-flex wp-container-core-columns-is-layout-9d6595d7 wp-block-columns-is-layout-flex\">\n<div class=\"wp-block-column is-layout-flow wp-block-column-is-layout-flow\">\n<h2 class=\"gb-headline gb-headline-944318d1 gb-headline-text\">Menu <strong>du l\u00e8ve-t\u00f4t<\/strong><\/h2>\n\n\n\n<p>D\u00e9jeunez comme un champion pour passer une excellente journ\u00e9e.<\/p>\n\n\n\n<div class=\"wp-block-buttons alignwide is-layout-flex wp-block-buttons-is-layout-flex\">\n<div class=\"wp-block-button aligncenter button-outline\"><a class=\"wp-block-button__link\" href=\"\/fr\/menu\/leve-tot\/\">D\u00e9couvrir<\/a><\/div>\n<\/div>\n<\/div>\n\n\n\n<div class=\"wp-block-column is-layout-flow wp-block-column-is-layout-flow\">\n<figure class=\"wp-block-image size-full\"><img decoding=\"async\" width=\"510\" height=\"510\" src=\"https:\/\/benetflorentine.agence-etco.dev\/wp-content\/uploads\/2020\/05\/Leve-tot.png\" alt=\"L\u00e8ve t\u00f4t\" class=\"wp-image-8729\" srcset=\"https:\/\/benetflorentine.agence-etco.dev\/wp-content\/uploads\/2020\/05\/Leve-tot.png 510w, https:\/\/benetflorentine.agence-etco.dev\/wp-content\/uploads\/2020\/05\/Leve-tot-400x400.png 400w, https:\/\/benetflorentine.agence-etco.dev\/wp-content\/uploads\/2020\/05\/Leve-tot-280x280.png 280w, https:\/\/benetflorentine.agence-etco.dev\/wp-content\/uploads\/2020\/05\/Leve-tot-24x24.png 24w, https:\/\/benetflorentine.agence-etco.dev\/wp-content\/uploads\/2020\/05\/Leve-tot-36x36.png 36w, https:\/\/benetflorentine.agence-etco.dev\/wp-content\/uploads\/2020\/05\/Leve-tot-48x48.png 48w\" sizes=\"(max-width: 510px) 100vw, 510px\" \/><\/figure>\n<\/div>\n<\/div>\n\n<\/div><\/div><\/div>\n\n\n\n<div class=\"wp-block-column is-layout-flow wp-block-column-is-layout-flow\"><div class=\"gb-container gb-container-20b354c9 page-promotion-block\"><div class=\"gb-inside-container\">\n\n<div class=\"wp-block-columns is-layout-flex wp-container-core-columns-is-layout-9d6595d7 wp-block-columns-is-layout-flex\">\n<div class=\"wp-block-column is-layout-flow wp-block-column-is-layout-flow\">\n<h2 class=\"gb-headline gb-headline-3e30c076 gb-headline-text\">Menu <strong>pour enfants<\/strong><\/h2>\n\n\n\n<p>Laissez-les se r\u00e9galer de plats pens\u00e9s sp\u00e9cialement pour eux.<\/p>\n\n\n\n<div class=\"wp-block-buttons alignwide is-layout-flex wp-block-buttons-is-layout-flex\">\n<div class=\"wp-block-button aligncenter button-outline\"><a class=\"wp-block-button__link\" href=\"\/fr\/menu\/choix-enfants\/\">D\u00e9couvrir<\/a><\/div>\n<\/div>\n<\/div>\n\n\n\n<div class=\"wp-block-column is-layout-flow wp-block-column-is-layout-flow\">\n<figure class=\"wp-block-image size-full\"><img decoding=\"async\" width=\"615\" height=\"778\" src=\"https:\/\/benetflorentine.agence-etco.dev\/wp-content\/uploads\/2020\/04\/menu-pour-enfants-1.png\" alt=\"menu pour enfants\" class=\"wp-image-8257\" srcset=\"https:\/\/benetflorentine.agence-etco.dev\/wp-content\/uploads\/2020\/04\/menu-pour-enfants-1.png 615w, https:\/\/benetflorentine.agence-etco.dev\/wp-content\/uploads\/2020\/04\/menu-pour-enfants-1-316x400.png 316w, https:\/\/benetflorentine.agence-etco.dev\/wp-content\/uploads\/2020\/04\/menu-pour-enfants-1-19x24.png 19w, https:\/\/benetflorentine.agence-etco.dev\/wp-content\/uploads\/2020\/04\/menu-pour-enfants-1-28x36.png 28w, https:\/\/benetflorentine.agence-etco.dev\/wp-content\/uploads\/2020\/04\/menu-pour-enfants-1-38x48.png 38w\" sizes=\"(max-width: 615px) 100vw, 615px\" \/><\/figure>\n<\/div>\n<\/div>\n\n<\/div><\/div><\/div>\n<\/div>\n","protected":false},"excerpt":{"rendered":"<p>Menu du midi \u00c9tirez le plaisir jusqu\u2019\u00e0 15 h avec notre menu du midi, parfait pour une rencontre entre coll\u00e8gues, amis ou famille. Menu du l\u00e8ve-t\u00f4t D\u00e9jeunez comme un champion pour passer une excellente journ\u00e9e. Menu pour enfants Laissez-les se r\u00e9galer de plats pens\u00e9s sp\u00e9cialement pour eux.<\/p>\n","protected":false},"author":10,"featured_media":15693,"parent":55,"menu_order":0,"comment_status":"closed","ping_status":"closed","template":"","meta":{"inline_featured_image":false,"footnotes":""},"categories":[],"tags":[],"class_list":["post-12849","page","type-page","status-publish","has-post-thumbnail"],"yoast_head":"<!-- This site is optimized with the Yoast SEO plugin v27.5 - https:\/\/yoast.com\/product\/yoast-seo-wordpress\/ -->\n<title>Menu du midi | Ben &amp; Florentine<\/title>\n<meta name=\"description\" content=\"Optez pour notre menu brunch qu&#039;on a d\u00e9clin\u00e9 en menu midi question de faire durer le plaisir.\" \/>\n<meta name=\"robots\" content=\"index, follow, max-snippet:-1, max-image-preview:large, max-video-preview:-1\" \/>\n<link rel=\"canonical\" href=\"https:\/\/benetflorentine.agence-etco.dev\/fr\/menu\/midi\/\" \/>\n<meta property=\"og:locale\" content=\"fr_FR\" \/>\n<meta property=\"og:type\" content=\"article\" \/>\n<meta property=\"og:title\" content=\"Menu du midi | Ben &amp; Florentine\" \/>\n<meta property=\"og:description\" content=\"Optez pour notre menu brunch qu&#039;on a d\u00e9clin\u00e9 en menu midi question de faire durer le plaisir.\" \/>\n<meta property=\"og:url\" content=\"https:\/\/benetflorentine.agence-etco.dev\/fr\/menu\/midi\/\" \/>\n<meta property=\"og:site_name\" content=\"Ben &amp; Florentine\" \/>\n<meta property=\"article:modified_time\" content=\"2023-05-09T20:01:38+00:00\" \/>\n<meta property=\"og:image\" content=\"https:\/\/benetflorentine.agence-etco.dev\/wp-content\/uploads\/2023\/05\/Poutine_Top_View-scaled.jpg\" \/>\n\t<meta property=\"og:image:width\" content=\"2560\" \/>\n\t<meta property=\"og:image:height\" content=\"2466\" \/>\n\t<meta property=\"og:image:type\" content=\"image\/jpeg\" \/>\n<meta name=\"twitter:card\" content=\"summary_large_image\" \/>\n<meta name=\"twitter:label1\" content=\"Est. reading time\" \/>\n\t<meta name=\"twitter:data1\" content=\"1 minute\" \/>\n<script type=\"application\/ld+json\" class=\"yoast-schema-graph\">{\"@context\":\"https:\\\/\\\/schema.org\",\"@graph\":[{\"@type\":\"WebPage\",\"@id\":\"https:\\\/\\\/benetflorentine.agence-etco.dev\\\/fr\\\/menu\\\/midi\\\/\",\"url\":\"https:\\\/\\\/benetflorentine.agence-etco.dev\\\/fr\\\/menu\\\/midi\\\/\",\"name\":\"Menu du midi | Ben &amp; Florentine\",\"isPartOf\":{\"@id\":\"https:\\\/\\\/benetflorentine.agence-etco.dev\\\/fr\\\/#website\"},\"primaryImageOfPage\":{\"@id\":\"https:\\\/\\\/benetflorentine.agence-etco.dev\\\/fr\\\/menu\\\/midi\\\/#primaryimage\"},\"image\":{\"@id\":\"https:\\\/\\\/benetflorentine.agence-etco.dev\\\/fr\\\/menu\\\/midi\\\/#primaryimage\"},\"thumbnailUrl\":\"https:\\\/\\\/benetflorentine.agence-etco.dev\\\/wp-content\\\/uploads\\\/2023\\\/05\\\/Poutine_Top_View-scaled.jpg\",\"datePublished\":\"2022-09-04T01:10:25+00:00\",\"dateModified\":\"2023-05-09T20:01:38+00:00\",\"description\":\"Optez pour notre menu brunch qu'on a d\u00e9clin\u00e9 en menu midi question de faire durer le plaisir.\",\"breadcrumb\":{\"@id\":\"https:\\\/\\\/benetflorentine.agence-etco.dev\\\/fr\\\/menu\\\/midi\\\/#breadcrumb\"},\"inLanguage\":\"fr-FR\",\"potentialAction\":[{\"@type\":\"ReadAction\",\"target\":[\"https:\\\/\\\/benetflorentine.agence-etco.dev\\\/fr\\\/menu\\\/midi\\\/\"]}]},{\"@type\":\"ImageObject\",\"inLanguage\":\"fr-FR\",\"@id\":\"https:\\\/\\\/benetflorentine.agence-etco.dev\\\/fr\\\/menu\\\/midi\\\/#primaryimage\",\"url\":\"https:\\\/\\\/benetflorentine.agence-etco.dev\\\/wp-content\\\/uploads\\\/2023\\\/05\\\/Poutine_Top_View-scaled.jpg\",\"contentUrl\":\"https:\\\/\\\/benetflorentine.agence-etco.dev\\\/wp-content\\\/uploads\\\/2023\\\/05\\\/Poutine_Top_View-scaled.jpg\",\"width\":2560,\"height\":2466},{\"@type\":\"BreadcrumbList\",\"@id\":\"https:\\\/\\\/benetflorentine.agence-etco.dev\\\/fr\\\/menu\\\/midi\\\/#breadcrumb\",\"itemListElement\":[{\"@type\":\"ListItem\",\"position\":1,\"name\":\"Menu\",\"item\":\"https:\\\/\\\/benetflorentine.agence-etco.dev\\\/fr\\\/menu\\\/\"},{\"@type\":\"ListItem\",\"position\":2,\"name\":\"Menu du midi\"}]},{\"@type\":\"WebSite\",\"@id\":\"https:\\\/\\\/benetflorentine.agence-etco.dev\\\/fr\\\/#website\",\"url\":\"https:\\\/\\\/benetflorentine.agence-etco.dev\\\/fr\\\/\",\"name\":\"Ben &amp; Florentine\",\"description\":\"Brunch &amp; Breakfast\u200e\",\"publisher\":{\"@id\":\"https:\\\/\\\/benetflorentine.agence-etco.dev\\\/fr\\\/#organization\"},\"potentialAction\":[{\"@type\":\"SearchAction\",\"target\":{\"@type\":\"EntryPoint\",\"urlTemplate\":\"https:\\\/\\\/benetflorentine.agence-etco.dev\\\/fr\\\/?s={search_term_string}\"},\"query-input\":{\"@type\":\"PropertyValueSpecification\",\"valueRequired\":true,\"valueName\":\"search_term_string\"}}],\"inLanguage\":\"fr-FR\"},{\"@type\":\"Organization\",\"@id\":\"https:\\\/\\\/benetflorentine.agence-etco.dev\\\/fr\\\/#organization\",\"name\":\"Ben &amp; Florentine\",\"url\":\"https:\\\/\\\/benetflorentine.agence-etco.dev\\\/fr\\\/\",\"logo\":{\"@type\":\"ImageObject\",\"inLanguage\":\"fr-FR\",\"@id\":\"https:\\\/\\\/benetflorentine.agence-etco.dev\\\/fr\\\/#\\\/schema\\\/logo\\\/image\\\/\",\"url\":\"https:\\\/\\\/benetflorentine.agence-etco.dev\\\/wp-content\\\/uploads\\\/2020\\\/02\\\/cropped-benflorentine_logo.png\",\"contentUrl\":\"https:\\\/\\\/benetflorentine.agence-etco.dev\\\/wp-content\\\/uploads\\\/2020\\\/02\\\/cropped-benflorentine_logo.png\",\"width\":553,\"height\":206,\"caption\":\"Ben &amp; Florentine\"},\"image\":{\"@id\":\"https:\\\/\\\/benetflorentine.agence-etco.dev\\\/fr\\\/#\\\/schema\\\/logo\\\/image\\\/\"}}]}<\/script>\n<!-- \/ Yoast SEO plugin. -->","yoast_head_json":{"title":"Menu du midi | Ben &amp; Florentine","description":"Optez pour notre menu brunch qu'on a d\u00e9clin\u00e9 en menu midi question de faire durer le plaisir.","robots":{"index":"index","follow":"follow","max-snippet":"max-snippet:-1","max-image-preview":"max-image-preview:large","max-video-preview":"max-video-preview:-1"},"canonical":"https:\/\/benetflorentine.agence-etco.dev\/fr\/menu\/midi\/","og_locale":"fr_FR","og_type":"article","og_title":"Menu du midi | Ben &amp; Florentine","og_description":"Optez pour notre menu brunch qu'on a d\u00e9clin\u00e9 en menu midi question de faire durer le plaisir.","og_url":"https:\/\/benetflorentine.agence-etco.dev\/fr\/menu\/midi\/","og_site_name":"Ben &amp; Florentine","article_modified_time":"2023-05-09T20:01:38+00:00","og_image":[{"width":2560,"height":2466,"url":"https:\/\/benetflorentine.agence-etco.dev\/wp-content\/uploads\/2023\/05\/Poutine_Top_View-scaled.jpg","type":"image\/jpeg"}],"twitter_card":"summary_large_image","twitter_misc":{"Est. reading time":"1 minute"},"schema":{"@context":"https:\/\/schema.org","@graph":[{"@type":"WebPage","@id":"https:\/\/benetflorentine.agence-etco.dev\/fr\/menu\/midi\/","url":"https:\/\/benetflorentine.agence-etco.dev\/fr\/menu\/midi\/","name":"Menu du midi | Ben &amp; Florentine","isPartOf":{"@id":"https:\/\/benetflorentine.agence-etco.dev\/fr\/#website"},"primaryImageOfPage":{"@id":"https:\/\/benetflorentine.agence-etco.dev\/fr\/menu\/midi\/#primaryimage"},"image":{"@id":"https:\/\/benetflorentine.agence-etco.dev\/fr\/menu\/midi\/#primaryimage"},"thumbnailUrl":"https:\/\/benetflorentine.agence-etco.dev\/wp-content\/uploads\/2023\/05\/Poutine_Top_View-scaled.jpg","datePublished":"2022-09-04T01:10:25+00:00","dateModified":"2023-05-09T20:01:38+00:00","description":"Optez pour notre menu brunch qu'on a d\u00e9clin\u00e9 en menu midi question de faire durer le plaisir.","breadcrumb":{"@id":"https:\/\/benetflorentine.agence-etco.dev\/fr\/menu\/midi\/#breadcrumb"},"inLanguage":"fr-FR","potentialAction":[{"@type":"ReadAction","target":["https:\/\/benetflorentine.agence-etco.dev\/fr\/menu\/midi\/"]}]},{"@type":"ImageObject","inLanguage":"fr-FR","@id":"https:\/\/benetflorentine.agence-etco.dev\/fr\/menu\/midi\/#primaryimage","url":"https:\/\/benetflorentine.agence-etco.dev\/wp-content\/uploads\/2023\/05\/Poutine_Top_View-scaled.jpg","contentUrl":"https:\/\/benetflorentine.agence-etco.dev\/wp-content\/uploads\/2023\/05\/Poutine_Top_View-scaled.jpg","width":2560,"height":2466},{"@type":"BreadcrumbList","@id":"https:\/\/benetflorentine.agence-etco.dev\/fr\/menu\/midi\/#breadcrumb","itemListElement":[{"@type":"ListItem","position":1,"name":"Menu","item":"https:\/\/benetflorentine.agence-etco.dev\/fr\/menu\/"},{"@type":"ListItem","position":2,"name":"Menu du midi"}]},{"@type":"WebSite","@id":"https:\/\/benetflorentine.agence-etco.dev\/fr\/#website","url":"https:\/\/benetflorentine.agence-etco.dev\/fr\/","name":"Ben &amp; Florentine","description":"Brunch &amp; Breakfast\u200e","publisher":{"@id":"https:\/\/benetflorentine.agence-etco.dev\/fr\/#organization"},"potentialAction":[{"@type":"SearchAction","target":{"@type":"EntryPoint","urlTemplate":"https:\/\/benetflorentine.agence-etco.dev\/fr\/?s={search_term_string}"},"query-input":{"@type":"PropertyValueSpecification","valueRequired":true,"valueName":"search_term_string"}}],"inLanguage":"fr-FR"},{"@type":"Organization","@id":"https:\/\/benetflorentine.agence-etco.dev\/fr\/#organization","name":"Ben &amp; Florentine","url":"https:\/\/benetflorentine.agence-etco.dev\/fr\/","logo":{"@type":"ImageObject","inLanguage":"fr-FR","@id":"https:\/\/benetflorentine.agence-etco.dev\/fr\/#\/schema\/logo\/image\/","url":"https:\/\/benetflorentine.agence-etco.dev\/wp-content\/uploads\/2020\/02\/cropped-benflorentine_logo.png","contentUrl":"https:\/\/benetflorentine.agence-etco.dev\/wp-content\/uploads\/2020\/02\/cropped-benflorentine_logo.png","width":553,"height":206,"caption":"Ben &amp; Florentine"},"image":{"@id":"https:\/\/benetflorentine.agence-etco.dev\/fr\/#\/schema\/logo\/image\/"}}]}},"_links":{"self":[{"href":"https:\/\/benetflorentine.agence-etco.dev\/fr\/wp-json\/wp\/v2\/pages\/12849","targetHints":{"allow":["GET"]}}],"collection":[{"href":"https:\/\/benetflorentine.agence-etco.dev\/fr\/wp-json\/wp\/v2\/pages"}],"about":[{"href":"https:\/\/benetflorentine.agence-etco.dev\/fr\/wp-json\/wp\/v2\/types\/page"}],"author":[{"embeddable":true,"href":"https:\/\/benetflorentine.agence-etco.dev\/fr\/wp-json\/wp\/v2\/users\/10"}],"replies":[{"embeddable":true,"href":"https:\/\/benetflorentine.agence-etco.dev\/fr\/wp-json\/wp\/v2\/comments?post=12849"}],"version-history":[{"count":12,"href":"https:\/\/benetflorentine.agence-etco.dev\/fr\/wp-json\/wp\/v2\/pages\/12849\/revisions"}],"predecessor-version":[{"id":15787,"href":"https:\/\/benetflorentine.agence-etco.dev\/fr\/wp-json\/wp\/v2\/pages\/12849\/revisions\/15787"}],"up":[{"embeddable":true,"href":"https:\/\/benetflorentine.agence-etco.dev\/fr\/wp-json\/wp\/v2\/pages\/55"}],"wp:featuredmedia":[{"embeddable":true,"href":"https:\/\/benetflorentine.agence-etco.dev\/fr\/wp-json\/wp\/v2\/media\/15693"}],"wp:attachment":[{"href":"https:\/\/benetflorentine.agence-etco.dev\/fr\/wp-json\/wp\/v2\/media?parent=12849"}],"wp:term":[{"taxonomy":"category","embeddable":true,"href":"https:\/\/benetflorentine.agence-etco.dev\/fr\/wp-json\/wp\/v2\/categories?post=12849"},{"taxonomy":"post_tag","embeddable":true,"href":"https:\/\/benetflorentine.agence-etco.dev\/fr\/wp-json\/wp\/v2\/tags?post=12849"}],"curies":[{"name":"wp","href":"https:\/\/api.w.org\/{rel}","templated":true}]}}