{"id":2521,"date":"2020-02-19T14:45:54","date_gmt":"2020-02-19T19:45:54","guid":{"rendered":"https:\/\/benetflorentine.agence-etco.dev\/newsletter\/"},"modified":"2026-01-20T09:28:20","modified_gmt":"2026-01-20T14:28:20","slug":"infolettre","status":"publish","type":"page","link":"https:\/\/benetflorentine.agence-etco.dev\/fr\/infolettre\/","title":{"rendered":"Infolettre"},"content":{"rendered":"<div class=\"gb-container gb-container-0b062dd1 staticPage-header-container staticPage-header-container-with-bg alignfull\"><div class=\"gb-inside-container\">\n\n<h1 class=\"gb-headline gb-headline-32073751 gb-headline-text\">Abonnez-vous \u00e0 <strong>notre infolettre<\/strong><\/h1>\n\n\n\n<p class=\"gb-headline gb-headline-6e7c5f81 gb-headline-text\">Soyez les premiers \u00e0 conna\u00eetre nos nouveaut\u00e9s, nos innovations culinaires, nos promotions et tout ce qui se passe dans nos restaurants.<\/p>\n\n<\/div><\/div>\n\n\n<!-- Begin Mailchimp Signup Form -->\n<link href=\"\/\/cdn-images.mailchimp.com\/embedcode\/classic-071822.css\" rel=\"stylesheet\" type=\"text\/css\">\n<style type=\"text\/css\">\n\t#mc_embed_signup{background:#f3f3f3; clear:left; font:14px Helvetica,Arial,sans-serif;  width:600px;}\n\t\/* Add your own Mailchimp form style overrides in your site stylesheet or in this style block.\n\t   We recommend moving this block and the preceding CSS link to the HEAD of your HTML file. *\/\n<\/style>\n<div id=\"mc_embed_signup\">\n    <form action=\"https:\/\/benetflorentine.us2.list-manage.com\/subscribe\/post?u=f65086efbf5332da9e6f43a4b&amp;id=593e530ccd&amp;f_id=00484ee0f0\" method=\"post\" id=\"mc-embedded-subscribe-form\" name=\"mc-embedded-subscribe-form\" class=\"validate\" target=\"_blank\" novalidate=\"\">\n        <div id=\"mc_embed_signup_scroll\">\n        \n        <div class=\"indicates-required\"><span class=\"asterisk\">*<\/span> indicates required<\/div>\n<div class=\"mc-field-group\">\n\t<label for=\"mce-EMAIL\">Email  <span class=\"asterisk\">*<\/span>\n<\/label>\n\t<input type=\"email\" value=\"\" name=\"EMAIL\" class=\"required email\" id=\"mce-EMAIL\" required=\"\">\n\t<span id=\"mce-EMAIL-HELPERTEXT\" class=\"helper_text\"><\/span>\n<\/div>\n<div class=\"mc-field-group\">\n\t<label for=\"mce-FNAME\">Pr\u00e9nom <\/label>\n\t<input type=\"text\" value=\"\" name=\"FNAME\" class=\"\" id=\"mce-FNAME\">\n\t<span id=\"mce-FNAME-HELPERTEXT\" class=\"helper_text\"><\/span>\n<\/div>\n<div class=\"mc-field-group\">\n\t<label for=\"mce-LNAME\">Nom<\/label>\n\t<input type=\"text\" value=\"\" name=\"LNAME\" class=\"\" id=\"mce-LNAME\">\n\t<span id=\"mce-LNAME-HELPERTEXT\" class=\"helper_text\"><\/span>\n<\/div>\n<div class=\"mc-field-group\">\n\t<label for=\"mce-MMERGE9\">Langue<\/label>\n\t<select name=\"MMERGE9\" class=\"\" id=\"mce-MMERGE9\">\n\t<option value=\"\"><\/option>\n\t<option value=\"Fran\u00e7ais\">Fran\u00e7ais<\/option>\n<option value=\"English\">English<\/option>\n\n\t<\/select>\n\t<span id=\"mce-MMERGE9-HELPERTEXT\" class=\"helper_text\"><\/span>\n<\/div>\n<div class=\"mc-field-group size1of2\">\n\t<label for=\"mce-BIRTHDAY-month\">Date de f\u00eate<\/label>\n\t<div class=\"datefield\">\n\t\t<span class=\"subfield monthfield\">\n\t\t\t<input class=\"birthday \" type=\"text\" pattern=\"[0-9]*\" value=\"\" placeholder=\"MM\" size=\"2\" maxlength=\"2\" name=\"BIRTHDAY[month]\" id=\"mce-BIRTHDAY-month\">\n\t\t<\/span> \/ \n\t\t<span class=\"subfield dayfield\">\n\t\t\t<input class=\"birthday \" type=\"text\" pattern=\"[0-9]*\" value=\"\" placeholder=\"DD\" size=\"2\" maxlength=\"2\" name=\"BIRTHDAY[day]\" id=\"mce-BIRTHDAY-day\">\n\t\t<\/span> \n\t\t<span class=\"small-meta nowrap\">( mm \/ dd )<\/span>\n\t<\/div>\n\t<span id=\"mce-BIRTHDAY-HELPERTEXT\" class=\"helper_text\"><\/span>\n<\/div><div class=\"mc-field-group\">\n\t<label for=\"mce-PROVINCE\">Province <\/label>\n\t<select name=\"PROVINCE\" class=\"\" id=\"mce-PROVINCE\">\n\t<option value=\"\"><\/option>\n\t<option value=\"Qu\u00e9bec\">Qu\u00e9bec<\/option>\n<option value=\"Ontario\">Ontario<\/option>\n<option value=\"Manitoba\">Manitoba<\/option>\n<option value=\"Nova Scotia\">Nova Scotia<\/option>\n\n\t<\/select>\n\t<span id=\"mce-PROVINCE-HELPERTEXT\" class=\"helper_text\"><\/span>\n<\/div>\n<div class=\"mc-field-group\">\n\t<label for=\"mce-SUCCURSALE\">B&amp;F favori <\/label>\n\t<select name=\"SUCCURSALE\" class=\"\" id=\"mce-SUCCURSALE\">\n\t<option value=\"\"><\/option>\n\t<option value=\"Ange-Gardien\">Ange-Gardien<\/option>\n<option value=\"Anjou\">Anjou<\/option>\n<option value=\"Aylmer\">Aylmer<\/option>\n<option value=\"Beauharnois\">Beauharnois<\/option>\n<option value=\"Beloeil\">Beloeil<\/option>\n<option value=\"Blainville\">Blainville<\/option>\n<option value=\"Boucherville\">Boucherville<\/option>\n<option value=\"Brossard (Carrefour)\">Brossard (Carrefour)<\/option>\n<option value=\"Brossard (Taschereau)\">Brossard (Taschereau)<\/option>\n<option value=\"Candiac\">Candiac<\/option>\n<option value=\"Carignan\">Carignan<\/option>\n<option value=\"Chicoutimi\">Chicoutimi<\/option>\n<option value=\"Cowansville\">Cowansville<\/option>\n<option value=\"Dollard-Des-Ormeaux\">Dollard-Des-Ormeaux<\/option>\n<option value=\"Drummondville\">Drummondville<\/option>\n<option value=\"Gatineau\">Gatineau<\/option>\n<option value=\"Granby\">Granby<\/option>\n<option value=\"Halifax (Hemlock Square)\">Halifax (Hemlock Square)<\/option>\n<option value=\"\u00cele Des S\u0153urs\">\u00cele Des S\u0153urs<\/option>\n<option value=\"Kirkland\">Kirkland<\/option>\n<option value=\"La Prairie\">La Prairie<\/option>\n<option value=\"Lachenaie\">Lachenaie<\/option>\n<option value=\"Laval (Saint-Martin)\">Laval (Saint-Martin)<\/option>\n<option value=\"Laval (Ste-Doroth\u00e9e)\">Laval (Ste-Doroth\u00e9e)<\/option>\n<option value=\"Laval (Val-Des-Brises)\">Laval (Val-Des-Brises)<\/option>\n<option value=\"L\u00e9vis (Saint-Nicolas)\">L\u00e9vis (Saint-Nicolas)<\/option>\n<option value=\"L\u00e9vis (Place kennedy)\">L\u00e9vis (Place kennedy)<\/option>\n<option value=\"L\u00e9vis (Saint-Romuald)\">L\u00e9vis (Saint-Romuald)<\/option>\n<option value=\"Longueuil (Chemin Chambly)\">Longueuil (Chemin Chambly)<\/option>\n<option value=\"Longueuil (rue du Colis\u00e9)\">Longueuil (rue du Colis\u00e9)<\/option>\n<option value=\"Mascouche\">Mascouche<\/option>\n<option value=\"Mirabel (St-Canut)\">Mirabel (St-Canut)<\/option>\n<option value=\"Montr\u00e9al (Downtown - Centre-ville)\">Montr\u00e9al (Downtown &#8211; Centre-ville)<\/option>\n<option value=\"Montr\u00e9al (Ville Saint-Laurent)\">Montr\u00e9al (Ville Saint-Laurent)<\/option>\n<option value=\"Oakville\">Oakville<\/option>\n<option value=\"Pincourt\">Pincourt<\/option>\n<option value=\"Pr\u00e9vost\">Pr\u00e9vost<\/option>\n<option value=\"Qu\u00e9bec (Beauport)\">Qu\u00e9bec (Beauport)<\/option>\n<option value=\"Qu\u00e9bec (Sainte-Foy)\">Qu\u00e9bec (Sainte-Foy)<\/option>\n<option value=\"Qu\u00e9bec (Val-B\u00e9lair)\">Qu\u00e9bec (Val-B\u00e9lair)<\/option>\n<option value=\"Qu\u00e9bec (Ancienne-Lorette)\">Qu\u00e9bec (Ancienne-Lorette)<\/option>\n<option value=\"Qu\u00e9bec (Chauveau)\">Qu\u00e9bec (Chauveau)<\/option>\n<option value=\"Qu\u00e9bec (Donnacona)\">Qu\u00e9bec (Donnacona)<\/option>\n<option value=\"Saint-Basile-Le-Grand\">Saint-Basile-Le-Grand<\/option>\n<option value=\"Saint-Hyacinthe\">Saint-Hyacinthe<\/option>\n<option value=\"Saint-Jean-Sur-Richelieu\">Saint-Jean-Sur-Richelieu<\/option>\n<option value=\"Sainte-Julie\">Sainte-Julie<\/option>\n<option value=\"Sainte-Th\u00e9r\u00e8se\">Sainte-Th\u00e9r\u00e8se<\/option>\n<option value=\"Salaberry-De-Valleyfield\">Salaberry-De-Valleyfield<\/option>\n<option value=\"Sherbrooke (rue Galt Ouest)\">Sherbrooke (rue Galt Ouest)<\/option>\n<option value=\"Sherbrooke (Fleurimont)\">Sherbrooke (Fleurimont)<\/option>\n<option value=\"Sorel-Tracy\">Sorel-Tracy<\/option>\n<option value=\"Terrebonne (Grande All\u00e9e)\">Terrebonne (Grande All\u00e9e)<\/option>\n<option value=\"Terrebonne (La Pini\u00e8re)\">Terrebonne (La Pini\u00e8re)<\/option>\n<option value=\"Terrebonne (Rang Saint-Fran\u00e7ois)\">Terrebonne (Rang Saint-Fran\u00e7ois)<\/option>\n<option value=\"Thetford Mines\">Thetford Mines<\/option>\n<option value=\"Trois-Rivi\u00e8res\">Trois-Rivi\u00e8res<\/option>\n<option value=\"Trois-Rivi\u00e8res (Cap-De-La-Madeleine)\">Trois-Rivi\u00e8res (Cap-De-La-Madeleine)<\/option>\n<option value=\"Valleyfield\">Valleyfield<\/option>\n<option value=\"Vaudreuil-Dorion\">Vaudreuil-Dorion<\/option>\n<option value=\"Victoriaville\">Victoriaville<\/option>\n<option value=\"Winnipeg Kenaston\">Winnipeg Kenaston<\/option>\n<option value=\"Winnipeg Polo Park\">Winnipeg Polo Park<\/option>\n<option value=\"Winnipeg Regent\">Winnipeg Regent<\/option>\n\n\t<\/select>\n\t<span id=\"mce-SUCCURSALE-HELPERTEXT\" class=\"helper_text\"><\/span>\n<\/div>\n<p style=\"font-style:italic;font-weight:400\">En vous abonnant \u00e0 l\u2019infolettre de BEN&#038;FLORENTINE, vous acceptez que vos renseignements personnels soient recueillis et conserv\u00e9s par des fournisseurs de services qui ont \u00e9tabli un partenariat avec BEN&#038;FLORENTINE. Vos renseignements seront partag\u00e9s avec BEN&#038;FLORENTINE pour vous envoyer les derni\u00e8res nouvelles sur les articles de menu, les offres \u00e0 dur\u00e9e limit\u00e9e et les concours directement dans votre bo\u00eete de r\u00e9ception. \u00c0 l&rsquo;occasion, BEN&#038;FLORENTINE ou ses fournisseurs de services peuvent vous demander vos commentaires sous forme de sondage, ce qui nous permettra d&rsquo;am\u00e9liorer les produits et services que nous vous offrons.<\/p>\n<p style=\"font-style:italic;font-weight:400\">Vous pouvez vous d\u00e9sinscrire \u00e0 tout moment en cliquant sur le bouton de d\u00e9sinscription qui se trouve dans l\u2019infolettre. Vous avez \u00e9galement le droit d&rsquo;acc\u00e9der \u00e0 vos renseignements personnels ou de corriger toute inexactitude, le cas \u00e9ch\u00e9ant.<\/p>\n<p style=\"font-style:italic;font-weight:400\">Avant de vous inscrire \u00e0 l\u2019infolettre, nous vous demandons de lire et d&rsquo;accepter les termes de la politique de confidentialit\u00e9 de BEN&#038;FLORENTINE, <a rel=\"noreferrer noopener\" href=\"https:\/\/mtygroup.com\/politique-de-confidentialite\/\" target=\"_blank\" style=\"\n    font-family: Helvetica,Arial,sans-serif;\n\">ici<\/a>.<\/p>\n<div class=\"privacy-policy\">\n<div class=\"check-b mc-field-group\" style=\"display:flex;\">\n<input type=\"checkbox\" id=\"privacy-checkbox\" name=\"privacy-checkbox\" class=\"required\" value=\"checked\" required=\"\" style=\"\n    margin-top: 5px;\n    margin-right: 1em;\n    width: 20px;\n\">\n<label for=\"privacy-checkbox\"><span class=\"asterisk\">*<\/span> Oui, j&rsquo;ai lu et j&rsquo;accepte les conditions de la politique de confidentialit\u00e9 de BEN&#038;FLORENTINE et je souhaite m&rsquo;inscrire \u00e0 l\u2019infolettre !<\/label><br>\n\n<\/div>\n<\/div>\n<div hidden=\"true\"><input type=\"hidden\" name=\"tags\" value=\"1324265\"><\/div>\n\t<div id=\"mce-responses\" class=\"clear\">\n\t\t<div class=\"response\" id=\"mce-error-response\" style=\"display:none\"><\/div>\n\t\t<div class=\"response\" id=\"mce-success-response\" style=\"display:none\"><\/div>\n\t<\/div>    <!-- real people should not fill this in and expect good things - do not remove this or risk form bot signups-->\n    <div style=\"position: absolute; left: -5000px;\" aria-hidden=\"true\"><input type=\"text\" name=\"b_f65086efbf5332da9e6f43a4b_593e530ccd\" tabindex=\"-1\" value=\"\"><\/div>\n    <div class=\"clear\"><input type=\"submit\" value=\"S\u2019inscrire\" name=\"subscribe\" id=\"mc-embedded-subscribe\" class=\"button\"><\/div>\n    <\/div>\n<\/form>\n<\/div>\n<script type=\"text\/javascript\" src=\"\/\/s3.amazonaws.com\/downloads.mailchimp.com\/js\/mc-validate.js\"><\/script><script type=\"text\/javascript\">(function($) {window.fnames = new Array(); window.ftypes = new Array();fnames[1]='FNAME';ftypes[1]='text';fnames[2]='LNAME';ftypes[2]='text';fnames[0]='EMAIL';ftypes[0]='email';fnames[9]='MMERGE9';ftypes[9]='dropdown';fnames[5]='BIRTHDAY';ftypes[5]='birthday';fnames[4]='PROVINCE';ftypes[4]='dropdown';fnames[3]='MMERGE3';ftypes[3]='text';fnames[6]='SUCCURSALE';ftypes[6]='dropdown'; \/*\n * Translated default messages for the $ validation plugin.\n * Locale: FR\n *\/\n$.extend($.validator.messages, {\n        required: \"Ce champ est requis.\",\n        remote: \"Veuillez remplir ce champ pour continuer.\",\n        email: \"Veuillez entrer une adresse email valide.\",\n        url: \"Veuillez entrer une URL valide.\",\n        date: \"Veuillez entrer une date valide.\",\n        dateISO: \"Veuillez entrer une date valide (ISO).\",\n        number: \"Veuillez entrer un nombre valide.\",\n        digits: \"Veuillez entrer (seulement) une valeur num\u00e9rique.\",\n        creditcard: \"Veuillez entrer un num\u00e9ro de carte de cr\u00e9dit valide.\",\n        equalTo: \"Veuillez entrer une nouvelle fois la m\u00eame valeur.\",\n        accept: \"Veuillez entrer une valeur avec une extension valide.\",\n        maxlength: $.validator.format(\"Veuillez ne pas entrer plus de {0} caract\u00e8res.\"),\n        minlength: $.validator.format(\"Veuillez entrer au moins {0} caract\u00e8res.\"),\n        rangelength: $.validator.format(\"Veuillez entrer entre {0} et {1} caract\u00e8res.\"),\n        range: $.validator.format(\"Veuillez entrer une valeur entre {0} et {1}.\"),\n        max: $.validator.format(\"Veuillez entrer une valeur inf\u00e9rieure ou \u00e9gale \u00e0 {0}.\"),\n        min: $.validator.format(\"Veuillez entrer une valeur sup\u00e9rieure ou \u00e9gale \u00e0 {0}.\")\n});}(jQuery));var $mcj = jQuery.noConflict(true);<\/script>\n<!--End mc_embed_signup-->\n\n\n<div class=\"gb-container gb-container-a5f5804e\">\n\n<figure class=\"wp-block-embed is-type-video is-provider-youtube wp-block-embed-youtube wp-embed-aspect-16-9 wp-has-aspect-ratio\"><div class=\"wp-block-embed__wrapper\">\n<iframe title=\"A day in the life | Quebec\" width=\"1200\" height=\"675\" src=\"https:\/\/www.youtube.com\/embed\/pygvHl8AD9Y?feature=oembed\" frameborder=\"0\" allow=\"accelerometer; autoplay; clipboard-write; encrypted-media; gyroscope; picture-in-picture; web-share\" referrerpolicy=\"strict-origin-when-cross-origin\" allowfullscreen><\/iframe>\n<\/div><\/figure>\n\n<\/div>\n\n","protected":false},"excerpt":{"rendered":"<p>Abonnez-vous \u00e0 notre infolettre Soyez les premiers \u00e0 conna\u00eetre nos nouveaut\u00e9s, nos innovations culinaires, nos promotions et tout ce qui se passe dans nos restaurants. * indicates required Email * Pr\u00e9nom Nom Langue Fran\u00e7aisEnglish Date de f\u00eate \/ ( mm \/ dd ) Province Qu\u00e9becOntarioManitobaNova Scotia B&amp;F favori Ange-GardienAnjouAylmerBeauharnoisBeloeilBlainvilleBouchervilleBrossard (Carrefour)Brossard (Taschereau)CandiacCarignanChicoutimiCowansvilleDollard-Des-OrmeauxDrummondvilleGatineauGranbyHalifax (Hemlock Square)\u00cele Des S\u0153ursKirklandLa &#8230; <a title=\"Infolettre\" class=\"read-more\" href=\"https:\/\/benetflorentine.agence-etco.dev\/fr\/infolettre\/\" aria-label=\"Read more about Infolettre\">Read more<\/a><\/p>\n","protected":false},"author":10,"featured_media":0,"parent":0,"menu_order":0,"comment_status":"closed","ping_status":"closed","template":"","meta":{"inline_featured_image":false,"footnotes":""},"categories":[],"tags":[],"class_list":["post-2521","page","type-page","status-publish"],"yoast_head":"<!-- This site is optimized with the Yoast SEO plugin v27.5 - https:\/\/yoast.com\/product\/yoast-seo-wordpress\/ -->\n<title>Abonnez-vous \u00e0 notre infolettre | Ben &amp; Florentine<\/title>\n<meta name=\"description\" content=\"Restez inform\u00e9 pour conna\u00eetre toutes nos nouveaut\u00e9s, promotions et innovations culinaires.\" \/>\n<meta name=\"robots\" content=\"index, follow, max-snippet:-1, max-image-preview:large, max-video-preview:-1\" \/>\n<link rel=\"canonical\" href=\"https:\/\/benetflorentine.agence-etco.dev\/fr\/infolettre\/\" \/>\n<meta property=\"og:locale\" content=\"fr_FR\" \/>\n<meta property=\"og:type\" content=\"article\" \/>\n<meta property=\"og:title\" content=\"Abonnez-vous \u00e0 notre infolettre | Ben &amp; Florentine\" \/>\n<meta property=\"og:description\" content=\"Restez inform\u00e9 pour conna\u00eetre toutes nos nouveaut\u00e9s, promotions et innovations culinaires.\" \/>\n<meta property=\"og:url\" content=\"https:\/\/benetflorentine.agence-etco.dev\/fr\/infolettre\/\" \/>\n<meta property=\"og:site_name\" content=\"Ben &amp; Florentine\" \/>\n<meta property=\"article:modified_time\" content=\"2026-01-20T14:28:20+00:00\" \/>\n<meta name=\"twitter:card\" content=\"summary_large_image\" \/>\n<meta name=\"twitter:label1\" content=\"Est. reading time\" \/>\n\t<meta name=\"twitter:data1\" content=\"2 minutes\" \/>\n<script type=\"application\/ld+json\" class=\"yoast-schema-graph\">{\"@context\":\"https:\\\/\\\/schema.org\",\"@graph\":[{\"@type\":\"WebPage\",\"@id\":\"https:\\\/\\\/benetflorentine.agence-etco.dev\\\/fr\\\/infolettre\\\/\",\"url\":\"https:\\\/\\\/benetflorentine.agence-etco.dev\\\/fr\\\/infolettre\\\/\",\"name\":\"Abonnez-vous \u00e0 notre infolettre | Ben & Florentine\",\"isPartOf\":{\"@id\":\"https:\\\/\\\/benetflorentine.agence-etco.dev\\\/fr\\\/#website\"},\"datePublished\":\"2020-02-19T19:45:54+00:00\",\"dateModified\":\"2026-01-20T14:28:20+00:00\",\"description\":\"Restez inform\u00e9 pour conna\u00eetre toutes nos nouveaut\u00e9s, promotions et innovations culinaires.\",\"inLanguage\":\"fr-FR\",\"potentialAction\":[{\"@type\":\"ReadAction\",\"target\":[\"https:\\\/\\\/benetflorentine.agence-etco.dev\\\/fr\\\/infolettre\\\/\"]}]},{\"@type\":\"WebSite\",\"@id\":\"https:\\\/\\\/benetflorentine.agence-etco.dev\\\/fr\\\/#website\",\"url\":\"https:\\\/\\\/benetflorentine.agence-etco.dev\\\/fr\\\/\",\"name\":\"Ben &amp; Florentine\",\"description\":\"Brunch &amp; Breakfast\u200e\",\"publisher\":{\"@id\":\"https:\\\/\\\/benetflorentine.agence-etco.dev\\\/fr\\\/#organization\"},\"potentialAction\":[{\"@type\":\"SearchAction\",\"target\":{\"@type\":\"EntryPoint\",\"urlTemplate\":\"https:\\\/\\\/benetflorentine.agence-etco.dev\\\/fr\\\/?s={search_term_string}\"},\"query-input\":{\"@type\":\"PropertyValueSpecification\",\"valueRequired\":true,\"valueName\":\"search_term_string\"}}],\"inLanguage\":\"fr-FR\"},{\"@type\":\"Organization\",\"@id\":\"https:\\\/\\\/benetflorentine.agence-etco.dev\\\/fr\\\/#organization\",\"name\":\"Ben &amp; Florentine\",\"url\":\"https:\\\/\\\/benetflorentine.agence-etco.dev\\\/fr\\\/\",\"logo\":{\"@type\":\"ImageObject\",\"inLanguage\":\"fr-FR\",\"@id\":\"https:\\\/\\\/benetflorentine.agence-etco.dev\\\/fr\\\/#\\\/schema\\\/logo\\\/image\\\/\",\"url\":\"https:\\\/\\\/benetflorentine.agence-etco.dev\\\/wp-content\\\/uploads\\\/2020\\\/02\\\/cropped-benflorentine_logo.png\",\"contentUrl\":\"https:\\\/\\\/benetflorentine.agence-etco.dev\\\/wp-content\\\/uploads\\\/2020\\\/02\\\/cropped-benflorentine_logo.png\",\"width\":553,\"height\":206,\"caption\":\"Ben &amp; Florentine\"},\"image\":{\"@id\":\"https:\\\/\\\/benetflorentine.agence-etco.dev\\\/fr\\\/#\\\/schema\\\/logo\\\/image\\\/\"}}]}<\/script>\n<!-- \/ Yoast SEO plugin. -->","yoast_head_json":{"title":"Abonnez-vous \u00e0 notre infolettre | Ben & Florentine","description":"Restez inform\u00e9 pour conna\u00eetre toutes nos nouveaut\u00e9s, promotions et innovations culinaires.","robots":{"index":"index","follow":"follow","max-snippet":"max-snippet:-1","max-image-preview":"max-image-preview:large","max-video-preview":"max-video-preview:-1"},"canonical":"https:\/\/benetflorentine.agence-etco.dev\/fr\/infolettre\/","og_locale":"fr_FR","og_type":"article","og_title":"Abonnez-vous \u00e0 notre infolettre | Ben & Florentine","og_description":"Restez inform\u00e9 pour conna\u00eetre toutes nos nouveaut\u00e9s, promotions et innovations culinaires.","og_url":"https:\/\/benetflorentine.agence-etco.dev\/fr\/infolettre\/","og_site_name":"Ben &amp; Florentine","article_modified_time":"2026-01-20T14:28:20+00:00","twitter_card":"summary_large_image","twitter_misc":{"Est. reading time":"2 minutes"},"schema":{"@context":"https:\/\/schema.org","@graph":[{"@type":"WebPage","@id":"https:\/\/benetflorentine.agence-etco.dev\/fr\/infolettre\/","url":"https:\/\/benetflorentine.agence-etco.dev\/fr\/infolettre\/","name":"Abonnez-vous \u00e0 notre infolettre | Ben & Florentine","isPartOf":{"@id":"https:\/\/benetflorentine.agence-etco.dev\/fr\/#website"},"datePublished":"2020-02-19T19:45:54+00:00","dateModified":"2026-01-20T14:28:20+00:00","description":"Restez inform\u00e9 pour conna\u00eetre toutes nos nouveaut\u00e9s, promotions et innovations culinaires.","inLanguage":"fr-FR","potentialAction":[{"@type":"ReadAction","target":["https:\/\/benetflorentine.agence-etco.dev\/fr\/infolettre\/"]}]},{"@type":"WebSite","@id":"https:\/\/benetflorentine.agence-etco.dev\/fr\/#website","url":"https:\/\/benetflorentine.agence-etco.dev\/fr\/","name":"Ben &amp; Florentine","description":"Brunch &amp; Breakfast\u200e","publisher":{"@id":"https:\/\/benetflorentine.agence-etco.dev\/fr\/#organization"},"potentialAction":[{"@type":"SearchAction","target":{"@type":"EntryPoint","urlTemplate":"https:\/\/benetflorentine.agence-etco.dev\/fr\/?s={search_term_string}"},"query-input":{"@type":"PropertyValueSpecification","valueRequired":true,"valueName":"search_term_string"}}],"inLanguage":"fr-FR"},{"@type":"Organization","@id":"https:\/\/benetflorentine.agence-etco.dev\/fr\/#organization","name":"Ben &amp; Florentine","url":"https:\/\/benetflorentine.agence-etco.dev\/fr\/","logo":{"@type":"ImageObject","inLanguage":"fr-FR","@id":"https:\/\/benetflorentine.agence-etco.dev\/fr\/#\/schema\/logo\/image\/","url":"https:\/\/benetflorentine.agence-etco.dev\/wp-content\/uploads\/2020\/02\/cropped-benflorentine_logo.png","contentUrl":"https:\/\/benetflorentine.agence-etco.dev\/wp-content\/uploads\/2020\/02\/cropped-benflorentine_logo.png","width":553,"height":206,"caption":"Ben &amp; Florentine"},"image":{"@id":"https:\/\/benetflorentine.agence-etco.dev\/fr\/#\/schema\/logo\/image\/"}}]}},"_links":{"self":[{"href":"https:\/\/benetflorentine.agence-etco.dev\/fr\/wp-json\/wp\/v2\/pages\/2521","targetHints":{"allow":["GET"]}}],"collection":[{"href":"https:\/\/benetflorentine.agence-etco.dev\/fr\/wp-json\/wp\/v2\/pages"}],"about":[{"href":"https:\/\/benetflorentine.agence-etco.dev\/fr\/wp-json\/wp\/v2\/types\/page"}],"author":[{"embeddable":true,"href":"https:\/\/benetflorentine.agence-etco.dev\/fr\/wp-json\/wp\/v2\/users\/10"}],"replies":[{"embeddable":true,"href":"https:\/\/benetflorentine.agence-etco.dev\/fr\/wp-json\/wp\/v2\/comments?post=2521"}],"version-history":[{"count":53,"href":"https:\/\/benetflorentine.agence-etco.dev\/fr\/wp-json\/wp\/v2\/pages\/2521\/revisions"}],"predecessor-version":[{"id":17061,"href":"https:\/\/benetflorentine.agence-etco.dev\/fr\/wp-json\/wp\/v2\/pages\/2521\/revisions\/17061"}],"wp:attachment":[{"href":"https:\/\/benetflorentine.agence-etco.dev\/fr\/wp-json\/wp\/v2\/media?parent=2521"}],"wp:term":[{"taxonomy":"category","embeddable":true,"href":"https:\/\/benetflorentine.agence-etco.dev\/fr\/wp-json\/wp\/v2\/categories?post=2521"},{"taxonomy":"post_tag","embeddable":true,"href":"https:\/\/benetflorentine.agence-etco.dev\/fr\/wp-json\/wp\/v2\/tags?post=2521"}],"curies":[{"name":"wp","href":"https:\/\/api.w.org\/{rel}","templated":true}]}}