{"id":433,"date":"2020-02-04T09:43:07","date_gmt":"2020-02-04T14:43:07","guid":{"rendered":"https:\/\/benetflorentine.agence-etco.dev\/sandwitch-burgers\/"},"modified":"2023-10-24T14:07:11","modified_gmt":"2023-10-24T18:07:11","slug":"sandwichs-burgers","status":"publish","type":"page","link":"https:\/\/benetflorentine.agence-etco.dev\/fr\/menu\/sandwichs-burgers\/","title":{"rendered":"Sandwichs &#038; Burger"},"content":{"rendered":"<div class=\"gb-container gb-container-0b062dd1 staticPage-header-container menuPage has-subMenu alignfull\"><div class=\"gb-inside-container\">\n\n<h1 class=\"has-text-align-center wp-block-heading\">Sandwichs <strong>&amp; Burger<\/strong><\/h1>\n\n\n\n<p class=\"has-text-align-center\">\u00c0 mi-chemin entre le d\u00e9jeuner et le d\u00eener, nos sandwichs et burgers r\u00e9inventent l\u2019heure du brunch.<\/p>\n\n<\/div><\/div>\n\n<div class=\"gb-container gb-container-37574103 grid-subNav alignfull\"><div class=\"gb-inside-container\">\n\n<ul class=\"wp-block-list\"><li><a href=\"#sandwichs-dejeuner\">Sandwichs d\u00e9jeuner<\/a><a href=\"#dents-salees\">Burgers<\/a><\/li><\/ul>\n\n<\/div><\/div>\n\n\n<div class=\"gb-headline gb-headline-c646a201 gb-headline-text subMenu-anchor\" id=\"sandwichs-dejeuner\"><\/div>\n\n\n<div class=\"gb-grid-wrapper gb-grid-wrapper-66aaa19e grid-menu\">\n<div class=\"gb-grid-column gb-grid-column-a89f9c43\"><div class=\"gb-container gb-container-a89f9c43 grid-menu-image\"><div class=\"gb-inside-container\"><\/div><\/div><\/div>\n\n<div class=\"gb-grid-column gb-grid-column-aa4ef3e5\"><div class=\"gb-container gb-container-aa4ef3e5 grid-menu-text\"><div class=\"gb-inside-container\">\n\n<h2 class=\"wp-block-heading\">Sandwichs d\u00e9jeuner<\/h2>\n\n\n\n<p>Tous nos sandwichs D\u00e9jeuner sont servis avec nos fameuses pommes de terre et des fruits frais.<\/p>\n\n\n\n<div class=\"gb-grid-wrapper gb-grid-wrapper-542308cf gb-query-loop-wrapper\">\n<div class=\"gb-grid-column gb-grid-column-6dda88fe gb-query-loop-item post-3040 produits type-produits status-publish hentry category-benetflorentine category-sandwichs\"><div class=\"gb-container gb-container-6dda88fe\"><div class=\"gb-inside-container\">\n<h5 class=\"gb-headline gb-headline-4dcb8768 gb-headline-text\">Bagel saumon fum\u00e9<\/h5>\n\n<p class=\"gb-headline gb-headline-59bc1b02 gb-headline-text\">Saumon fum\u00e9, oignons rouges, c\u00e2pres, tomates et fromage \u00e0 la cr\u00e8me servis avec nos fameuses pommes de terre et des fruits frais.<\/p>\n<\/div><\/div><\/div>\n\n<div class=\"gb-grid-column gb-grid-column-6dda88fe gb-query-loop-item post-2149 produits type-produits status-publish hentry category-benetflorentine category-sandwichs\"><div class=\"gb-container gb-container-6dda88fe\"><div class=\"gb-inside-container\">\n<h5 class=\"gb-headline gb-headline-4dcb8768 gb-headline-text\">Bagel BLT etc.<\/h5>\n\n<p class=\"gb-headline gb-headline-59bc1b02 gb-headline-text\">Oeuf crev\u00e9, bacon, laitue et tomates.<\/p>\n<\/div><\/div><\/div>\n\n<div class=\"gb-grid-column gb-grid-column-6dda88fe gb-query-loop-item post-2147 produits type-produits status-publish hentry category-benetflorentine category-sandwichs\"><div class=\"gb-container gb-container-6dda88fe\"><div class=\"gb-inside-container\">\n<h5 class=\"gb-headline gb-headline-4dcb8768 gb-headline-text\">Club d\u00e9jeuner<\/h5>\n\n<p class=\"gb-headline gb-headline-59bc1b02 gb-headline-text\">Oeufs crev\u00e9s, bacon, fromage ruban jaune, laitue et tomates.<\/p>\n<\/div><\/div><\/div>\n\n<div class=\"gb-grid-column gb-grid-column-6dda88fe gb-query-loop-item post-2146 produits type-produits status-publish hentry category-benetflorentine category-sandwichs\"><div class=\"gb-container gb-container-6dda88fe\"><div class=\"gb-inside-container\">\n<h5 class=\"gb-headline gb-headline-4dcb8768 gb-headline-text\">Croque d\u00e9jeuner<\/h5>\n\n<p class=\"gb-headline gb-headline-59bc1b02 gb-headline-text\">Oeuf crev\u00e9, chorizo, guacamole, m\u00e9lange de poivrons grill\u00e9s et fromage suisse sur pain 12 grains.<\/p>\n<\/div><\/div><\/div>\n<\/div>\n\n<\/div><\/div><\/div>\n<\/div>\n\n\n<div class=\"gb-headline gb-headline-5e0f46f0 gb-headline-text subMenu-anchor\" id=\"burgers\"><\/div>\n\n\n<div class=\"gb-grid-wrapper gb-grid-wrapper-7593803e grid-menu\" id=\"dents-salees\">\n<div class=\"gb-grid-column gb-grid-column-c59ec7b2\"><div class=\"gb-container gb-container-c59ec7b2 grid-menu-image\"><div class=\"gb-inside-container\"><\/div><\/div><\/div>\n\n<div class=\"gb-grid-column gb-grid-column-53c30559\"><div class=\"gb-container gb-container-53c30559 grid-menu-text\"><div class=\"gb-inside-container\">\n\n<h2 class=\"wp-block-heading\">Burger<\/h2>\n\n\n\n<p>Servi avec salade maison ou frites assaisonn\u00e9es.<a><\/a><\/p>\n\n\n\n<div class=\"gb-grid-wrapper gb-grid-wrapper-c50b639a gb-query-loop-wrapper\">\n<div class=\"gb-grid-column gb-grid-column-5491c426 gb-query-loop-item post-2150 produits type-produits status-publish hentry category-benetflorentine category-burgers\"><div class=\"gb-container gb-container-5491c426\"><div class=\"gb-inside-container\">\n<h5 class=\"gb-headline gb-headline-a45e5396 gb-headline-text\">Cheeseburger de luxe<\/h5>\n\n<p class=\"gb-headline gb-headline-fe4e8e48 gb-headline-text\">Boeuf, bacon, laitue, tomates, oignons, cornichons et fromage ruban jaune garnis d\u2019un \u0153uf. Servi avec salade maison ou frites assaisonn\u00e9es. Accompagn\u00e9 de notre sauce chipotle.<\/p>\n<\/div><\/div><\/div>\n<\/div>\n\n<\/div><\/div><\/div>\n<\/div>\n\n\n<div class=\"gb-headline gb-headline-0960ec1a gb-headline-text menuPage-background\"><\/div>\n\n\n\n<div class=\"wp-block-columns page-promotion-container is-layout-flex wp-container-core-columns-is-layout-9d6595d7 wp-block-columns-is-layout-flex\">\n<div class=\"wp-block-column is-layout-flow wp-block-column-is-layout-flow\"><div class=\"gb-container gb-container-20b354c9 page-promotion-block\"><div class=\"gb-inside-container\">\n\n<div class=\"wp-block-columns is-layout-flex wp-container-core-columns-is-layout-9d6595d7 wp-block-columns-is-layout-flex\">\n<div class=\"wp-block-column is-layout-flow wp-block-column-is-layout-flow\">\n<h2 class=\"gb-headline gb-headline-3e30c076 gb-headline-text\"><strong>Combos<\/strong><\/h2>\n\n\n\n<p>Optez pour nos combos sucr\u00e9s-sal\u00e9s.<\/p>\n\n\n\n<div class=\"wp-block-buttons alignwide is-layout-flex wp-block-buttons-is-layout-flex\">\n<div class=\"wp-block-button aligncenter button-outline\"><a class=\"wp-block-button__link\" href=\"\/fr\/menu\/nos-combos\/\">D\u00e9couvrir<\/a><\/div>\n<\/div>\n<\/div>\n\n\n\n<div class=\"wp-block-column is-layout-flow wp-block-column-is-layout-flow\">\n<figure class=\"wp-block-image size-large\"><img decoding=\"async\" src=\"https:\/\/benetflorentine.agence-etco.dev\/wp-content\/uploads\/2021\/04\/Combo-gauffre-pommes-caramel-838x800.jpg\" alt=\"po\u00eal\u00e9es ancienne\"\/><\/figure>\n<\/div>\n<\/div>\n\n<\/div><\/div><\/div>\n\n\n\n<div class=\"wp-block-column is-layout-flow wp-block-column-is-layout-flow\"><div class=\"gb-container gb-container-0da3f226 page-promotion-block\"><div class=\"gb-inside-container\">\n\n<div class=\"wp-block-columns is-layout-flex wp-container-core-columns-is-layout-9d6595d7 wp-block-columns-is-layout-flex\">\n<div class=\"wp-block-column is-layout-flow wp-block-column-is-layout-flow\">\n<h2 class=\"gb-headline gb-headline-62b6d8ec gb-headline-text\">Boissons alcoolis\u00e9es, Smoothies, Caf\u00e9s<strong>&amp; Breuvages<\/strong><\/h2>\n\n\n\n<p>Tout pour \u00e9tancher votre soif.<\/p>\n\n\n\n<div class=\"wp-block-buttons alignwide is-layout-flex wp-block-buttons-is-layout-flex\">\n<div class=\"wp-block-button aligncenter button-outline\"><a class=\"wp-block-button__link\" href=\"\/fr\/menu\/nos-breuvages\/\">D\u00e9couvrir<\/a><\/div>\n<\/div>\n<\/div>\n\n\n\n<div class=\"wp-block-column is-layout-flow wp-block-column-is-layout-flow\">\n<figure class=\"wp-block-image size-large\"><img decoding=\"async\" src=\"https:\/\/benetflorentine.agence-etco.dev\/wp-content\/uploads\/2020\/04\/smoothies.png\" alt=\"\"\/><\/figure>\n<\/div>\n<\/div>\n\n<\/div><\/div><\/div>\n<\/div>\n","protected":false},"excerpt":{"rendered":"<p>Sandwichs &amp; Burger \u00c0 mi-chemin entre le d\u00e9jeuner et le d\u00eener, nos sandwichs et burgers r\u00e9inventent l\u2019heure du brunch. Sandwichs d\u00e9jeunerBurgers Combos Optez pour nos combos sucr\u00e9s-sal\u00e9s. Boissons alcoolis\u00e9es, Smoothies, Caf\u00e9s&amp; Breuvages Tout pour \u00e9tancher votre soif.<\/p>\n","protected":false},"author":10,"featured_media":2250,"parent":55,"menu_order":0,"comment_status":"closed","ping_status":"closed","template":"","meta":{"inline_featured_image":false,"footnotes":""},"categories":[],"tags":[],"class_list":["post-433","page","type-page","status-publish","has-post-thumbnail"],"yoast_head":"<!-- This site is optimized with the Yoast SEO plugin v27.5 - https:\/\/yoast.com\/product\/yoast-seo-wordpress\/ -->\n<title>Sandwichs d\u00e9jeuners et burgers - menu | Ben &amp; Florentine<\/title>\n<meta name=\"description\" content=\"Que du bon plac\u00e9 entre 2 pains pour le d\u00e9jeuner ou le brunch. D\u00e9couvrez notre menu sandwichs d\u00e9jeuners et burgers.\" \/>\n<meta name=\"robots\" content=\"index, follow, max-snippet:-1, max-image-preview:large, max-video-preview:-1\" \/>\n<link rel=\"canonical\" href=\"https:\/\/benetflorentine.agence-etco.dev\/fr\/menu\/sandwichs-burgers\/\" \/>\n<meta property=\"og:locale\" content=\"fr_FR\" \/>\n<meta property=\"og:type\" content=\"article\" \/>\n<meta property=\"og:title\" content=\"Sandwichs d\u00e9jeuners et burgers - menu | Ben &amp; Florentine\" \/>\n<meta property=\"og:description\" content=\"Que du bon plac\u00e9 entre 2 pains pour le d\u00e9jeuner ou le brunch. D\u00e9couvrez notre menu sandwichs d\u00e9jeuners et burgers.\" \/>\n<meta property=\"og:url\" content=\"https:\/\/benetflorentine.agence-etco.dev\/fr\/menu\/sandwichs-burgers\/\" \/>\n<meta property=\"og:site_name\" content=\"Ben &amp; Florentine\" \/>\n<meta property=\"article:modified_time\" content=\"2023-10-24T18:07:11+00:00\" \/>\n<meta property=\"og:image\" content=\"https:\/\/benetflorentine.agence-etco.dev\/wp-content\/uploads\/2020\/02\/sandwich-croque-dejeuner.jpg\" \/>\n\t<meta property=\"og:image:width\" content=\"2560\" \/>\n\t<meta property=\"og:image:height\" content=\"1326\" \/>\n\t<meta property=\"og:image:type\" content=\"image\/jpeg\" \/>\n<meta name=\"twitter:card\" content=\"summary_large_image\" \/>\n<meta name=\"twitter:label1\" content=\"Est. reading time\" \/>\n\t<meta name=\"twitter:data1\" content=\"1 minute\" \/>\n<script type=\"application\/ld+json\" class=\"yoast-schema-graph\">{\"@context\":\"https:\\\/\\\/schema.org\",\"@graph\":[{\"@type\":\"WebPage\",\"@id\":\"https:\\\/\\\/benetflorentine.agence-etco.dev\\\/fr\\\/menu\\\/sandwichs-burgers\\\/\",\"url\":\"https:\\\/\\\/benetflorentine.agence-etco.dev\\\/fr\\\/menu\\\/sandwichs-burgers\\\/\",\"name\":\"Sandwichs d\u00e9jeuners et burgers - menu | Ben & Florentine\",\"isPartOf\":{\"@id\":\"https:\\\/\\\/benetflorentine.agence-etco.dev\\\/fr\\\/#website\"},\"primaryImageOfPage\":{\"@id\":\"https:\\\/\\\/benetflorentine.agence-etco.dev\\\/fr\\\/menu\\\/sandwichs-burgers\\\/#primaryimage\"},\"image\":{\"@id\":\"https:\\\/\\\/benetflorentine.agence-etco.dev\\\/fr\\\/menu\\\/sandwichs-burgers\\\/#primaryimage\"},\"thumbnailUrl\":\"https:\\\/\\\/benetflorentine.agence-etco.dev\\\/wp-content\\\/uploads\\\/2020\\\/02\\\/sandwich-croque-dejeuner.jpg\",\"datePublished\":\"2020-02-04T14:43:07+00:00\",\"dateModified\":\"2023-10-24T18:07:11+00:00\",\"description\":\"Que du bon plac\u00e9 entre 2 pains pour le d\u00e9jeuner ou le brunch. D\u00e9couvrez notre menu sandwichs d\u00e9jeuners et burgers.\",\"breadcrumb\":{\"@id\":\"https:\\\/\\\/benetflorentine.agence-etco.dev\\\/fr\\\/menu\\\/sandwichs-burgers\\\/#breadcrumb\"},\"inLanguage\":\"fr-FR\",\"potentialAction\":[{\"@type\":\"ReadAction\",\"target\":[\"https:\\\/\\\/benetflorentine.agence-etco.dev\\\/fr\\\/menu\\\/sandwichs-burgers\\\/\"]}]},{\"@type\":\"ImageObject\",\"inLanguage\":\"fr-FR\",\"@id\":\"https:\\\/\\\/benetflorentine.agence-etco.dev\\\/fr\\\/menu\\\/sandwichs-burgers\\\/#primaryimage\",\"url\":\"https:\\\/\\\/benetflorentine.agence-etco.dev\\\/wp-content\\\/uploads\\\/2020\\\/02\\\/sandwich-croque-dejeuner.jpg\",\"contentUrl\":\"https:\\\/\\\/benetflorentine.agence-etco.dev\\\/wp-content\\\/uploads\\\/2020\\\/02\\\/sandwich-croque-dejeuner.jpg\",\"width\":2560,\"height\":1326,\"caption\":\"Sandwich croque d\u00e9jeuner\"},{\"@type\":\"BreadcrumbList\",\"@id\":\"https:\\\/\\\/benetflorentine.agence-etco.dev\\\/fr\\\/menu\\\/sandwichs-burgers\\\/#breadcrumb\",\"itemListElement\":[{\"@type\":\"ListItem\",\"position\":1,\"name\":\"Menu\",\"item\":\"https:\\\/\\\/benetflorentine.agence-etco.dev\\\/fr\\\/menu\\\/\"},{\"@type\":\"ListItem\",\"position\":2,\"name\":\"Sandwichs &#038; Burger\"}]},{\"@type\":\"WebSite\",\"@id\":\"https:\\\/\\\/benetflorentine.agence-etco.dev\\\/fr\\\/#website\",\"url\":\"https:\\\/\\\/benetflorentine.agence-etco.dev\\\/fr\\\/\",\"name\":\"Ben &amp; Florentine\",\"description\":\"Brunch &amp; Breakfast\u200e\",\"publisher\":{\"@id\":\"https:\\\/\\\/benetflorentine.agence-etco.dev\\\/fr\\\/#organization\"},\"potentialAction\":[{\"@type\":\"SearchAction\",\"target\":{\"@type\":\"EntryPoint\",\"urlTemplate\":\"https:\\\/\\\/benetflorentine.agence-etco.dev\\\/fr\\\/?s={search_term_string}\"},\"query-input\":{\"@type\":\"PropertyValueSpecification\",\"valueRequired\":true,\"valueName\":\"search_term_string\"}}],\"inLanguage\":\"fr-FR\"},{\"@type\":\"Organization\",\"@id\":\"https:\\\/\\\/benetflorentine.agence-etco.dev\\\/fr\\\/#organization\",\"name\":\"Ben &amp; Florentine\",\"url\":\"https:\\\/\\\/benetflorentine.agence-etco.dev\\\/fr\\\/\",\"logo\":{\"@type\":\"ImageObject\",\"inLanguage\":\"fr-FR\",\"@id\":\"https:\\\/\\\/benetflorentine.agence-etco.dev\\\/fr\\\/#\\\/schema\\\/logo\\\/image\\\/\",\"url\":\"https:\\\/\\\/benetflorentine.agence-etco.dev\\\/wp-content\\\/uploads\\\/2020\\\/02\\\/cropped-benflorentine_logo.png\",\"contentUrl\":\"https:\\\/\\\/benetflorentine.agence-etco.dev\\\/wp-content\\\/uploads\\\/2020\\\/02\\\/cropped-benflorentine_logo.png\",\"width\":553,\"height\":206,\"caption\":\"Ben &amp; Florentine\"},\"image\":{\"@id\":\"https:\\\/\\\/benetflorentine.agence-etco.dev\\\/fr\\\/#\\\/schema\\\/logo\\\/image\\\/\"}}]}<\/script>\n<!-- \/ Yoast SEO plugin. -->","yoast_head_json":{"title":"Sandwichs d\u00e9jeuners et burgers - menu | Ben & Florentine","description":"Que du bon plac\u00e9 entre 2 pains pour le d\u00e9jeuner ou le brunch. D\u00e9couvrez notre menu sandwichs d\u00e9jeuners et burgers.","robots":{"index":"index","follow":"follow","max-snippet":"max-snippet:-1","max-image-preview":"max-image-preview:large","max-video-preview":"max-video-preview:-1"},"canonical":"https:\/\/benetflorentine.agence-etco.dev\/fr\/menu\/sandwichs-burgers\/","og_locale":"fr_FR","og_type":"article","og_title":"Sandwichs d\u00e9jeuners et burgers - menu | Ben & Florentine","og_description":"Que du bon plac\u00e9 entre 2 pains pour le d\u00e9jeuner ou le brunch. D\u00e9couvrez notre menu sandwichs d\u00e9jeuners et burgers.","og_url":"https:\/\/benetflorentine.agence-etco.dev\/fr\/menu\/sandwichs-burgers\/","og_site_name":"Ben &amp; Florentine","article_modified_time":"2023-10-24T18:07:11+00:00","og_image":[{"width":2560,"height":1326,"url":"https:\/\/benetflorentine.agence-etco.dev\/wp-content\/uploads\/2020\/02\/sandwich-croque-dejeuner.jpg","type":"image\/jpeg"}],"twitter_card":"summary_large_image","twitter_misc":{"Est. reading time":"1 minute"},"schema":{"@context":"https:\/\/schema.org","@graph":[{"@type":"WebPage","@id":"https:\/\/benetflorentine.agence-etco.dev\/fr\/menu\/sandwichs-burgers\/","url":"https:\/\/benetflorentine.agence-etco.dev\/fr\/menu\/sandwichs-burgers\/","name":"Sandwichs d\u00e9jeuners et burgers - menu | Ben & Florentine","isPartOf":{"@id":"https:\/\/benetflorentine.agence-etco.dev\/fr\/#website"},"primaryImageOfPage":{"@id":"https:\/\/benetflorentine.agence-etco.dev\/fr\/menu\/sandwichs-burgers\/#primaryimage"},"image":{"@id":"https:\/\/benetflorentine.agence-etco.dev\/fr\/menu\/sandwichs-burgers\/#primaryimage"},"thumbnailUrl":"https:\/\/benetflorentine.agence-etco.dev\/wp-content\/uploads\/2020\/02\/sandwich-croque-dejeuner.jpg","datePublished":"2020-02-04T14:43:07+00:00","dateModified":"2023-10-24T18:07:11+00:00","description":"Que du bon plac\u00e9 entre 2 pains pour le d\u00e9jeuner ou le brunch. D\u00e9couvrez notre menu sandwichs d\u00e9jeuners et burgers.","breadcrumb":{"@id":"https:\/\/benetflorentine.agence-etco.dev\/fr\/menu\/sandwichs-burgers\/#breadcrumb"},"inLanguage":"fr-FR","potentialAction":[{"@type":"ReadAction","target":["https:\/\/benetflorentine.agence-etco.dev\/fr\/menu\/sandwichs-burgers\/"]}]},{"@type":"ImageObject","inLanguage":"fr-FR","@id":"https:\/\/benetflorentine.agence-etco.dev\/fr\/menu\/sandwichs-burgers\/#primaryimage","url":"https:\/\/benetflorentine.agence-etco.dev\/wp-content\/uploads\/2020\/02\/sandwich-croque-dejeuner.jpg","contentUrl":"https:\/\/benetflorentine.agence-etco.dev\/wp-content\/uploads\/2020\/02\/sandwich-croque-dejeuner.jpg","width":2560,"height":1326,"caption":"Sandwich croque d\u00e9jeuner"},{"@type":"BreadcrumbList","@id":"https:\/\/benetflorentine.agence-etco.dev\/fr\/menu\/sandwichs-burgers\/#breadcrumb","itemListElement":[{"@type":"ListItem","position":1,"name":"Menu","item":"https:\/\/benetflorentine.agence-etco.dev\/fr\/menu\/"},{"@type":"ListItem","position":2,"name":"Sandwichs &#038; Burger"}]},{"@type":"WebSite","@id":"https:\/\/benetflorentine.agence-etco.dev\/fr\/#website","url":"https:\/\/benetflorentine.agence-etco.dev\/fr\/","name":"Ben &amp; Florentine","description":"Brunch &amp; Breakfast\u200e","publisher":{"@id":"https:\/\/benetflorentine.agence-etco.dev\/fr\/#organization"},"potentialAction":[{"@type":"SearchAction","target":{"@type":"EntryPoint","urlTemplate":"https:\/\/benetflorentine.agence-etco.dev\/fr\/?s={search_term_string}"},"query-input":{"@type":"PropertyValueSpecification","valueRequired":true,"valueName":"search_term_string"}}],"inLanguage":"fr-FR"},{"@type":"Organization","@id":"https:\/\/benetflorentine.agence-etco.dev\/fr\/#organization","name":"Ben &amp; Florentine","url":"https:\/\/benetflorentine.agence-etco.dev\/fr\/","logo":{"@type":"ImageObject","inLanguage":"fr-FR","@id":"https:\/\/benetflorentine.agence-etco.dev\/fr\/#\/schema\/logo\/image\/","url":"https:\/\/benetflorentine.agence-etco.dev\/wp-content\/uploads\/2020\/02\/cropped-benflorentine_logo.png","contentUrl":"https:\/\/benetflorentine.agence-etco.dev\/wp-content\/uploads\/2020\/02\/cropped-benflorentine_logo.png","width":553,"height":206,"caption":"Ben &amp; Florentine"},"image":{"@id":"https:\/\/benetflorentine.agence-etco.dev\/fr\/#\/schema\/logo\/image\/"}}]}},"_links":{"self":[{"href":"https:\/\/benetflorentine.agence-etco.dev\/fr\/wp-json\/wp\/v2\/pages\/433","targetHints":{"allow":["GET"]}}],"collection":[{"href":"https:\/\/benetflorentine.agence-etco.dev\/fr\/wp-json\/wp\/v2\/pages"}],"about":[{"href":"https:\/\/benetflorentine.agence-etco.dev\/fr\/wp-json\/wp\/v2\/types\/page"}],"author":[{"embeddable":true,"href":"https:\/\/benetflorentine.agence-etco.dev\/fr\/wp-json\/wp\/v2\/users\/10"}],"replies":[{"embeddable":true,"href":"https:\/\/benetflorentine.agence-etco.dev\/fr\/wp-json\/wp\/v2\/comments?post=433"}],"version-history":[{"count":42,"href":"https:\/\/benetflorentine.agence-etco.dev\/fr\/wp-json\/wp\/v2\/pages\/433\/revisions"}],"predecessor-version":[{"id":16390,"href":"https:\/\/benetflorentine.agence-etco.dev\/fr\/wp-json\/wp\/v2\/pages\/433\/revisions\/16390"}],"up":[{"embeddable":true,"href":"https:\/\/benetflorentine.agence-etco.dev\/fr\/wp-json\/wp\/v2\/pages\/55"}],"wp:featuredmedia":[{"embeddable":true,"href":"https:\/\/benetflorentine.agence-etco.dev\/fr\/wp-json\/wp\/v2\/media\/2250"}],"wp:attachment":[{"href":"https:\/\/benetflorentine.agence-etco.dev\/fr\/wp-json\/wp\/v2\/media?parent=433"}],"wp:term":[{"taxonomy":"category","embeddable":true,"href":"https:\/\/benetflorentine.agence-etco.dev\/fr\/wp-json\/wp\/v2\/categories?post=433"},{"taxonomy":"post_tag","embeddable":true,"href":"https:\/\/benetflorentine.agence-etco.dev\/fr\/wp-json\/wp\/v2\/tags?post=433"}],"curies":[{"name":"wp","href":"https:\/\/api.w.org\/{rel}","templated":true}]}}