{"id":55,"date":"2020-03-31T08:55:59","date_gmt":"2020-03-31T12:55:59","guid":{"rendered":"https:\/\/benetflorentine.agence-etco.dev\/menu\/"},"modified":"2022-12-13T11:04:08","modified_gmt":"2022-12-13T16:04:08","slug":"menu","status":"publish","type":"page","link":"https:\/\/benetflorentine.agence-etco.dev\/fr\/menu\/","title":{"rendered":"Menu"},"content":{"rendered":"<div class=\"gb-container gb-container-0b062dd1 staticPage-header-container staticPage-header-container-with-bg alignfull\"><div class=\"gb-inside-container\">\n\n<h1 class=\"gb-headline gb-headline-32073751 gb-headline-text\"><strong>Menu<\/strong><\/h1>\n\n<\/div><\/div>\n\n\n<p class=\"tagline\"><strong>Vous trouverez de tout pour tous les go\u00fbts &#8211; sucr\u00e9, sal\u00e9, \u00e9pic\u00e9, prot\u00e9in\u00e9 et sant\u00e9. Notre passion du d\u00e9jeuner et du brunch nous pousse \u00e0 constamment innover dans les mets que nous vous offrons.<\/strong><\/p>\n\n\n\n\t\t\t\t<div class=\"sidebar-shortcode sidebar-1\" role=\"complementary\">\n\t\t\t\t\t<div class=\"sidebar-shortcode-content\">\n\t\t\t\t\t\t<aside id=\"nav_menu-29\" class=\"widget inner-padding widget_nav_menu\"><h2 class=\"widget-title\">Menus sp\u00e9ciaux<\/h2><div class=\"menu-menu-du-restaurant-contenu-fr-container\"><ul id=\"menu-menu-du-restaurant-contenu-fr\" class=\"menu\"><li id=\"menu-item-12112\" class=\"menu-item menu-item-type-post_type menu-item-object-page menu-item-12112\"><a href=\"https:\/\/benetflorentine.agence-etco.dev\/fr\/menu\/benedictines\/\" class=\"menu-image-title-below menu-image-not-hovered\"><img decoding=\"async\" width=\"2560\" height=\"2560\" src=\"https:\/\/benetflorentine.agence-etco.dev\/wp-content\/uploads\/2022\/09\/Bene-au-jambon-scaled.jpeg\" class=\"menu-image menu-image-title-below\" alt=\"Oeuf benedictine avec jambon effiloch\u00e9 \u00e0 l&#039;ancienne \" \/><span class=\"menu-image-title-below menu-image-title\"><strong>B\u00e9n\u00e9dictines<\/strong><\/span><\/a><\/li>\n<li id=\"menu-item-13908\" class=\"menu-item menu-item-type-post_type menu-item-object-page menu-item-13908\"><a href=\"https:\/\/benetflorentine.agence-etco.dev\/fr\/menu\/oeufs-omelettes\/\" class=\"menu-image-title-below menu-image-not-hovered\"><img decoding=\"async\" width=\"2560\" height=\"2560\" src=\"https:\/\/benetflorentine.agence-etco.dev\/wp-content\/uploads\/2022\/09\/cre\u0302pe-jambon-effiloche\u0301-scaled.jpeg\" class=\"menu-image menu-image-title-below\" alt=\"\" \/><span class=\"menu-image-title-below menu-image-title\"><strong>Oeufs <\/strong>&#038; Omelettes<\/span><\/a><\/li>\n<li id=\"menu-item-12113\" class=\"menu-item menu-item-type-post_type menu-item-object-page menu-item-12113\"><a href=\"https:\/\/benetflorentine.agence-etco.dev\/fr\/menu\/crepes\/\" class=\"menu-image-title-below menu-image-not-hovered\"><img decoding=\"async\" width=\"723\" height=\"775\" src=\"https:\/\/benetflorentine.agence-etco.dev\/wp-content\/uploads\/2020\/05\/platemenu-1.jpg\" class=\"menu-image menu-image-title-below\" alt=\"Surprenez-vous\" \/><span class=\"menu-image-title-below menu-image-title\"><strong>Cr\u00eapes, Pancakes, Gaufres<\/strong> &#038; Pain dor\u00e9<\/span><\/a><\/li>\n<li id=\"menu-item-12129\" class=\"menu-item menu-item-type-post_type menu-item-object-page menu-item-12129\"><a href=\"https:\/\/benetflorentine.agence-etco.dev\/fr\/menu\/poelees\/\" class=\"menu-image-title-below menu-image-not-hovered\"><img decoding=\"async\" width=\"615\" height=\"778\" src=\"https:\/\/benetflorentine.agence-etco.dev\/wp-content\/uploads\/2020\/04\/poelees-ancienne.png\" class=\"menu-image menu-image-title-below\" alt=\"po\u00eal\u00e9es ancienne\" \/><span class=\"menu-image-title-below menu-image-title\"><strong>Po\u00eal\u00e9es<\/strong> \u00c0 l\u2019ancienne<\/span><\/a><\/li>\n<li id=\"menu-item-12133\" class=\"menu-item menu-item-type-post_type menu-item-object-page menu-item-12133\"><a href=\"https:\/\/benetflorentine.agence-etco.dev\/fr\/menu\/choix-sante\/\" class=\"menu-image-title-below menu-image-not-hovered\"><img decoding=\"async\" width=\"2000\" height=\"1036\" src=\"https:\/\/benetflorentine.agence-etco.dev\/wp-content\/uploads\/2020\/02\/choix-duo-sante.jpg\" class=\"menu-image menu-image-title-below\" alt=\"Choix duo sant\u00e9\" \/><span class=\"menu-image-title-below menu-image-title\"><strong>Choix<\/strong> de Florentine<\/span><\/a><\/li>\n<li id=\"menu-item-13910\" class=\"menu-item menu-item-type-post_type menu-item-object-page menu-item-13910\"><a href=\"https:\/\/benetflorentine.agence-etco.dev\/fr\/menu\/nos-combos\/\" class=\"menu-image-title-below menu-image-not-hovered\"><img decoding=\"async\" width=\"2560\" height=\"2197\" src=\"https:\/\/benetflorentine.agence-etco.dev\/wp-content\/uploads\/2022\/09\/combo-fruits-frais-scaled.jpeg\" class=\"menu-image menu-image-title-below\" alt=\"Combo gauffre fruits et cr\u00e8me anglaise accompagn\u00e9e de deux oeufs, bacon et saucisse.\" \/><span class=\"menu-image-title-below menu-image-title\"><strong>Nos<\/strong> Combos<\/span><\/a><\/li>\n<li id=\"menu-item-12131\" class=\"menu-item menu-item-type-post_type menu-item-object-page menu-item-12131\"><a href=\"https:\/\/benetflorentine.agence-etco.dev\/fr\/menu\/sandwichs-burgers\/\" class=\"menu-image-title-below menu-image-not-hovered\"><img decoding=\"async\" width=\"615\" height=\"778\" src=\"https:\/\/benetflorentine.agence-etco.dev\/wp-content\/uploads\/2020\/05\/burger-menu.png\" class=\"menu-image menu-image-title-below\" alt=\"Burger menu\" \/><span class=\"menu-image-title-below menu-image-title\"><strong>Sandwichs<\/strong> &#038; Burgers<\/span><\/a><\/li>\n<li id=\"menu-item-12138\" class=\"menu-item menu-item-type-post_type menu-item-object-page menu-item-12138\"><a href=\"https:\/\/benetflorentine.agence-etco.dev\/fr\/menu\/nos-breuvages\/\" class=\"menu-image-title-below menu-image-not-hovered\"><img decoding=\"async\" width=\"2560\" height=\"1707\" src=\"https:\/\/benetflorentine.agence-etco.dev\/wp-content\/uploads\/2022\/03\/Napperons-Breuvages-cafe-et-smoothies-scaled.jpeg\" class=\"menu-image menu-image-title-below\" alt=\"smoothies caf\u00e9s cappuccino\" \/><span class=\"menu-image-title-below menu-image-title\"><strong>Boissons alcoolis\u00e9es, Smoothies,<\/strong> Caf\u00e9s &#038; Breuvages<\/span><\/a><\/li>\n<\/ul><\/div><\/aside><aside id=\"nav_menu-23\" class=\"widget inner-padding widget_nav_menu\"><h2 class=\"widget-title\">Special Menus<\/h2><div class=\"menu-menus-speciaux-contenu-fr-container\"><ul id=\"menu-menus-speciaux-contenu-fr\" class=\"menu\"><li id=\"menu-item-13482\" class=\"menu-item menu-item-type-post_type menu-item-object-page menu-item-13482\"><a href=\"https:\/\/benetflorentine.agence-etco.dev\/fr\/menu\/leve-tot\/\" class=\"menu-image-title-below menu-image-not-hovered\"><img decoding=\"async\" width=\"510\" height=\"510\" src=\"https:\/\/benetflorentine.agence-etco.dev\/wp-content\/uploads\/2020\/05\/Leve-tot.png\" class=\"menu-image menu-image-title-below\" alt=\"L\u00e8ve t\u00f4t\" \/><span class=\"menu-image-title-below menu-image-title\"><strong>Menu du<\/strong> l\u00e8ve-t\u00f4t<\/span><\/a><\/li>\n<li id=\"menu-item-13916\" class=\"menu-item menu-item-type-post_type menu-item-object-page menu-item-13916\"><a href=\"https:\/\/benetflorentine.agence-etco.dev\/fr\/menu\/midi\/\" class=\"menu-image-title-below menu-image-not-hovered\"><img decoding=\"async\" width=\"2560\" height=\"2560\" src=\"https:\/\/benetflorentine.agence-etco.dev\/wp-content\/uploads\/2020\/11\/Page-sandwich-scaled.jpg\" class=\"menu-image menu-image-title-below\" alt=\"Sandwich et wrap d\u00e9jeuner \" \/><span class=\"menu-image-title-below menu-image-title\"><strong>Menu du<\/strong> midi<\/span><\/a><\/li>\n<li id=\"menu-item-13483\" class=\"menu-item menu-item-type-post_type menu-item-object-page menu-item-13483\"><a href=\"https:\/\/benetflorentine.agence-etco.dev\/fr\/menu\/choix-enfants\/\" class=\"menu-image-title-below menu-image-not-hovered\"><img decoding=\"async\" width=\"615\" height=\"778\" src=\"https:\/\/benetflorentine.agence-etco.dev\/wp-content\/uploads\/2020\/04\/petite-portion.png\" class=\"menu-image menu-image-title-below\" alt=\"Petite portion\" \/><span class=\"menu-image-title-below menu-image-title\"><strong>Menu pour<\/strong> enfants<\/span><\/a><\/li>\n<\/ul><\/div><\/aside>\n\t\t\t\t\t<\/div>\n\t\t\t\t<\/div>\n\t\t\t\n\n\n\n<div class=\"wp-block-columns find-container is-layout-flex wp-container-core-columns-is-layout-9d6595d7 wp-block-columns-is-layout-flex\">\n<div class=\"wp-block-column is-layout-flow wp-block-column-is-layout-flow\">\n<figure class=\"gb-block-image gb-block-image-f0a38cda\"><img decoding=\"async\" class=\"gb-image gb-image-f0a38cda\" src=\"https:\/\/benetflorentine.agence-etco.dev\/icon\/trouver-image.svg\" alt=\"\"\/><\/figure>\n<\/div>\n\n\n\n<div class=\"wp-block-column is-layout-flow wp-block-column-is-layout-flow\">\n<p>Trouvez un restaurant<\/p>\n\n\n\n<p>Et v\u00e9rifiez les services offerts par Ben &amp; Florentine<br>pr\u00e8s de chez vous !<\/p>\n\n\n<div class=\"gb-button-wrapper gb-button-wrapper-4ed2f58d\">\n\n<a class=\"gb-button gb-button-a270fdb7 gb-button-text btn-find\" href=\"\/fr\/restaurants\/\">Trouvez<\/a>\n\n<\/div><\/div>\n<\/div>\n\n\n\n<div class=\"wp-block-columns newsletter-container is-layout-flex wp-container-core-columns-is-layout-9d6595d7 wp-block-columns-is-layout-flex\">\n<div class=\"wp-block-column is-layout-flow wp-block-column-is-layout-flow\">\n<p>Restez inform\u00e9<\/p>\n\n\n\n<p>Abonnez-vous \u00e0 notre infolettre pour ne pas manquer nos promotions, concours et nouveaux plats !<\/p>\n<\/div>\n\n\n\n<div class=\"wp-block-column is-layout-flow wp-block-column-is-layout-flow\">\n<div class=\"wp-block-contact-form-7-contact-form-selector\">\n<div class=\"wpcf7 no-js\" id=\"wpcf7-f12010-o1\" lang=\"en-US\" dir=\"ltr\" data-wpcf7-id=\"12010\">\n<div class=\"screen-reader-response\"><p role=\"status\" aria-live=\"polite\" aria-atomic=\"true\"><\/p> <ul><\/ul><\/div>\n<form action=\"\/fr\/wp-json\/wp\/v2\/pages\/55#wpcf7-f12010-o1\" method=\"post\" class=\"wpcf7-form init\" aria-label=\"Contact form\" novalidate=\"novalidate\" data-status=\"init\">\n<fieldset class=\"hidden-fields-container\"><input type=\"hidden\" name=\"_wpcf7\" value=\"12010\" \/><input type=\"hidden\" name=\"_wpcf7_version\" value=\"6.1.5\" \/><input type=\"hidden\" name=\"_wpcf7_locale\" value=\"en_US\" \/><input type=\"hidden\" name=\"_wpcf7_unit_tag\" value=\"wpcf7-f12010-o1\" \/><input type=\"hidden\" name=\"_wpcf7_container_post\" value=\"0\" \/><input type=\"hidden\" name=\"_wpcf7_posted_data_hash\" value=\"\" \/><input type=\"hidden\" name=\"_wpcf7_recaptcha_response\" value=\"\" \/>\n<\/fieldset>\n<p><input class=\"wpcf7-form-control wpcf7-submit has-spinner\" type=\"submit\" value=\"S&#039;abonner\" \/>\n<\/p><div class=\"wpcf7-response-output\" aria-hidden=\"true\"><\/div>\n<\/form>\n<\/div>\n<\/div>\n<\/div>\n<\/div>\n\n\n\n<div class=\"wp-block-group block_fwidth\"><div class=\"wp-block-group__inner-container is-layout-flow wp-block-group-is-layout-flow\"><div class=\"gb-container gb-container-cfb8ea2b block_fwidth\"><div class=\"gb-inside-container\">\n\n<div style=\"height:50px\" aria-hidden=\"true\" class=\"wp-block-spacer\"><\/div>\n\n\n\n<h2 class=\"gb-headline gb-headline-fdfe6e29 gb-headline-text become_a_player_title\">Devenez un joueur<\/h2>\n\n\n\n<h3 class=\"gb-headline gb-headline-22c29625 gb-headline-text become_a_player_subtitle\"><strong><strong><strong><strong><strong><strong>dans une \u00e9quipe de professionnels<\/strong><\/strong><\/strong><\/strong><\/strong><\/strong><\/h3>\n\n\n\n<div style=\"height:20px\" aria-hidden=\"true\" class=\"wp-block-spacer\"><\/div>\n\n\n<div class=\"gb-container gb-container-be29b28e\"><div class=\"gb-inside-container\">\n<div class=\"gb-button-wrapper gb-button-wrapper-7a63ec52\">\n\n<a class=\"gb-button gb-button-ff4a2861 gb-button-text btn-orange\" href=\"\/fr\/franchise\/\"><h2>Devenez<\/h2><strong><strong><strong><strong><strong><strong>un franchis\u00e9<\/strong><\/strong><\/strong><\/strong><\/strong><\/strong><em><em><em>L&rsquo;envers du d\u00e9cor vous int\u00e9resse ?<\/em><\/em><\/em><\/a>\n\n\n\n<a class=\"gb-button gb-button-a4799121 gb-button-text btn-orange\" href=\"\/fr\/carrieres\/\"><h2>Trouvez<\/h2><strong><strong><strong>un emploi avec nous<\/strong><\/strong><\/strong><em><em><em>On a h\u00e2te de travailler avec vous !<\/em><\/em><\/em><\/a>\n\n<\/div>\n\n\n<div style=\"height:50px\" aria-hidden=\"true\" class=\"wp-block-spacer\"><\/div>\n\n<\/div><\/div>\n<\/div><\/div><\/div><\/div>\n","protected":false},"excerpt":{"rendered":"<p>Menu Vous trouverez de tout pour tous les go\u00fbts &#8211; sucr\u00e9, sal\u00e9, \u00e9pic\u00e9, prot\u00e9in\u00e9 et sant\u00e9. Notre passion du d\u00e9jeuner et du brunch nous pousse \u00e0 constamment innover dans les mets que nous vous offrons. Trouvez un restaurant Et v\u00e9rifiez les services offerts par Ben &amp; Florentinepr\u00e8s de chez vous ! Restez inform\u00e9 Abonnez-vous \u00e0 &#8230; <a title=\"Menu\" class=\"read-more\" href=\"https:\/\/benetflorentine.agence-etco.dev\/fr\/menu\/\" aria-label=\"Read more about Menu\">Read more<\/a><\/p>\n","protected":false},"author":10,"featured_media":6497,"parent":0,"menu_order":0,"comment_status":"closed","ping_status":"closed","template":"","meta":{"inline_featured_image":false,"footnotes":""},"class_list":["post-55","page","type-page","status-publish","has-post-thumbnail"],"yoast_head":"<!-- This site is optimized with the Yoast SEO plugin v27.5 - https:\/\/yoast.com\/product\/yoast-seo-wordpress\/ -->\n<title>Menu d\u00e9jeuner, brunch et d\u00eener B&amp;F | Ben &amp; Florentine<\/title>\n<meta name=\"description\" content=\"D\u00e9couvrez l\u2019innovation d\u00e9jeuner et brunch au service de vos papilles. Des \u0153ufs b\u00e9n\u00e9dictines, en passant par des po\u00eal\u00e9es et des choix sant\u00e9... et sucr\u00e9s.\" \/>\n<meta name=\"robots\" content=\"index, follow, max-snippet:-1, max-image-preview:large, max-video-preview:-1\" \/>\n<link rel=\"canonical\" href=\"https:\/\/benetflorentine.agence-etco.dev\/fr\/menu\/\" \/>\n<meta property=\"og:locale\" content=\"fr_FR\" \/>\n<meta property=\"og:type\" content=\"article\" \/>\n<meta property=\"og:title\" content=\"Menu d\u00e9jeuner, brunch et d\u00eener B&amp;F | Ben &amp; Florentine\" \/>\n<meta property=\"og:description\" content=\"D\u00e9couvrez l\u2019innovation d\u00e9jeuner et brunch au service de vos papilles. Des \u0153ufs b\u00e9n\u00e9dictines, en passant par des po\u00eal\u00e9es et des choix sant\u00e9... et sucr\u00e9s.\" \/>\n<meta property=\"og:url\" content=\"https:\/\/benetflorentine.agence-etco.dev\/fr\/menu\/\" \/>\n<meta property=\"og:site_name\" content=\"Ben &amp; Florentine\" \/>\n<meta property=\"article:modified_time\" content=\"2022-12-13T16:04:08+00:00\" \/>\n<meta property=\"og:image\" content=\"https:\/\/benetflorentine.agence-etco.dev\/wp-content\/uploads\/2020\/03\/ressources.jpg\" \/>\n\t<meta property=\"og:image:width\" content=\"905\" \/>\n\t<meta property=\"og:image:height\" content=\"620\" \/>\n\t<meta property=\"og:image:type\" content=\"image\/jpeg\" \/>\n<meta name=\"twitter:card\" content=\"summary_large_image\" \/>\n<meta name=\"twitter:label1\" content=\"Est. reading time\" \/>\n\t<meta name=\"twitter:data1\" content=\"1 minute\" \/>\n<script type=\"application\/ld+json\" class=\"yoast-schema-graph\">{\"@context\":\"https:\\\/\\\/schema.org\",\"@graph\":[{\"@type\":\"WebPage\",\"@id\":\"https:\\\/\\\/benetflorentine.agence-etco.dev\\\/fr\\\/menu\\\/\",\"url\":\"https:\\\/\\\/benetflorentine.agence-etco.dev\\\/fr\\\/menu\\\/\",\"name\":\"Menu d\u00e9jeuner, brunch et d\u00eener B&F | Ben & Florentine\",\"isPartOf\":{\"@id\":\"https:\\\/\\\/benetflorentine.agence-etco.dev\\\/fr\\\/#website\"},\"primaryImageOfPage\":{\"@id\":\"https:\\\/\\\/benetflorentine.agence-etco.dev\\\/fr\\\/menu\\\/#primaryimage\"},\"image\":{\"@id\":\"https:\\\/\\\/benetflorentine.agence-etco.dev\\\/fr\\\/menu\\\/#primaryimage\"},\"thumbnailUrl\":\"https:\\\/\\\/benetflorentine.agence-etco.dev\\\/wp-content\\\/uploads\\\/2020\\\/03\\\/ressources.jpg\",\"datePublished\":\"2020-03-31T12:55:59+00:00\",\"dateModified\":\"2022-12-13T16:04:08+00:00\",\"description\":\"D\u00e9couvrez l\u2019innovation d\u00e9jeuner et brunch au service de vos papilles. Des \u0153ufs b\u00e9n\u00e9dictines, en passant par des po\u00eal\u00e9es et des choix sant\u00e9... et sucr\u00e9s.\",\"inLanguage\":\"fr-FR\",\"potentialAction\":[{\"@type\":\"ReadAction\",\"target\":[\"https:\\\/\\\/benetflorentine.agence-etco.dev\\\/fr\\\/menu\\\/\"]}]},{\"@type\":\"ImageObject\",\"inLanguage\":\"fr-FR\",\"@id\":\"https:\\\/\\\/benetflorentine.agence-etco.dev\\\/fr\\\/menu\\\/#primaryimage\",\"url\":\"https:\\\/\\\/benetflorentine.agence-etco.dev\\\/wp-content\\\/uploads\\\/2020\\\/03\\\/ressources.jpg\",\"contentUrl\":\"https:\\\/\\\/benetflorentine.agence-etco.dev\\\/wp-content\\\/uploads\\\/2020\\\/03\\\/ressources.jpg\",\"width\":905,\"height\":620,\"caption\":\"Ressources\"},{\"@type\":\"WebSite\",\"@id\":\"https:\\\/\\\/benetflorentine.agence-etco.dev\\\/fr\\\/#website\",\"url\":\"https:\\\/\\\/benetflorentine.agence-etco.dev\\\/fr\\\/\",\"name\":\"Ben &amp; Florentine\",\"description\":\"Brunch &amp; Breakfast\u200e\",\"publisher\":{\"@id\":\"https:\\\/\\\/benetflorentine.agence-etco.dev\\\/fr\\\/#organization\"},\"potentialAction\":[{\"@type\":\"SearchAction\",\"target\":{\"@type\":\"EntryPoint\",\"urlTemplate\":\"https:\\\/\\\/benetflorentine.agence-etco.dev\\\/fr\\\/?s={search_term_string}\"},\"query-input\":{\"@type\":\"PropertyValueSpecification\",\"valueRequired\":true,\"valueName\":\"search_term_string\"}}],\"inLanguage\":\"fr-FR\"},{\"@type\":\"Organization\",\"@id\":\"https:\\\/\\\/benetflorentine.agence-etco.dev\\\/fr\\\/#organization\",\"name\":\"Ben &amp; Florentine\",\"url\":\"https:\\\/\\\/benetflorentine.agence-etco.dev\\\/fr\\\/\",\"logo\":{\"@type\":\"ImageObject\",\"inLanguage\":\"fr-FR\",\"@id\":\"https:\\\/\\\/benetflorentine.agence-etco.dev\\\/fr\\\/#\\\/schema\\\/logo\\\/image\\\/\",\"url\":\"https:\\\/\\\/benetflorentine.agence-etco.dev\\\/wp-content\\\/uploads\\\/2020\\\/02\\\/cropped-benflorentine_logo.png\",\"contentUrl\":\"https:\\\/\\\/benetflorentine.agence-etco.dev\\\/wp-content\\\/uploads\\\/2020\\\/02\\\/cropped-benflorentine_logo.png\",\"width\":553,\"height\":206,\"caption\":\"Ben &amp; Florentine\"},\"image\":{\"@id\":\"https:\\\/\\\/benetflorentine.agence-etco.dev\\\/fr\\\/#\\\/schema\\\/logo\\\/image\\\/\"}}]}<\/script>\n<!-- \/ Yoast SEO plugin. -->","yoast_head_json":{"title":"Menu d\u00e9jeuner, brunch et d\u00eener B&F | Ben & Florentine","description":"D\u00e9couvrez l\u2019innovation d\u00e9jeuner et brunch au service de vos papilles. Des \u0153ufs b\u00e9n\u00e9dictines, en passant par des po\u00eal\u00e9es et des choix sant\u00e9... et sucr\u00e9s.","robots":{"index":"index","follow":"follow","max-snippet":"max-snippet:-1","max-image-preview":"max-image-preview:large","max-video-preview":"max-video-preview:-1"},"canonical":"https:\/\/benetflorentine.agence-etco.dev\/fr\/menu\/","og_locale":"fr_FR","og_type":"article","og_title":"Menu d\u00e9jeuner, brunch et d\u00eener B&F | Ben & Florentine","og_description":"D\u00e9couvrez l\u2019innovation d\u00e9jeuner et brunch au service de vos papilles. Des \u0153ufs b\u00e9n\u00e9dictines, en passant par des po\u00eal\u00e9es et des choix sant\u00e9... et sucr\u00e9s.","og_url":"https:\/\/benetflorentine.agence-etco.dev\/fr\/menu\/","og_site_name":"Ben &amp; Florentine","article_modified_time":"2022-12-13T16:04:08+00:00","og_image":[{"width":905,"height":620,"url":"https:\/\/benetflorentine.agence-etco.dev\/wp-content\/uploads\/2020\/03\/ressources.jpg","type":"image\/jpeg"}],"twitter_card":"summary_large_image","twitter_misc":{"Est. reading time":"1 minute"},"schema":{"@context":"https:\/\/schema.org","@graph":[{"@type":"WebPage","@id":"https:\/\/benetflorentine.agence-etco.dev\/fr\/menu\/","url":"https:\/\/benetflorentine.agence-etco.dev\/fr\/menu\/","name":"Menu d\u00e9jeuner, brunch et d\u00eener B&F | Ben & Florentine","isPartOf":{"@id":"https:\/\/benetflorentine.agence-etco.dev\/fr\/#website"},"primaryImageOfPage":{"@id":"https:\/\/benetflorentine.agence-etco.dev\/fr\/menu\/#primaryimage"},"image":{"@id":"https:\/\/benetflorentine.agence-etco.dev\/fr\/menu\/#primaryimage"},"thumbnailUrl":"https:\/\/benetflorentine.agence-etco.dev\/wp-content\/uploads\/2020\/03\/ressources.jpg","datePublished":"2020-03-31T12:55:59+00:00","dateModified":"2022-12-13T16:04:08+00:00","description":"D\u00e9couvrez l\u2019innovation d\u00e9jeuner et brunch au service de vos papilles. Des \u0153ufs b\u00e9n\u00e9dictines, en passant par des po\u00eal\u00e9es et des choix sant\u00e9... et sucr\u00e9s.","inLanguage":"fr-FR","potentialAction":[{"@type":"ReadAction","target":["https:\/\/benetflorentine.agence-etco.dev\/fr\/menu\/"]}]},{"@type":"ImageObject","inLanguage":"fr-FR","@id":"https:\/\/benetflorentine.agence-etco.dev\/fr\/menu\/#primaryimage","url":"https:\/\/benetflorentine.agence-etco.dev\/wp-content\/uploads\/2020\/03\/ressources.jpg","contentUrl":"https:\/\/benetflorentine.agence-etco.dev\/wp-content\/uploads\/2020\/03\/ressources.jpg","width":905,"height":620,"caption":"Ressources"},{"@type":"WebSite","@id":"https:\/\/benetflorentine.agence-etco.dev\/fr\/#website","url":"https:\/\/benetflorentine.agence-etco.dev\/fr\/","name":"Ben &amp; Florentine","description":"Brunch &amp; Breakfast\u200e","publisher":{"@id":"https:\/\/benetflorentine.agence-etco.dev\/fr\/#organization"},"potentialAction":[{"@type":"SearchAction","target":{"@type":"EntryPoint","urlTemplate":"https:\/\/benetflorentine.agence-etco.dev\/fr\/?s={search_term_string}"},"query-input":{"@type":"PropertyValueSpecification","valueRequired":true,"valueName":"search_term_string"}}],"inLanguage":"fr-FR"},{"@type":"Organization","@id":"https:\/\/benetflorentine.agence-etco.dev\/fr\/#organization","name":"Ben &amp; Florentine","url":"https:\/\/benetflorentine.agence-etco.dev\/fr\/","logo":{"@type":"ImageObject","inLanguage":"fr-FR","@id":"https:\/\/benetflorentine.agence-etco.dev\/fr\/#\/schema\/logo\/image\/","url":"https:\/\/benetflorentine.agence-etco.dev\/wp-content\/uploads\/2020\/02\/cropped-benflorentine_logo.png","contentUrl":"https:\/\/benetflorentine.agence-etco.dev\/wp-content\/uploads\/2020\/02\/cropped-benflorentine_logo.png","width":553,"height":206,"caption":"Ben &amp; Florentine"},"image":{"@id":"https:\/\/benetflorentine.agence-etco.dev\/fr\/#\/schema\/logo\/image\/"}}]}},"_links":{"self":[{"href":"https:\/\/benetflorentine.agence-etco.dev\/fr\/wp-json\/wp\/v2\/pages\/55","targetHints":{"allow":["GET"]}}],"collection":[{"href":"https:\/\/benetflorentine.agence-etco.dev\/fr\/wp-json\/wp\/v2\/pages"}],"about":[{"href":"https:\/\/benetflorentine.agence-etco.dev\/fr\/wp-json\/wp\/v2\/types\/page"}],"author":[{"embeddable":true,"href":"https:\/\/benetflorentine.agence-etco.dev\/fr\/wp-json\/wp\/v2\/users\/10"}],"replies":[{"embeddable":true,"href":"https:\/\/benetflorentine.agence-etco.dev\/fr\/wp-json\/wp\/v2\/comments?post=55"}],"version-history":[{"count":34,"href":"https:\/\/benetflorentine.agence-etco.dev\/fr\/wp-json\/wp\/v2\/pages\/55\/revisions"}],"predecessor-version":[{"id":17071,"href":"https:\/\/benetflorentine.agence-etco.dev\/fr\/wp-json\/wp\/v2\/pages\/55\/revisions\/17071"}],"wp:featuredmedia":[{"embeddable":true,"href":"https:\/\/benetflorentine.agence-etco.dev\/fr\/wp-json\/wp\/v2\/media\/6497"}],"wp:attachment":[{"href":"https:\/\/benetflorentine.agence-etco.dev\/fr\/wp-json\/wp\/v2\/media?parent=55"}],"curies":[{"name":"wp","href":"https:\/\/api.w.org\/{rel}","templated":true}]}}